{"id":104,"date":"2013-03-21T16:12:07","date_gmt":"2013-03-21T16:12:07","guid":{"rendered":"http:\/\/www.zszubri.cz\/?page_id=104"},"modified":"2013-07-16T21:04:07","modified_gmt":"2013-07-16T19:04:07","slug":"skolni-klub","status":"publish","type":"page","link":"https:\/\/www.zszubri.cz\/?page_id=104","title":{"rendered":"\u0160KOLN\u00cd KLUB"},"content":{"rendered":"<p><a title=\"SBOR \u0160K\" href=\"http:\/\/www.zszubri.cz\/?page_id=106\">SBOR \u0160K<\/a><\/p>\n<p><a title=\"DOKUMENTY \u0160K\" href=\"http:\/\/www.zszubri.cz\/?page_id=110\">DOKUMENTY \u0160K<\/a><\/p>\n<p><a title=\"AKCE \u0160K\" href=\"http:\/\/www.zszubri.cz\/?page_id=112\">AKCE \u0160K<\/a><\/p>\n<p><a title=\"INFORMACE \u0160K\" href=\"http:\/\/www.zszubri.cz\/?page_id=108\">INFORMACE \u0160K<\/a><\/p>\n","protected":false},"excerpt":{"rendered":"<p>SBOR \u0160K DOKUMENTY \u0160K AKCE \u0160K INFORMACE \u0160K<\/p>\n","protected":false},"author":1,"featured_media":0,"parent":0,"menu_order":0,"comment_status":"closed","ping_status":"closed","template":"","meta":{"ngg_post_thumbnail":0,"footnotes":""},"acf":[],"_links":{"self":[{"href":"https:\/\/www.zszubri.cz\/index.php?rest_route=\/wp\/v2\/pages\/104"}],"collection":[{"href":"https:\/\/www.zszubri.cz\/index.php?rest_route=\/wp\/v2\/pages"}],"about":[{"href":"https:\/\/www.zszubri.cz\/index.php?rest_route=\/wp\/v2\/types\/page"}],"author":[{"embeddable":true,"href":"https:\/\/www.zszubri.cz\/index.php?rest_route=\/wp\/v2\/users\/1"}],"replies":[{"embeddable":true,"href":"https:\/\/www.zszubri.cz\/index.php?rest_route=%2Fwp%2Fv2%2Fcomments&post=104"}],"version-history":[{"count":2,"href":"https:\/\/www.zszubri.cz\/index.php?rest_route=\/wp\/v2\/pages\/104\/revisions"}],"predecessor-version":[{"id":1881,"href":"https:\/\/www.zszubri.cz\/index.php?rest_route=\/wp\/v2\/pages\/104\/revisions\/1881"}],"wp:attachment":[{"href":"https:\/\/www.zszubri.cz\/index.php?rest_route=%2Fwp%2Fv2%2Fmedia&parent=104"}],"curies":[{"name":"wp","href":"https:\/\/api.w.org\/{rel}","templated":true}]}}