{"id":114,"date":"2013-03-21T16:15:01","date_gmt":"2013-03-21T16:15:01","guid":{"rendered":"http:\/\/www.zszubri.cz\/?page_id=114"},"modified":"2025-08-22T18:05:00","modified_gmt":"2025-08-22T16:05:00","slug":"sbor-1-stupen","status":"publish","type":"page","link":"https:\/\/www.zszubri.cz\/?page_id=114","title":{"rendered":"SBOR &#8211; 1. STUPE\u0147"},"content":{"rendered":"<p><em><strong>Person\u00e1ln\u00ed struktura sboru &#8211; I.stupe\u0148<\/strong><\/em><\/p>\n<p>\u0158editel \u0161koly: Mgr.&nbsp; Tom\u00e1\u0161 Rand\u00fdsek<br \/>\nZ\u00e1stupce \u0159editele pro 1. stupe\u0148: Mgr. Svatava Martin\u00e1tov\u00e1<br \/>\nSekret\u00e1\u0159ka: Renata Smol\u00edkov\u00e1<br \/>\nVedouc\u00ed j\u00eddelny: Petra Jan\u00edkov\u00e1<br \/>\n\u0160koln\u00edk: David Ga\u0161par<br \/>\nEkonom: Jake\u0161ov\u00e1 Petra<\/p>\n<p><strong>Pedagogick\u00fd sbor&nbsp; I.stupe\u0148:<\/strong><\/p>\n<p>Dagmar Do\u0159i\u010d\u00e1kov\u00e1<br \/>\nMgr. Lenka Metelov\u00e1<br \/>\nMgr. Ivana Mi\u010dulkov\u00e1<br \/>\nMgr. \u0160\u00e1rka Mikulenkov\u00e1<br \/>\nMgr. Jana Miku\u0161ov\u00e1<br \/>\nMgr. Martina Orl\u00edkov\u00e1<br \/>\nMgr. Petra Ond\u0159ejov\u00e1<br \/>\nMgr. Ema Onderkov\u00e1<br \/>\nMgr. Simona Pal\u00e1tov\u00e1<br \/>\nMgr. Kate\u0159ina P\u0161enicov\u00e1<br \/>\nMgr. Hana \u0160\u00edrov\u00e1<br \/>\nMgr. Hana \u0160ubov\u00e1<br \/>\nMgr. Jana Tydla\u010dkov\u00e1<br \/>\nMgr. Helena Zemanov\u00e1<\/p>\n<p><strong>Vychovatelky \u0161koln\u00ed dru\u017einy:<br \/>\n<\/strong>Lenka Davidov\u00e1 (vedouc\u00ed)<br \/>\nLucie Ga\u0161parov\u00e1<br \/>\nMgr. Dagmar Vr\u00e1tn\u00e1<br \/>\nRadka Kr\u016fpov\u00e1<\/p>\n<p><strong>Asistentka pedagoga :<br \/>\n<\/strong>Radka Kr\u016fpov\u00e1<br \/>\n\u0160\u00e1rka Mi\u010dulkov\u00e1<\/p>\n<p><strong>\u0160koln\u00ed asistenka<\/strong> :<br \/>\n\u0160\u00e1rka Mi\u010dulkov\u00e1<\/p>\n","protected":false},"excerpt":{"rendered":"<p>Person\u00e1ln\u00ed struktura sboru &#8211; I.stupe\u0148 \u0158editel \u0161koly: Mgr.&nbsp; Tom\u00e1\u0161 Rand\u00fdsek Z\u00e1stupce \u0159editele pro 1. stupe\u0148: Mgr. Svatava Martin\u00e1tov\u00e1 Sekret\u00e1\u0159ka: Renata Smol\u00edkov\u00e1 Vedouc\u00ed j\u00eddelny: Petra Jan\u00edkov\u00e1 \u0160koln\u00edk: David Ga\u0161par Ekonom: Jake\u0161ov\u00e1 Petra Pedagogick\u00fd sbor&nbsp; I.stupe\u0148: Dagmar Do\u0159i\u010d\u00e1kov\u00e1 Mgr. Lenka Metelov\u00e1 Mgr. Ivana Mi\u010dulkov\u00e1 Mgr. \u0160\u00e1rka Mikulenkov\u00e1 Mgr. Jana Miku\u0161ov\u00e1 Mgr. Martina Orl\u00edkov\u00e1 Mgr. Petra Ond\u0159ejov\u00e1 Mgr. Ema Onderkov\u00e1 Mgr. Simona Pal\u00e1tov\u00e1 Mgr. Kate\u0159ina P\u0161enicov\u00e1 Mgr. Hana \u0160\u00edrov\u00e1 Mgr. Hana \u0160ubov\u00e1 Mgr. Jana Tydla\u010dkov\u00e1 Mgr. Helena Zemanov\u00e1 Vychovatelky \u0161koln\u00ed dru\u017einy: Lenka Davidov\u00e1 (vedouc\u00ed) Lucie Ga\u0161parov\u00e1 Mgr. Dagmar Vr\u00e1tn\u00e1 Radka Kr\u016fpov\u00e1 Asistentka pedagoga : Radka Kr\u016fpov\u00e1 \u0160\u00e1rka Mi\u010dulkov\u00e1 \u0160koln\u00ed asistenka : \u0160\u00e1rka Mi\u010dulkov\u00e1<\/p>\n","protected":false},"author":1,"featured_media":0,"parent":36,"menu_order":0,"comment_status":"closed","ping_status":"closed","template":"","meta":{"ngg_post_thumbnail":0,"footnotes":""},"acf":[],"_links":{"self":[{"href":"https:\/\/www.zszubri.cz\/index.php?rest_route=\/wp\/v2\/pages\/114"}],"collection":[{"href":"https:\/\/www.zszubri.cz\/index.php?rest_route=\/wp\/v2\/pages"}],"about":[{"href":"https:\/\/www.zszubri.cz\/index.php?rest_route=\/wp\/v2\/types\/page"}],"author":[{"embeddable":true,"href":"https:\/\/www.zszubri.cz\/index.php?rest_route=\/wp\/v2\/users\/1"}],"replies":[{"embeddable":true,"href":"https:\/\/www.zszubri.cz\/index.php?rest_route=%2Fwp%2Fv2%2Fcomments&post=114"}],"version-history":[{"count":31,"href":"https:\/\/www.zszubri.cz\/index.php?rest_route=\/wp\/v2\/pages\/114\/revisions"}],"predecessor-version":[{"id":23499,"href":"https:\/\/www.zszubri.cz\/index.php?rest_route=\/wp\/v2\/pages\/114\/revisions\/23499"}],"up":[{"embeddable":true,"href":"https:\/\/www.zszubri.cz\/index.php?rest_route=\/wp\/v2\/pages\/36"}],"wp:attachment":[{"href":"https:\/\/www.zszubri.cz\/index.php?rest_route=%2Fwp%2Fv2%2Fmedia&parent=114"}],"curies":[{"name":"wp","href":"https:\/\/api.w.org\/{rel}","templated":true}]}}