{"id":134,"date":"2013-03-21T16:18:08","date_gmt":"2013-03-21T16:18:08","guid":{"rendered":"http:\/\/www.zszubri.cz\/?page_id=134"},"modified":"2023-09-20T20:38:12","modified_gmt":"2023-09-20T18:38:12","slug":"skolni-rok","status":"publish","type":"page","link":"https:\/\/www.zszubri.cz\/?page_id=134","title":{"rendered":"\u0160KOLN\u00cd ROK &#8211; PROVOZ"},"content":{"rendered":"<h4>\u0160KOLN\u00cd ROK &#8211; INFORMACE O ORGANIZACI<\/h4>\n<ul>\n<li><a title=\"ORGANIZACE\" href=\"http:\/\/www.zszubri.cz\/?page_id=178\">ORGANIZACE \u0160KOLN\u00cdHO ROKU<\/a><\/li>\n<li><a title=\"RO\u010cN\u00cd PL\u00c1N\" href=\"http:\/\/www.zszubri.cz\/?page_id=180\">RO\u010cN\u00cd PL\u00c1N<\/a><\/li>\n<li><strong><a title=\"ROZVRH\" href=\"http:\/\/www.zszubri.cz\/?page_id=192\">ROZVRH<\/a><\/strong><\/li>\n<li><a title=\"P\u0158EDM\u011aTY\" href=\"http:\/\/www.zszubri.cz\/?page_id=196\">P\u0158EDM\u011aTY<\/a><\/li>\n<li><a title=\"METODICK\u00c1 SDRU\u017dEN\u00cd\" href=\"http:\/\/www.zszubri.cz\/?page_id=202\">METODICK\u00c1 SDRU\u017dEN\u00cd<\/a><\/li>\n<li><a title=\"T\u0158\u00cdDN\u00cd U\u010cITEL\u00c9\" href=\"http:\/\/www.zszubri.cz\/?page_id=194\"><strong>T\u0158\u00cdDN\u00cd U\u010cITEL\u00c9<\/strong><\/a><\/li>\n<li><a title=\"T\u0158\u00cdDY\" href=\"http:\/\/www.zszubri.cz\/?page_id=200\">T\u0158\u00cdDY<\/a><\/li>\n<li><a title=\"T\u0158\u00cdDN\u00cd SCH\u016eZKY\" href=\"http:\/\/www.zszubri.cz\/?page_id=186\">T\u0158\u00cdDN\u00cd SCH\u016eZKY<\/a><\/li>\n<li><a title=\"PR\u00c1ZDNINY\" href=\"http:\/\/www.zszubri.cz\/?page_id=190\"><strong>PR\u00c1ZDNINY<\/strong><\/a><\/li>\n<li><a title=\"\u017d\u00c1KOVSK\u00c1 SAMOSPR\u00c1VA\" href=\"http:\/\/www.zszubri.cz\/?page_id=184\">\u017d\u00c1KOVSK\u00c1 SAMOSPR\u00c1VA<\/a><\/li>\n<li><a title=\"ZVON\u011aN\u00cd\" href=\"http:\/\/www.zszubri.cz\/?page_id=198\">ZVON\u011aN\u00cd<\/a><\/li>\n<\/ul>\n<hr>\n<h4>PROVOZ \u0160KOLY<\/h4>\n<ul>\n<li><a title=\"PROJEKTY\" href=\"http:\/\/www.zszubri.cz\/?page_id=142\">PROJEKTY<\/a><\/li>\n<li><a title=\"E-LEARNING\" href=\"http:\/\/www.zszubri.cz\/?page_id=146\">E-LEARNING<\/a><\/li>\n<li><a href=\"https:\/\/www.zszubri.cz\/?page_id=150\"><strong>E-OMLUVENKA<\/strong><\/a><\/li>\n<li><a href=\"https:\/\/www.zszubri.cz\/?page_id=188\"><strong>SUPLOV\u00c1N\u00cd<\/strong><\/a><\/li>\n<li><a title=\"M\u011aS\u00cd\u010cN\u00cd PL\u00c1N\" href=\"http:\/\/www.zszubri.cz\/?page_id=3426\">M\u011aS\u00cd\u010cN\u00cd PL\u00c1N<\/a><\/li>\n<\/ul>\n","protected":false},"excerpt":{"rendered":"<p>\u0160KOLN\u00cd ROK &#8211; INFORMACE O ORGANIZACI ORGANIZACE \u0160KOLN\u00cdHO ROKU RO\u010cN\u00cd PL\u00c1N ROZVRH P\u0158EDM\u011aTY METODICK\u00c1 SDRU\u017dEN\u00cd T\u0158\u00cdDN\u00cd U\u010cITEL\u00c9 T\u0158\u00cdDY T\u0158\u00cdDN\u00cd SCH\u016eZKY PR\u00c1ZDNINY \u017d\u00c1KOVSK\u00c1 SAMOSPR\u00c1VA ZVON\u011aN\u00cd PROVOZ \u0160KOLY PROJEKTY E-LEARNING E-OMLUVENKA SUPLOV\u00c1N\u00cd M\u011aS\u00cd\u010cN\u00cd PL\u00c1N<\/p>\n","protected":false},"author":1,"featured_media":0,"parent":0,"menu_order":0,"comment_status":"closed","ping_status":"closed","template":"","meta":{"ngg_post_thumbnail":0,"footnotes":""},"acf":[],"_links":{"self":[{"href":"https:\/\/www.zszubri.cz\/index.php?rest_route=\/wp\/v2\/pages\/134"}],"collection":[{"href":"https:\/\/www.zszubri.cz\/index.php?rest_route=\/wp\/v2\/pages"}],"about":[{"href":"https:\/\/www.zszubri.cz\/index.php?rest_route=\/wp\/v2\/types\/page"}],"author":[{"embeddable":true,"href":"https:\/\/www.zszubri.cz\/index.php?rest_route=\/wp\/v2\/users\/1"}],"replies":[{"embeddable":true,"href":"https:\/\/www.zszubri.cz\/index.php?rest_route=%2Fwp%2Fv2%2Fcomments&post=134"}],"version-history":[{"count":7,"href":"https:\/\/www.zszubri.cz\/index.php?rest_route=\/wp\/v2\/pages\/134\/revisions"}],"predecessor-version":[{"id":21383,"href":"https:\/\/www.zszubri.cz\/index.php?rest_route=\/wp\/v2\/pages\/134\/revisions\/21383"}],"wp:attachment":[{"href":"https:\/\/www.zszubri.cz\/index.php?rest_route=%2Fwp%2Fv2%2Fmedia&parent=134"}],"curies":[{"name":"wp","href":"https:\/\/api.w.org\/{rel}","templated":true}]}}