{"id":140,"date":"2013-03-21T16:19:13","date_gmt":"2013-03-21T15:19:13","guid":{"rendered":"http:\/\/www.zszubri.cz\/?page_id=140"},"modified":"2024-08-15T22:52:53","modified_gmt":"2024-08-15T20:52:53","slug":"kontakt","status":"publish","type":"page","link":"https:\/\/www.zszubri.cz\/?page_id=140","title":{"rendered":"KONTAKT"},"content":{"rendered":"<p>Z\u00e1kladn\u00ed \u0161kola Zub\u0159\u00ed, okres Vset\u00edn<br \/>\nHlavn\u00ed 70<br \/>\n756 54 ZUB\u0158\u00cd<\/p>\n<p>e-mail: zszubri@ro.inext.cz<br \/>\n<a href=\"http:\/\/www.zszubri.cz\">http:\/\/www.zszubri.cz<\/a><br \/>\ntel\/fax: 571 658 920<\/p>\n<p>ID datov\u00e9 schr\u00e1nky: u3u3eic<\/p>\n<p>I\u010cO: 70874603<br \/>\nIZO: 102 780 269<br \/>\nREDIZO: 600 150 089<\/p>\n<p>\u0158editel \u0161koly: Mgr.&nbsp; Tom\u00e1\u0161 Rand\u00fdsek &#8211; tel.: 571 757 212<br \/>\nkonzulta\u010dn\u00ed hodiny : pond\u011bl\u00ed v\u017edy po p\u0159edchoz\u00ed dohod\u011b<\/p>\n<p>sekretari\u00e1t: Renata Smol\u00edkov\u00e1 &#8211; tel.: 571 658 920, 571 757 211<br \/>\n\u00fa\u0159edn\u00ed hodiny : Pond\u011bl\u00ed &#8211; P\u00e1tek 7.30 &#8211; 13.00 hod.<\/p>\n<hr>\n<h4><a href=\"https:\/\/www.zszubri.cz\/?page_id=14219\">kontaktn\u00ed \u00fadaje Office 365 Z\u0160 Zub\u0159\u00ed &#8211; zam\u011bstnanci<\/a><\/h4>\n<p><strong>konzulta\u010dn\u00ed hodiny \u0158\u0160 &#8211; VP &#8211; MPP : &nbsp;<\/strong><a href=\"https:\/\/www.zszubri.cz\/?page_id=21286\">KONZULTA\u010cN\u00cd HODINY PRO AKTU\u00c1LN\u00cd \u0160KOLN\u00cd ROK <\/a><\/p>\n<hr>\n<p><a href=\"http:\/\/www.zszubri.cz\/wp-content\/uploads\/2013\/03\/qrcode_zszubri.jpg\"><img decoding=\"async\" loading=\"lazy\" class=\"alignnone size-full wp-image-3906\" src=\"http:\/\/www.zszubri.cz\/wp-content\/uploads\/2013\/03\/qrcode_zszubri.jpg\" alt=\"qrcode_zszubri\" width=\"261\" height=\"261\" srcset=\"https:\/\/www.zszubri.cz\/wp-content\/uploads\/2013\/03\/qrcode_zszubri.jpg 261w, https:\/\/www.zszubri.cz\/wp-content\/uploads\/2013\/03\/qrcode_zszubri-150x150.jpg 150w\" sizes=\"(max-width: 261px) 100vw, 261px\" \/><\/a><\/p>\n","protected":false},"excerpt":{"rendered":"<p>Z\u00e1kladn\u00ed \u0161kola Zub\u0159\u00ed, okres Vset\u00edn Hlavn\u00ed 70 756 54 ZUB\u0158\u00cd e-mail: zszubri@ro.inext.cz http:\/\/www.zszubri.cz tel\/fax: 571 658 920 ID datov\u00e9 schr\u00e1nky: u3u3eic I\u010cO: 70874603 IZO: 102 780 269 REDIZO: 600 150 089 \u0158editel \u0161koly: Mgr.&nbsp; Tom\u00e1\u0161 Rand\u00fdsek &#8211; tel.: 571 757 212 konzulta\u010dn\u00ed hodiny : pond\u011bl\u00ed v\u017edy po p\u0159edchoz\u00ed dohod\u011b sekretari\u00e1t: Renata Smol\u00edkov\u00e1 &#8211; tel.: 571 658 920, 571 757 211 \u00fa\u0159edn\u00ed hodiny : Pond\u011bl\u00ed &#8211; P\u00e1tek 7.30 &#8211; 13.00 hod. kontaktn\u00ed \u00fadaje Office 365 Z\u0160 Zub\u0159\u00ed &#8211; zam\u011bstnanci konzulta\u010dn\u00ed hodiny \u0158\u0160 &#8211; VP &#8211; MPP : &nbsp;KONZULTA\u010cN\u00cd HODINY PRO AKTU\u00c1LN\u00cd \u0160KOLN\u00cd ROK<\/p>\n","protected":false},"author":1,"featured_media":0,"parent":0,"menu_order":0,"comment_status":"closed","ping_status":"closed","template":"","meta":{"ngg_post_thumbnail":0,"footnotes":""},"acf":[],"_links":{"self":[{"href":"https:\/\/www.zszubri.cz\/index.php?rest_route=\/wp\/v2\/pages\/140"}],"collection":[{"href":"https:\/\/www.zszubri.cz\/index.php?rest_route=\/wp\/v2\/pages"}],"about":[{"href":"https:\/\/www.zszubri.cz\/index.php?rest_route=\/wp\/v2\/types\/page"}],"author":[{"embeddable":true,"href":"https:\/\/www.zszubri.cz\/index.php?rest_route=\/wp\/v2\/users\/1"}],"replies":[{"embeddable":true,"href":"https:\/\/www.zszubri.cz\/index.php?rest_route=%2Fwp%2Fv2%2Fcomments&post=140"}],"version-history":[{"count":33,"href":"https:\/\/www.zszubri.cz\/index.php?rest_route=\/wp\/v2\/pages\/140\/revisions"}],"predecessor-version":[{"id":21289,"href":"https:\/\/www.zszubri.cz\/index.php?rest_route=\/wp\/v2\/pages\/140\/revisions\/21289"}],"wp:attachment":[{"href":"https:\/\/www.zszubri.cz\/index.php?rest_route=%2Fwp%2Fv2%2Fmedia&parent=140"}],"curies":[{"name":"wp","href":"https:\/\/api.w.org\/{rel}","templated":true}]}}