{"id":148,"date":"2013-03-21T16:26:20","date_gmt":"2013-03-21T16:26:20","guid":{"rendered":"http:\/\/www.zszubri.cz\/?page_id=148"},"modified":"2013-07-16T21:04:31","modified_gmt":"2013-07-16T19:04:31","slug":"opvkeu","status":"publish","type":"page","link":"https:\/\/www.zszubri.cz\/?page_id=148","title":{"rendered":"OPVKEU"},"content":{"rendered":"<p>EU PEN\u00cdZE DO \u0160KOL &#8211; Z\u0160 ZUB\u0158\u00cd 2010-2013<\/p>\n<p>Z\u00e1kladn\u00ed \u0161kola Zub\u0159\u00ed je ve sv\u011bt\u011b dota\u010dn\u00edch titul\u016f dlouhodob\u011b \u00fasp\u011b\u0161n\u00e1 a tud\u00ed\u017e i zku\u0161en\u00e1 a proto nev\u00e1hala s p\u0159ihl\u00e1\u0161kou do dota\u010dn\u00edho titulu M\u0160MT &#8222;EU Pen\u00edze do \u0161kol&#8220;. Po d\u016fkladn\u00e9 organiza\u010dn\u00ed a strategick\u00e9 rozvaze v kv\u011btnu 2010 do\u0161lo na p\u0159\u00edpravn\u00e9 a legislativn\u00ed pr\u00e1ce, kter\u00e9 vyvrcholily akceptac\u00ed smlouvy a p\u0159ijet\u00edm na\u0161\u00ed \u017e\u00e1dosti s t\u00edm, \u017ee \u0161kole bude poskytnuto na rozvoj v r\u00e1mci projektu 2 058 610 K\u010d, p\u0159i\u010dem\u017e 60 procent t\u00e9to \u010d\u00e1stky m\u00e1 k 1.1.2011 ji\u017e \u0161kola na \u00fa\u010dt\u011b, zbyl\u00e1 \u010d\u00e1st bude zasl\u00e1na a\u017e v ur\u010dit\u00e9m st\u00e1diu projektu pozd\u011bji. Otev\u00edr\u00e1 se j\u00ed tak cesta \u0159\u00edzenou a koncep\u010dn\u00ed formou modernizovat v\u00fduku v postupech, vybaven\u00ed i v\u00fdstupech, individualizovat p\u0159\u00edstup k \u017e\u00e1k\u016fm, podpo\u0159it dal\u0161\u00ed vzd\u011bl\u00e1n\u00ed pedagog\u016f. To v\u0161e bude realizov\u00e1no formou dop\u0148kov\u00e9 v\u00fduky \u010di pedagogy nov\u011b vytvo\u0159en\u00fdmi u\u010debn\u00edmi materi\u00e1ly. \u010dasov\u00fd rozsah v\u00fdukov\u00e9 \u010d\u00e1sti projektu je od ledna 2011 do prosince 2012 s organiza\u010dn\u011b-realiza\u010dn\u00edm p\u0159esahem maxim\u00e1ln\u011b do kv\u011btna 2013 (celkem 30 m\u011bs\u00edc\u016f). Veden\u00ed \u0161koly podporuje v\u0161echny tyto aktivity, kter\u00e9 nepochybn\u011b vedou k rozvoji \u0161koln\u00edho klimatu a portfolia. Z\u00e1rove\u0148 si vyt\u00fd\u010dilo c\u00edl, \u017ee tyto aktivity ve sv\u00e9 implementaci nenaru\u0161\u00ed zvl\u00e1\u0161tn\u00edm zp\u016fsobem chod a organizaci \u0161koly.<\/p>\n<ul>\n<li><a title=\"OPVKEU \u2013 PODPORA\" href=\"http:\/\/www.zszubri.cz\/?page_id=613\">PODPORA PR\u016eB\u011aHU PROJEKTU<\/a><\/li>\n<li><a title=\"OPVKEU \u2013 V\u00ddUKOV\u00c9 MATERI\u00c1LY\" href=\"http:\/\/www.zszubri.cz\/?page_id=615\">V\u00ddUKOV\u00c9 MATERI\u00c1LY PRO \u017d\u00c1KY<\/a><\/li>\n<li><a title=\"OPVKEU \u2013 ZDROJE \u2013 LEGISLATIVA\" href=\"http:\/\/www.zszubri.cz\/?page_id=617\">ZDROJ &#8211; LEGISLATIVA<\/a><\/li>\n<li><a title=\"OPVKEU \u2013 V\u00ddB\u011aROV\u00c1 \u0158\u00cdZEN\u00cd\" href=\"http:\/\/www.zszubri.cz\/?page_id=619\">V\u00ddB\u011aROV\u00c9 \u0158\u00cdZEN\u00cd<\/a><\/li>\n<li><a title=\"OPVKEU  \u2013 AKCE PROJEKTU\" href=\"http:\/\/www.zszubri.cz\/?page_id=621\">AKCE PROJEKTU<\/a><\/li>\n<\/ul>\n<p><a href=\"http:\/\/www.zszubri.cz\/?attachment_id=584\" rel=\"attachment wp-att-584\"><img decoding=\"async\" loading=\"lazy\" class=\"aligncenter size-full wp-image-584\" alt=\"index_clip_image002\" src=\"http:\/\/www.zszubri.cz\/wp-content\/uploads\/2013\/03\/index_clip_image002.gif\" width=\"276\" height=\"60\" \/><\/a><\/p>\n","protected":false},"excerpt":{"rendered":"<p>EU PEN\u00cdZE DO \u0160KOL &#8211; Z\u0160 ZUB\u0158\u00cd 2010-2013 Z\u00e1kladn\u00ed \u0161kola Zub\u0159\u00ed je ve sv\u011bt\u011b dota\u010dn\u00edch titul\u016f dlouhodob\u011b \u00fasp\u011b\u0161n\u00e1 a tud\u00ed\u017e i zku\u0161en\u00e1 a proto nev\u00e1hala s p\u0159ihl\u00e1\u0161kou do dota\u010dn\u00edho titulu M\u0160MT &#8222;EU Pen\u00edze do \u0161kol&#8220;. Po d\u016fkladn\u00e9 organiza\u010dn\u00ed a strategick\u00e9 rozvaze v kv\u011btnu 2010 do\u0161lo na p\u0159\u00edpravn\u00e9 a legislativn\u00ed pr\u00e1ce, kter\u00e9 vyvrcholily akceptac\u00ed smlouvy a p\u0159ijet\u00edm na\u0161\u00ed \u017e\u00e1dosti s t\u00edm, \u017ee \u0161kole bude poskytnuto na rozvoj v r\u00e1mci projektu 2 058 610 K\u010d, p\u0159i\u010dem\u017e 60 procent t\u00e9to \u010d\u00e1stky m\u00e1 k 1.1.2011 ji\u017e \u0161kola na \u00fa\u010dt\u011b, zbyl\u00e1 \u010d\u00e1st bude zasl\u00e1na a\u017e v ur\u010dit\u00e9m st\u00e1diu projektu pozd\u011bji. Otev\u00edr\u00e1 se j\u00ed tak cesta \u0159\u00edzenou a koncep\u010dn\u00ed formou modernizovat v\u00fduku v postupech, vybaven\u00ed i v\u00fdstupech, individualizovat p\u0159\u00edstup k \u017e\u00e1k\u016fm, podpo\u0159it dal\u0161\u00ed vzd\u011bl\u00e1n\u00ed pedagog\u016f. To v\u0161e bude realizov\u00e1no formou dop\u0148kov\u00e9 v\u00fduky \u010di pedagogy nov\u011b vytvo\u0159en\u00fdmi u\u010debn\u00edmi materi\u00e1ly. \u010dasov\u00fd rozsah v\u00fdukov\u00e9 \u010d\u00e1sti projektu je od ledna 2011 do prosince 2012 s organiza\u010dn\u011b-realiza\u010dn\u00edm p\u0159esahem maxim\u00e1ln\u011b do kv\u011btna 2013 (celkem 30 m\u011bs\u00edc\u016f). Veden\u00ed \u0161koly podporuje v\u0161echny tyto aktivity, kter\u00e9 nepochybn\u011b vedou k rozvoji \u0161koln\u00edho klimatu a portfolia. Z\u00e1rove\u0148 si vyt\u00fd\u010dilo c\u00edl, \u017ee tyto aktivity ve sv\u00e9 implementaci nenaru\u0161\u00ed zvl\u00e1\u0161tn\u00edm zp\u016fsobem chod a organizaci \u0161koly. PODPORA PR\u016eB\u011aHU PROJEKTU V\u00ddUKOV\u00c9 MATERI\u00c1LY PRO \u017d\u00c1KY ZDROJ &#8211; LEGISLATIVA V\u00ddB\u011aROV\u00c9 \u0158\u00cdZEN\u00cd AKCE PROJEKTU<\/p>\n","protected":false},"author":1,"featured_media":0,"parent":132,"menu_order":0,"comment_status":"closed","ping_status":"closed","template":"page-template-full.php","meta":{"ngg_post_thumbnail":0,"footnotes":""},"acf":[],"_links":{"self":[{"href":"https:\/\/www.zszubri.cz\/index.php?rest_route=\/wp\/v2\/pages\/148"}],"collection":[{"href":"https:\/\/www.zszubri.cz\/index.php?rest_route=\/wp\/v2\/pages"}],"about":[{"href":"https:\/\/www.zszubri.cz\/index.php?rest_route=\/wp\/v2\/types\/page"}],"author":[{"embeddable":true,"href":"https:\/\/www.zszubri.cz\/index.php?rest_route=\/wp\/v2\/users\/1"}],"replies":[{"embeddable":true,"href":"https:\/\/www.zszubri.cz\/index.php?rest_route=%2Fwp%2Fv2%2Fcomments&post=148"}],"version-history":[{"count":2,"href":"https:\/\/www.zszubri.cz\/index.php?rest_route=\/wp\/v2\/pages\/148\/revisions"}],"predecessor-version":[{"id":1904,"href":"https:\/\/www.zszubri.cz\/index.php?rest_route=\/wp\/v2\/pages\/148\/revisions\/1904"}],"up":[{"embeddable":true,"href":"https:\/\/www.zszubri.cz\/index.php?rest_route=\/wp\/v2\/pages\/132"}],"wp:attachment":[{"href":"https:\/\/www.zszubri.cz\/index.php?rest_route=%2Fwp%2Fv2%2Fmedia&parent=148"}],"curies":[{"name":"wp","href":"https:\/\/api.w.org\/{rel}","templated":true}]}}