{"id":168,"date":"2013-03-21T16:34:04","date_gmt":"2013-03-21T16:34:04","guid":{"rendered":"http:\/\/www.zszubri.cz\/?page_id=168"},"modified":"2020-08-05T17:56:43","modified_gmt":"2020-08-05T15:56:43","slug":"studijni-dokumenty","status":"publish","type":"page","link":"https:\/\/www.zszubri.cz\/?page_id=168","title":{"rendered":"STUDIJN\u00cd DOKUMENTY"},"content":{"rendered":"<ul>\n<li><a href=\"http:\/\/www.scio.cz\" target=\"_blank\" rel=\"noopener noreferrer\">Testy SCIO<\/a><\/li>\n<li><a href=\"http:\/\/www.cermat.cz\" target=\"_blank\" rel=\"noopener noreferrer\">Testy CERMAT<\/a><\/li>\n<li><a href=\"https:\/\/www.csicr.cz\/cz\/Informacni-systemy-QL\/Informacni-systemy\">Informa\u010dn\u00ed syst\u00e9m INSPIS \u010c\u0160I<\/a><\/li>\n<li><a href=\"https:\/\/www.zszubri.cz\/moodle\/\" target=\"_blank\" rel=\"noopener noreferrer\">Testov\u00e9 ot\u00e1zky \u2013 MOODLE Z\u0160 ZUB\u0158\u00cd<\/a><\/li>\n<li>NAS Z\u0160 Zub\u0159\u00ed&nbsp; <a title=\"NAS ZSZUBRI\" href=\"https:\/\/213.194.221.67:5001\/webman\/index.cgi\" target=\"_blank\" rel=\"noopener noreferrer\"> v\u00fdukov\u00e9 materi\u00e1ly \u0161koly<\/a><\/li>\n<\/ul>\n<hr>\n<ul>\n<li><a href=\"http:\/\/www.csicr.cz\/cz\/Informacni-systemy-QL\/Informacni-systemy\" target=\"_blank\" rel=\"noopener noreferrer\">Informa\u010dn\u00ed syst\u00e9m, testov\u00e1n\u00ed a e-learning \u010c\u0160I <\/a><\/li>\n<li><a href=\"https:\/\/aplikace.dmsoftware.cz\/SOL\/Prihlaseni.aspx?ReturnUrl=%2fSOL%2fApp%2fDefault.aspx\" target=\"_blank\" rel=\"noopener noreferrer\">Informa\u010dn\u00ed syst\u00e9m \u2013 DMSOFTWARE<\/a><\/li>\n<li><a href=\"https:\/\/www.zszubri.cz\/?p=9433\">vzd\u00e1len\u00e1 v\u00fduka \u2013 karant\u00e9na<\/a><\/li>\n<li><a href=\"https:\/\/login.microsoftonline.com\/\" target=\"_blank\" rel=\"noopener noreferrer\">Office 365 \u2013 login<\/a><\/li>\n<\/ul>\n","protected":false},"excerpt":{"rendered":"<p>Testy SCIO Testy CERMAT Informa\u010dn\u00ed syst\u00e9m INSPIS \u010c\u0160I Testov\u00e9 ot\u00e1zky \u2013 MOODLE Z\u0160 ZUB\u0158\u00cd NAS Z\u0160 Zub\u0159\u00ed&nbsp; v\u00fdukov\u00e9 materi\u00e1ly \u0161koly Informa\u010dn\u00ed syst\u00e9m, testov\u00e1n\u00ed a e-learning \u010c\u0160I Informa\u010dn\u00ed syst\u00e9m \u2013 DMSOFTWARE vzd\u00e1len\u00e1 v\u00fduka \u2013 karant\u00e9na Office 365 \u2013 login<\/p>\n","protected":false},"author":1,"featured_media":0,"parent":136,"menu_order":0,"comment_status":"closed","ping_status":"closed","template":"","meta":{"ngg_post_thumbnail":0,"footnotes":""},"acf":[],"_links":{"self":[{"href":"https:\/\/www.zszubri.cz\/index.php?rest_route=\/wp\/v2\/pages\/168"}],"collection":[{"href":"https:\/\/www.zszubri.cz\/index.php?rest_route=\/wp\/v2\/pages"}],"about":[{"href":"https:\/\/www.zszubri.cz\/index.php?rest_route=\/wp\/v2\/types\/page"}],"author":[{"embeddable":true,"href":"https:\/\/www.zszubri.cz\/index.php?rest_route=\/wp\/v2\/users\/1"}],"replies":[{"embeddable":true,"href":"https:\/\/www.zszubri.cz\/index.php?rest_route=%2Fwp%2Fv2%2Fcomments&post=168"}],"version-history":[{"count":7,"href":"https:\/\/www.zszubri.cz\/index.php?rest_route=\/wp\/v2\/pages\/168\/revisions"}],"predecessor-version":[{"id":17408,"href":"https:\/\/www.zszubri.cz\/index.php?rest_route=\/wp\/v2\/pages\/168\/revisions\/17408"}],"up":[{"embeddable":true,"href":"https:\/\/www.zszubri.cz\/index.php?rest_route=\/wp\/v2\/pages\/136"}],"wp:attachment":[{"href":"https:\/\/www.zszubri.cz\/index.php?rest_route=%2Fwp%2Fv2%2Fmedia&parent=168"}],"curies":[{"name":"wp","href":"https:\/\/api.w.org\/{rel}","templated":true}]}}