{"id":184,"date":"2013-03-21T16:39:57","date_gmt":"2013-03-21T16:39:57","guid":{"rendered":"http:\/\/www.zszubri.cz\/?page_id=184"},"modified":"2024-08-15T23:08:49","modified_gmt":"2024-08-15T21:08:49","slug":"zakovska-samosprava","status":"publish","type":"page","link":"https:\/\/www.zszubri.cz\/?page_id=184","title":{"rendered":"\u017d\u00c1KOVSK\u00c1 SAMOSPR\u00c1VA"},"content":{"rendered":"<hr>\n<ul>\n<li>6.A&nbsp;<\/li>\n<li>6.B<\/li>\n<li>6.C<\/li>\n<li>7.A<\/li>\n<li>7.B<\/li>\n<li>7.C<\/li>\n<li>8.A<\/li>\n<li>8.B<\/li>\n<li>9.A<\/li>\n<li>9.B<\/li>\n<\/ul>\n<p>C\u00edlem \u017e\u00e1kovsk\u00e9 samospr\u00e1vy je :<\/p>\n<ul>\n<li>&nbsp;&nbsp;&nbsp; spolu\u00fa\u010dast \u017e\u00e1k\u016f na \u0159\u00edzen\u00ed \u0161koly<\/li>\n<li>&nbsp;&nbsp;&nbsp; zlep\u0161en\u00ed komunikace veden\u00ed \u0161koly &#8211; \u017e\u00e1ci<\/li>\n<li>&nbsp;&nbsp;&nbsp; aktivn\u00ed spolupr\u00e1ce v oblasti \u017eivotn\u00edho a pracovn\u00edho prost\u0159ed\u00ed<\/li>\n<li>&nbsp;&nbsp;&nbsp; \u0159e\u0161en\u00ed opr\u00e1vn\u011bn\u00fdch p\u0159ipom\u00ednek \u017e\u00e1k\u016f<\/li>\n<\/ul>\n<p>Koordin\u00e1tor pro ot\u00e1zky \u017e\u00e1kovsk\u00e9 samospr\u00e1vy je Mgr. Ond\u0159ej Cab\u00e1k.<\/p>\n","protected":false},"excerpt":{"rendered":"<p>6.A&nbsp; 6.B 6.C 7.A 7.B 7.C 8.A 8.B 9.A 9.B C\u00edlem \u017e\u00e1kovsk\u00e9 samospr\u00e1vy je : &nbsp;&nbsp;&nbsp; spolu\u00fa\u010dast \u017e\u00e1k\u016f na \u0159\u00edzen\u00ed \u0161koly &nbsp;&nbsp;&nbsp; zlep\u0161en\u00ed komunikace veden\u00ed \u0161koly &#8211; \u017e\u00e1ci &nbsp;&nbsp;&nbsp; aktivn\u00ed spolupr\u00e1ce v oblasti \u017eivotn\u00edho a pracovn\u00edho prost\u0159ed\u00ed &nbsp;&nbsp;&nbsp; \u0159e\u0161en\u00ed opr\u00e1vn\u011bn\u00fdch p\u0159ipom\u00ednek \u017e\u00e1k\u016f Koordin\u00e1tor pro ot\u00e1zky \u017e\u00e1kovsk\u00e9 samospr\u00e1vy je Mgr. Ond\u0159ej Cab\u00e1k.<\/p>\n","protected":false},"author":1,"featured_media":0,"parent":134,"menu_order":0,"comment_status":"closed","ping_status":"closed","template":"","meta":{"ngg_post_thumbnail":0,"footnotes":""},"acf":[],"_links":{"self":[{"href":"https:\/\/www.zszubri.cz\/index.php?rest_route=\/wp\/v2\/pages\/184"}],"collection":[{"href":"https:\/\/www.zszubri.cz\/index.php?rest_route=\/wp\/v2\/pages"}],"about":[{"href":"https:\/\/www.zszubri.cz\/index.php?rest_route=\/wp\/v2\/types\/page"}],"author":[{"embeddable":true,"href":"https:\/\/www.zszubri.cz\/index.php?rest_route=\/wp\/v2\/users\/1"}],"replies":[{"embeddable":true,"href":"https:\/\/www.zszubri.cz\/index.php?rest_route=%2Fwp%2Fv2%2Fcomments&post=184"}],"version-history":[{"count":14,"href":"https:\/\/www.zszubri.cz\/index.php?rest_route=\/wp\/v2\/pages\/184\/revisions"}],"predecessor-version":[{"id":22352,"href":"https:\/\/www.zszubri.cz\/index.php?rest_route=\/wp\/v2\/pages\/184\/revisions\/22352"}],"up":[{"embeddable":true,"href":"https:\/\/www.zszubri.cz\/index.php?rest_route=\/wp\/v2\/pages\/134"}],"wp:attachment":[{"href":"https:\/\/www.zszubri.cz\/index.php?rest_route=%2Fwp%2Fv2%2Fmedia&parent=184"}],"curies":[{"name":"wp","href":"https:\/\/api.w.org\/{rel}","templated":true}]}}