{"id":18576,"date":"2021-08-08T17:44:20","date_gmt":"2021-08-08T15:44:20","guid":{"rendered":"https:\/\/www.zszubri.cz\/?page_id=18576"},"modified":"2021-08-08T17:56:47","modified_gmt":"2021-08-08T15:56:47","slug":"vyukove-a-instruktazni-zdroje-pro-uzivatele","status":"publish","type":"page","link":"https:\/\/www.zszubri.cz\/?page_id=18576","title":{"rendered":"V\u00fdukov\u00e9 a instrukt\u00e1\u017en\u00ed zdroje pro u\u017eivatele:"},"content":{"rendered":"\n<div class=\"entry-content\"><strong>Office365&nbsp; :<\/strong>\n<p><a href=\"https:\/\/support.microsoft.com\/cs-cz\/office\/%C3%BAvodn%C3%AD-p%C5%99%C3%ADru%C4%8Dky-k-office-25f909da-3e76-443d-94f4-6cdf7dedc51e\">odkaz na podporu \u2013 videa p\u0159\u00edru\u010dky<\/a><\/p>\n<p>&nbsp;<\/p>\n<ul>\n<li><strong>Outlook<\/strong><\/li>\n<\/ul>\n<p><a href=\"http:\/\/www.zszubri.cz\/wp-content\/uploads\/2020\/10\/OUTLOOK-2016-QUICK-START-GUIDE.pdf\">Jednoduch\u00e1 p\u0159\u00edru\u010dka Outlook<\/a><\/p>\n<div id=\"ID0EAABAAA-supTabControlContent-1\" class=\"supTabControlTabContent \">\n<p><a class=\"ocpArticleLink\" href=\"https:\/\/support.microsoft.com\/cs-cz\/office\/vytvo\u0159en\u00ed-e-mailov\u00e9-zpr\u00e1vy-147208af-ca8e-4cdf-b71f-77ba81a54069\">Vytvo\u0159en\u00ed e-mailov\u00e9 zpr\u00e1vy<\/a><\/p>\n<p><a class=\"ocpArticleLink\" href=\"https:\/\/support.microsoft.com\/cs-cz\/office\/p\u0159ipojen\u00ed-soubor\u016f-a-vkl\u00e1d\u00e1n\u00ed-obr\u00e1zk\u016f-do-e-mailov\u00fdch-zpr\u00e1v-v-outlooku-bdfafef5-792a-42b1-9a7b-84512d7de7fc\">P\u0159ipojen\u00ed zpr\u00e1vy, kontaktu, souboru nebo \u00fakolu k e-mailov\u00e9 zpr\u00e1v\u011b<\/a><\/p>\n<p><a class=\"ocpArticleLink\" href=\"https:\/\/support.microsoft.com\/cs-cz\/office\/p\u0159id\u00e1n\u00ed-grafiky-do-zpr\u00e1v-v-outlooku-114bb251-861f-41cd-b20f-7e7289630c5b\">P\u0159id\u00e1n\u00ed grafiky do zpr\u00e1v<\/a><\/p>\n<p><a class=\"ocpArticleLink\" href=\"https:\/\/support.microsoft.com\/cs-cz\/office\/zmen\u0161en\u00ed-velikosti-obr\u00e1zk\u016f-a-p\u0159\u00edloh-v-outlookov\u00fdch-e-mailov\u00fdch-zpr\u00e1v\u00e1ch-d0b6b6bf-3b08-4dad-a01c-533719d1c005\">Zmen\u0161en\u00ed velikosti obr\u00e1zk\u016f a p\u0159\u00edloh<\/a><\/p>\n<p><a class=\"ocpArticleLink\" href=\"https:\/\/support.microsoft.com\/cs-cz\/office\/p\u0159id\u00e1n\u00ed-tabulky-do-zpr\u00e1vy-59766ab4-0fe5-4520-ba0b-e34f8b8cd025\">P\u0159id\u00e1n\u00ed tabulky do zpr\u00e1vy<\/a><\/p>\n<p><a class=\"ocpArticleLink\" href=\"https:\/\/support.microsoft.com\/cs-cz\/office\/p\u0159id\u00e1n\u00ed-a-po\u017eadov\u00e1n\u00ed-potvrzen\u00ed-o-p\u0159e\u010dten\u00ed-a-ozn\u00e1men\u00ed-o-doru\u010den\u00ed-a34bf70a-4c2c-4461-b2a1-12e4a7a92141\">P\u0159id\u00e1n\u00ed a po\u017eadov\u00e1n\u00ed potvrzen\u00ed o p\u0159e\u010dten\u00ed a ozn\u00e1men\u00ed o doru\u010den\u00ed<\/a><\/p>\n<p><a class=\"ocpArticleLink\" href=\"https:\/\/support.microsoft.com\/cs-cz\/office\/sledov\u00e1n\u00ed-e-mailov\u00fdch-zpr\u00e1v-p\u0159id\u00e1n\u00edm-potvrzen\u00ed-o-doru\u010den\u00ed-69cd1b39-2300-482d-96c6-22e2f4a96848\">P\u0159id\u00e1n\u00ed sledov\u00e1n\u00ed k e-mailov\u00fdm zpr\u00e1v\u00e1m<\/a><\/p>\n<p class=\"\"><a class=\"ocpArticleLink\" href=\"https:\/\/support.microsoft.com\/cs-cz\/office\/odpov\u011b\u010f-na-e-mailovou-zpr\u00e1vu-nebo-p\u0159ed\u00e1n\u00ed-zpr\u00e1vy-d\u00e1l-a843f8d3-01b0-48da-96f5-a71f70d0d7c8\">Odpov\u011b\u010f na e-mailovou zpr\u00e1vu nebo p\u0159eposl\u00e1n\u00ed zpr\u00e1vy d\u00e1l<\/a><\/p>\n<\/div>\n<div id=\"ID0EAABAAA-supTabControlContent-2\" class=\"supTabControlTabContent\">\n<p><a class=\"ocpArticleLink\" href=\"https:\/\/support.microsoft.com\/cs-cz\/office\/pozdr\u017een\u00ed-napl\u00e1nov\u00e1n\u00ed-odesl\u00e1n\u00ed-e-mailov\u00fdch-zpr\u00e1v-026af69f-c287-490a-a72f-6c65793744ba\">Pozdr\u017een\u00ed (napl\u00e1nov\u00e1n\u00ed odesl\u00e1n\u00ed) e-mailov\u00fdch zpr\u00e1v<\/a><\/p>\n<p><a class=\"ocpArticleLink\" href=\"https:\/\/support.microsoft.com\/cs-cz\/office\/zm\u011bna-nastaven\u00ed-skupin-pro-odes\u00edl\u00e1n\u00ed-a-p\u0159ij\u00edm\u00e1n\u00ed-7184f59d-c194-44d7-973a-7af568a918d0\">Zm\u011bna nastaven\u00ed skupin pro odes\u00edl\u00e1n\u00ed a p\u0159ij\u00edm\u00e1n\u00ed<\/a><\/p>\n<p><a class=\"ocpArticleLink\" href=\"https:\/\/support.microsoft.com\/cs-cz\/office\/odvol\u00e1n\u00ed-nebo-nahrazen\u00ed-odeslan\u00e9-zpr\u00e1vy-35027f88-d655-4554-b4f8-6c0729a723a0\">Odvol\u00e1n\u00ed nebo nahrazen\u00ed odeslan\u00e9 zpr\u00e1vy<\/a><\/p>\n<p><a class=\"ocpArticleLink\" href=\"https:\/\/support.microsoft.com\/cs-cz\/office\/zm\u011bna-jm\u00e9na-zobrazen\u00e9ho-p\u0159\u00edjemc\u016fm-e-mailu-2b53331a-ba2a-4803-88dc-ac9fe376c8a9\">Zm\u011bna jm\u00e9na zobrazen\u00e9ho p\u0159\u00edjemc\u016fm e-mailu<\/a><\/p>\n<p><a class=\"ocpArticleLink\" href=\"https:\/\/support.microsoft.com\/cs-cz\/office\/ulo\u017een\u00ed-zpr\u00e1vy-jako-souboru-4821bcd4-7687-4d6d-a486-b89a291a56e2\">Ulo\u017een\u00ed zpr\u00e1vy<\/a><\/p>\n<p><a class=\"ocpArticleLink\" href=\"https:\/\/support.microsoft.com\/cs-cz\/office\/zm\u011bna-um\u00edst\u011bn\u00ed-kam-se-ukl\u00e1daj\u00ed-odeslan\u00e9-e-mailov\u00e9-zpr\u00e1vy-bd95ef3b-8c04-466a-8576-d1ce0eabeb2c\">Zm\u011bna um\u00edst\u011bn\u00ed, kam se ukl\u00e1daj\u00ed odeslan\u00e9 e-mailov\u00e9 zpr\u00e1vy<\/a><\/p>\n<p><a class=\"ocpArticleLink\" href=\"https:\/\/support.microsoft.com\/cs-cz\/office\/tisk-kontakt\u016f-zpr\u00e1v-a-dal\u0161\u00edch-polo\u017eek-aplikace-outlook-d2c0b12b-e308-41ce-9016-a3089ebdbe38\">Tisk e-mailov\u00fdch zpr\u00e1v<\/a><\/p>\n<\/div>\n<p>&nbsp;<\/p>\n<ul>\n<li><strong>Teams<\/strong><\/li>\n<\/ul>\n<p><a href=\"http:\/\/www.zszubri.cz\/wp-content\/uploads\/2020\/10\/EDU_QuickStartGuide_Educators.pdf\">Jednoduch\u00e1 p\u0159\u00edru\u010dka pdf<\/a>&nbsp;<\/p>\n<p><a href=\"https:\/\/www.youtube.com\/watch?v=J6FFqQW_3XM\" data-rich-text-format-boundary=\"true\">Distan\u010dn\u00ed vzd\u011bl\u00e1v\u00e1n\u00ed v Microsoft Teams \u2013 YouTube<\/a><\/p>\n<p><a href=\"https:\/\/www.youtube.com\/watch?v=zdZiLM-FKLE\">M<\/a><a href=\"https:\/\/www.youtube.com\/watch?v=zdZiLM-FKLE\">icrosoft Teams \u2013 U\u010ditel\u00e9 \u2013 Videohovory \u2013 YouTube<\/a><\/p>\n<p><a href=\"https:\/\/www.youtube.com\/watch?v=q---d6yRftI\">Jak zad\u00e1vat \u00fakoly v Zad\u00e1n\u00ed p\u0159es Microsoft Teams z pohledu u\u010ditele? \u2013 YouTube<\/a><\/p>\n<p><a href=\"https:\/\/www.youtube.com\/watch?v=aM0rHcAXWb0\">Microsoft Teams \u2013 5 tip\u016f pro jednodu\u0161\u0161\u00ed pr\u00e1ci \u2013 YouTube<\/a><\/p>\n<p><a href=\"https:\/\/www.youtube.com\/watch?v=suIwA2dvxD4\">Jak pracovat s Microsoft Teams z pohledu studenta \u2013 YouTube<\/a><\/p>\n<ul>\n<li><strong>Forms<\/strong><\/li>\n<\/ul>\n<p><a href=\"http:\/\/Microsoft Forms (nejen) pro \u0161koly Teams QS MS_Office_QuickstartOneDrive EDU_QuickStartGuide_Educators Day-in-the-life for distance learning with Microsoft Education\" data-wplink-url-error=\"true\">Jednoduch\u00e1 p\u0159\u00edru\u010dka pdf<\/a><\/p>\n<ul>\n<li><strong>Onedrive<\/strong><\/li>\n<\/ul>\n<p><a href=\"http:\/\/www.zszubri.cz\/wp-content\/uploads\/2020\/10\/MS_Office_QuickstartOneDrive.pdf\" target=\"_blank\" rel=\"noopener noreferrer\">Jednoduch\u00e1 p\u0159\u00edru\u010dka pdf<\/a> &nbsp;<\/p>\n<p>&nbsp;<\/p>\n<hr>\n<p><strong>dmsoftware:<\/strong><\/p>\n<ul>\n<li><a href=\"https:\/\/www.youtube.com\/watch?v=xWH8GsL9-HQ&amp;list=PLaySthX6d96tYhf3rZkZKSl-nhnIFnyeR&amp;index=4\">jak se spr\u00e1vn\u011b p\u0159ihl\u00e1sit a popis programu<\/a><\/li>\n<\/ul>\n<\/div>\n","protected":false},"excerpt":{"rendered":"","protected":false},"author":1,"featured_media":0,"parent":0,"menu_order":0,"comment_status":"closed","ping_status":"closed","template":"","meta":{"ngg_post_thumbnail":0,"footnotes":""},"acf":[],"_links":{"self":[{"href":"https:\/\/www.zszubri.cz\/index.php?rest_route=\/wp\/v2\/pages\/18576"}],"collection":[{"href":"https:\/\/www.zszubri.cz\/index.php?rest_route=\/wp\/v2\/pages"}],"about":[{"href":"https:\/\/www.zszubri.cz\/index.php?rest_route=\/wp\/v2\/types\/page"}],"author":[{"embeddable":true,"href":"https:\/\/www.zszubri.cz\/index.php?rest_route=\/wp\/v2\/users\/1"}],"replies":[{"embeddable":true,"href":"https:\/\/www.zszubri.cz\/index.php?rest_route=%2Fwp%2Fv2%2Fcomments&post=18576"}],"version-history":[{"count":2,"href":"https:\/\/www.zszubri.cz\/index.php?rest_route=\/wp\/v2\/pages\/18576\/revisions"}],"predecessor-version":[{"id":18586,"href":"https:\/\/www.zszubri.cz\/index.php?rest_route=\/wp\/v2\/pages\/18576\/revisions\/18586"}],"wp:attachment":[{"href":"https:\/\/www.zszubri.cz\/index.php?rest_route=%2Fwp%2Fv2%2Fmedia&parent=18576"}],"curies":[{"name":"wp","href":"https:\/\/api.w.org\/{rel}","templated":true}]}}