{"id":188,"date":"2013-03-21T16:41:07","date_gmt":"2013-03-21T16:41:07","guid":{"rendered":"http:\/\/www.zszubri.cz\/?page_id=188"},"modified":"2023-09-20T20:37:36","modified_gmt":"2023-09-20T18:37:36","slug":"suplovani","status":"publish","type":"page","link":"https:\/\/www.zszubri.cz\/?page_id=188","title":{"rendered":"SUPLOV\u00c1N\u00cd"},"content":{"rendered":"<p><a href=\"https:\/\/aplikace.skolaonline.cz\/SOL\/PublicWeb\/zszubriokrvse\/KWE001_ObecneInformace.aspx\" target=\"_blank\" rel=\"noopener\"><strong>On-line verzi rozvrhu spolu s aktu\u00e1ln\u00edmi zm\u011bnami a suplov\u00e1n\u00edm m\u016f\u017eete <\/strong><strong>nal\u00e9zt tak\u00e9 zde.<\/strong><\/a><\/p>\n<hr>\n<p>&nbsp;<\/p>\n<p>&nbsp;<\/p>\n<p>&nbsp;<\/p>\n<p>&nbsp;<\/p>\n<p>&nbsp;<\/p>\n<p>&nbsp;<\/p>\n<p>&nbsp;<\/p>\n<p>&nbsp;<\/p>\n<p>&nbsp;<\/p>\n<p>_<\/p>\n","protected":false},"excerpt":{"rendered":"<p>On-line verzi rozvrhu spolu s aktu\u00e1ln\u00edmi zm\u011bnami a suplov\u00e1n\u00edm m\u016f\u017eete nal\u00e9zt tak\u00e9 zde. &nbsp; &nbsp; &nbsp; &nbsp; &nbsp; &nbsp; &nbsp; &nbsp; &nbsp; _<\/p>\n","protected":false},"author":1,"featured_media":0,"parent":132,"menu_order":0,"comment_status":"closed","ping_status":"closed","template":"","meta":{"ngg_post_thumbnail":0,"footnotes":""},"acf":[],"_links":{"self":[{"href":"https:\/\/www.zszubri.cz\/index.php?rest_route=\/wp\/v2\/pages\/188"}],"collection":[{"href":"https:\/\/www.zszubri.cz\/index.php?rest_route=\/wp\/v2\/pages"}],"about":[{"href":"https:\/\/www.zszubri.cz\/index.php?rest_route=\/wp\/v2\/types\/page"}],"author":[{"embeddable":true,"href":"https:\/\/www.zszubri.cz\/index.php?rest_route=\/wp\/v2\/users\/1"}],"replies":[{"embeddable":true,"href":"https:\/\/www.zszubri.cz\/index.php?rest_route=%2Fwp%2Fv2%2Fcomments&post=188"}],"version-history":[{"count":15,"href":"https:\/\/www.zszubri.cz\/index.php?rest_route=\/wp\/v2\/pages\/188\/revisions"}],"predecessor-version":[{"id":21382,"href":"https:\/\/www.zszubri.cz\/index.php?rest_route=\/wp\/v2\/pages\/188\/revisions\/21382"}],"up":[{"embeddable":true,"href":"https:\/\/www.zszubri.cz\/index.php?rest_route=\/wp\/v2\/pages\/132"}],"wp:attachment":[{"href":"https:\/\/www.zszubri.cz\/index.php?rest_route=%2Fwp%2Fv2%2Fmedia&parent=188"}],"curies":[{"name":"wp","href":"https:\/\/api.w.org\/{rel}","templated":true}]}}