{"id":194,"date":"2013-03-21T16:42:28","date_gmt":"2013-03-21T16:42:28","guid":{"rendered":"http:\/\/www.zszubri.cz\/?page_id=194"},"modified":"2025-08-22T18:58:46","modified_gmt":"2025-08-22T16:58:46","slug":"tridni-ucitele","status":"publish","type":"page","link":"https:\/\/www.zszubri.cz\/?page_id=194","title":{"rendered":"T\u0158\u00cdDN\u00cd U\u010cITEL\u00c9"},"content":{"rendered":"<p><strong>T\u0158\u00cdDY A T\u0158\u00cdDN\u00cd U\u010cITEL\u00c9<br \/>\n<\/strong><\/p>\n<hr>\n<p><strong>I.stupe\u0148<\/strong><\/p>\n<p>I.A Mgr. Simona Pal\u00e1tov\u00e1<br \/>\nI.B Mgr. Petra Ond\u0159ejov\u00e1<\/p>\n<p>II.A Mgr. Martina Orl\u00edkov\u00e1<br \/>\nII.B Mgr. Lenka Metelov\u00e1<\/p>\n<p>III.A Mgr. Ivana Mi\u010dulkov\u00e1<br \/>\nIII.B Mgr. \u0160\u00e1rka Mikulenkov\u00e1<br \/>\nIII.C Mgr. Jana Tydla\u010dkov\u00e1<\/p>\n<p>IV.A Mgr. Hana \u0160\u00edrov\u00e1<br \/>\nIV.B Mgr. Ema Onderkov\u00e1<br \/>\nIV.C Dagmar Do\u0159i\u010d\u00e1kov\u00e1<\/p>\n<p>V.A Mgr. Jan Miku\u0161ov\u00e1<br \/>\nV.B Mgr. Kate\u0159ina P\u0161enicov\u00e1<br \/>\nV.C&nbsp; Mgr. Hana \u0160ubov\u00e1<\/p>\n<p>&nbsp;<\/p>\n<hr>\n<p><strong>II.stupe\u0148<\/strong><\/p>\n<p>VI.A Mgr. Malinov\u00e1 Iva<br \/>\nVI.C Mgr. H\u00fdblov\u00e1 Helena<\/p>\n<p>VII.A Mgr. Baro\u0161ov\u00e1 Petra<br \/>\nVII.B Mgr. Ku\u010derov\u00e1 Blanka<\/p>\n<p>VIII.A Mgr.&nbsp; Hrstka Martin<br \/>\nVIII.B Mgr. Machalov\u00e1 Adriana<br \/>\nVIII.C Mgr. N\u011bme\u010dkov\u00e1 Jana<\/p>\n<p>IX.A Mgr. Ond\u0159ej Cab\u00e1k<br \/>\nIX.B Mgr.&nbsp; Ladislav Zetek<br \/>\nIX.C Mgr.&nbsp; Janu\u0161ov\u00e1 \u0160\u00e1rka<\/p>\n<p>&nbsp;<\/p>\n<p>&nbsp;<\/p>\n<p>&nbsp;<\/p>\n","protected":false},"excerpt":{"rendered":"<p>T\u0158\u00cdDY A T\u0158\u00cdDN\u00cd U\u010cITEL\u00c9 I.stupe\u0148 I.A Mgr. Simona Pal\u00e1tov\u00e1 I.B Mgr. Petra Ond\u0159ejov\u00e1 II.A Mgr. Martina Orl\u00edkov\u00e1 II.B Mgr. Lenka Metelov\u00e1 III.A Mgr. Ivana Mi\u010dulkov\u00e1 III.B Mgr. \u0160\u00e1rka Mikulenkov\u00e1 III.C Mgr. Jana Tydla\u010dkov\u00e1 IV.A Mgr. Hana \u0160\u00edrov\u00e1 IV.B Mgr. Ema Onderkov\u00e1 IV.C Dagmar Do\u0159i\u010d\u00e1kov\u00e1 V.A Mgr. Jan Miku\u0161ov\u00e1 V.B Mgr. Kate\u0159ina P\u0161enicov\u00e1 V.C&nbsp; Mgr. Hana \u0160ubov\u00e1 &nbsp; II.stupe\u0148 VI.A Mgr. Malinov\u00e1 Iva VI.C Mgr. H\u00fdblov\u00e1 Helena VII.A Mgr. Baro\u0161ov\u00e1 Petra VII.B Mgr. Ku\u010derov\u00e1 Blanka VIII.A Mgr.&nbsp; Hrstka Martin VIII.B Mgr. Machalov\u00e1 Adriana VIII.C Mgr. N\u011bme\u010dkov\u00e1 Jana IX.A Mgr. Ond\u0159ej Cab\u00e1k IX.B Mgr.&nbsp; Ladislav Zetek IX.C Mgr.&nbsp; Janu\u0161ov\u00e1 \u0160\u00e1rka &nbsp; &nbsp; &nbsp;<\/p>\n","protected":false},"author":1,"featured_media":0,"parent":178,"menu_order":0,"comment_status":"closed","ping_status":"closed","template":"","meta":{"ngg_post_thumbnail":0,"footnotes":""},"acf":[],"_links":{"self":[{"href":"https:\/\/www.zszubri.cz\/index.php?rest_route=\/wp\/v2\/pages\/194"}],"collection":[{"href":"https:\/\/www.zszubri.cz\/index.php?rest_route=\/wp\/v2\/pages"}],"about":[{"href":"https:\/\/www.zszubri.cz\/index.php?rest_route=\/wp\/v2\/types\/page"}],"author":[{"embeddable":true,"href":"https:\/\/www.zszubri.cz\/index.php?rest_route=\/wp\/v2\/users\/1"}],"replies":[{"embeddable":true,"href":"https:\/\/www.zszubri.cz\/index.php?rest_route=%2Fwp%2Fv2%2Fcomments&post=194"}],"version-history":[{"count":43,"href":"https:\/\/www.zszubri.cz\/index.php?rest_route=\/wp\/v2\/pages\/194\/revisions"}],"predecessor-version":[{"id":23538,"href":"https:\/\/www.zszubri.cz\/index.php?rest_route=\/wp\/v2\/pages\/194\/revisions\/23538"}],"up":[{"embeddable":true,"href":"https:\/\/www.zszubri.cz\/index.php?rest_route=\/wp\/v2\/pages\/178"}],"wp:attachment":[{"href":"https:\/\/www.zszubri.cz\/index.php?rest_route=%2Fwp%2Fv2%2Fmedia&parent=194"}],"curies":[{"name":"wp","href":"https:\/\/api.w.org\/{rel}","templated":true}]}}