{"id":198,"date":"2013-03-21T16:43:19","date_gmt":"2013-03-21T16:43:19","guid":{"rendered":"http:\/\/www.zszubri.cz\/?page_id=198"},"modified":"2018-08-17T14:57:09","modified_gmt":"2018-08-17T12:57:09","slug":"zvoneni","status":"publish","type":"page","link":"https:\/\/www.zszubri.cz\/?page_id=198","title":{"rendered":"ZVON\u011aN\u00cd"},"content":{"rendered":"<p>&nbsp;<\/p>\n<table style=\"width: 750px;\" border=\"0\" align=\"left\">\n<caption><span style=\"color: #000000;\"><strong>ZVON\u011aN\u00cd &#8211; ROZPIS<\/strong><\/span><\/caption>\n<tbody>\n<tr>\n<td width=\"61\" height=\"20\">&nbsp;Hodina<\/td>\n<td width=\"39\">&nbsp;1<\/td>\n<td width=\"39\">2<\/td>\n<td width=\"39\">3<\/td>\n<td width=\"39\">&nbsp;4<\/td>\n<td width=\"39\">&nbsp;5<\/td>\n<td width=\"39\">&nbsp;6<\/td>\n<td width=\"39\">&nbsp;7<\/td>\n<td width=\"39\">&nbsp;8<\/td>\n<td width=\"39\">&nbsp;9<\/td>\n<\/tr>\n<tr>\n<td height=\"20\">&nbsp;\u010cas<\/p>\n<p style=\"text-align: left;\">&nbsp;<\/p>\n<\/td>\n<td>&nbsp;07:40 &nbsp;&#8211; 08:25<\/td>\n<td>&nbsp;08:35 &nbsp;&#8211; 09:20<\/td>\n<td>09:40 &#8211; 10:25<\/td>\n<td>&nbsp;10:35-&nbsp; 11:20<\/td>\n<td>&nbsp;11:30- 12:15<\/td>\n<td>&nbsp;12:25&nbsp;&nbsp; &#8211;&nbsp; 13:10<\/td>\n<td>&nbsp;13:20 &#8211; 14:05<\/td>\n<td>&nbsp;14:10 &#8211; 14:55<\/td>\n<td>&nbsp;15:05 &#8211; 15:50<\/td>\n<\/tr>\n<tr>\n<td style=\"text-align: left;\" height=\"20\">&nbsp;Pond\u011bl\u00ed<\/td>\n<td>&nbsp;x<\/td>\n<td>&nbsp;x<\/td>\n<td>&nbsp;x<\/td>\n<td>&nbsp;x<\/td>\n<td>&nbsp;x<\/td>\n<td>&nbsp;x<\/td>\n<td>&nbsp;x<\/td>\n<td>&nbsp;x<\/td>\n<td>x<\/td>\n<\/tr>\n<tr>\n<td style=\"text-align: left;\" height=\"20\">&nbsp;\u00dater\u00fd<\/td>\n<td>&nbsp;x<\/td>\n<td>&nbsp;x<\/td>\n<td>&nbsp;x<\/td>\n<td>&nbsp;x<\/td>\n<td>&nbsp;x<\/td>\n<td>&nbsp;x<\/td>\n<td>&nbsp;x<\/td>\n<td>&nbsp;x<\/td>\n<td>&nbsp;x<\/td>\n<\/tr>\n<tr>\n<td style=\"text-align: left;\" height=\"20\">&nbsp;St\u0159eda<\/td>\n<td>&nbsp;x<\/td>\n<td>&nbsp;x<\/td>\n<td>&nbsp;x<\/td>\n<td>&nbsp;x<\/td>\n<td>&nbsp;x<\/td>\n<td>&nbsp;x<\/td>\n<td>&nbsp;x<\/td>\n<td>&nbsp;x<\/td>\n<td>&nbsp;x<\/td>\n<\/tr>\n<tr>\n<td style=\"text-align: left;\" height=\"20\">&nbsp;\u010ctvrtek<\/td>\n<td>&nbsp;x<\/td>\n<td>&nbsp;x<\/td>\n<td>&nbsp;x<\/td>\n<td>&nbsp;x<\/td>\n<td>&nbsp;x<\/td>\n<td>&nbsp;x<\/td>\n<td>&nbsp;x<\/td>\n<td>&nbsp;x<\/td>\n<td>&nbsp;x<\/td>\n<\/tr>\n<tr>\n<td height=\"20\">&nbsp;P\u00e1tek<\/td>\n<td>&nbsp;x<\/td>\n<td>&nbsp;x<\/td>\n<td>&nbsp;x<\/td>\n<td>&nbsp;x<\/td>\n<td>&nbsp;x<\/td>\n<td>&nbsp;x<\/td>\n<td>&nbsp;x<\/td>\n<td>&nbsp;x<\/td>\n<td>&nbsp;x<\/td>\n<\/tr>\n<tr>\n<td height=\"20\">&nbsp;<\/td>\n<td>&nbsp;<\/td>\n<td>&nbsp;<\/td>\n<td>&nbsp;<\/td>\n<td>&nbsp;<\/td>\n<td>&nbsp;<\/td>\n<td>&nbsp;<\/td>\n<td>&nbsp;<\/td>\n<td>&nbsp;<\/td>\n<td>&nbsp;<\/td>\n<\/tr>\n<tr>\n<td height=\"20\">&nbsp;<\/td>\n<td>&nbsp;<\/td>\n<td>&nbsp;<\/td>\n<td>&nbsp;<\/td>\n<td>&nbsp;<\/td>\n<td>&nbsp;<\/td>\n<td>&nbsp;<\/td>\n<td>&nbsp;<\/td>\n<td>&nbsp;<\/td>\n<td>&nbsp;<\/td>\n<\/tr>\n<tr>\n<td height=\"20\">&nbsp;<\/td>\n<td>&nbsp;<\/td>\n<td>&nbsp;<\/td>\n<td>&nbsp;<\/td>\n<td>&nbsp;<\/td>\n<td>&nbsp;<\/td>\n<td>&nbsp;<\/td>\n<td>&nbsp;<\/td>\n<td>&nbsp;<\/td>\n<td>&nbsp;<\/td>\n<\/tr>\n<tr>\n<td height=\"20\">&nbsp;<\/td>\n<td>&nbsp;<\/td>\n<td>&nbsp;<\/td>\n<td>&nbsp;<\/td>\n<td>&nbsp;<\/td>\n<td>&nbsp;<\/td>\n<td>&nbsp;<\/td>\n<td>&nbsp;<\/td>\n<td>&nbsp;<\/td>\n<td>&nbsp;<\/td>\n<\/tr>\n<tr>\n<td height=\"21\">&nbsp;<\/td>\n<td>&nbsp;<\/td>\n<td>&nbsp;<\/td>\n<td>&nbsp;<\/td>\n<td>&nbsp;<\/td>\n<td>&nbsp;<\/td>\n<td>&nbsp;<\/td>\n<td>&nbsp;<\/td>\n<td>&nbsp;<\/td>\n<td>&nbsp;<\/td>\n<\/tr>\n<\/tbody>\n<\/table>\n<p>&nbsp;<\/p>\n","protected":false},"excerpt":{"rendered":"<p>&nbsp; ZVON\u011aN\u00cd &#8211; ROZPIS &nbsp;Hodina &nbsp;1 2 3 &nbsp;4 &nbsp;5 &nbsp;6 &nbsp;7 &nbsp;8 &nbsp;9 &nbsp;\u010cas &nbsp; &nbsp;07:40 &nbsp;&#8211; 08:25 &nbsp;08:35 &nbsp;&#8211; 09:20 09:40 &#8211; 10:25 &nbsp;10:35-&nbsp; 11:20 &nbsp;11:30- 12:15 &nbsp;12:25&nbsp;&nbsp; &#8211;&nbsp; 13:10 &nbsp;13:20 &#8211; 14:05 &nbsp;14:10 &#8211; 14:55 &nbsp;15:05 &#8211; 15:50 &nbsp;Pond\u011bl\u00ed &nbsp;x &nbsp;x &nbsp;x &nbsp;x &nbsp;x &nbsp;x &nbsp;x &nbsp;x x &nbsp;\u00dater\u00fd &nbsp;x &nbsp;x &nbsp;x &nbsp;x &nbsp;x &nbsp;x &nbsp;x &nbsp;x &nbsp;x &nbsp;St\u0159eda &nbsp;x &nbsp;x &nbsp;x &nbsp;x &nbsp;x &nbsp;x &nbsp;x &nbsp;x &nbsp;x &nbsp;\u010ctvrtek &nbsp;x &nbsp;x &nbsp;x &nbsp;x &nbsp;x &nbsp;x &nbsp;x &nbsp;x &nbsp;x &nbsp;P\u00e1tek &nbsp;x &nbsp;x &nbsp;x &nbsp;x &nbsp;x &nbsp;x &nbsp;x &nbsp;x &nbsp;x &nbsp; &nbsp; &nbsp; &nbsp; &nbsp; &nbsp; &nbsp; &nbsp; &nbsp; &nbsp; &nbsp; &nbsp; &nbsp; &nbsp; &nbsp; &nbsp; &nbsp; &nbsp; &nbsp; &nbsp; &nbsp; &nbsp; &nbsp; &nbsp; &nbsp; &nbsp; &nbsp; &nbsp; &nbsp; &nbsp; &nbsp; &nbsp; &nbsp; &nbsp; &nbsp; &nbsp; &nbsp; &nbsp; &nbsp; &nbsp; &nbsp; &nbsp; &nbsp; &nbsp; &nbsp; &nbsp; &nbsp; &nbsp; &nbsp; &nbsp; &nbsp;<\/p>\n","protected":false},"author":1,"featured_media":0,"parent":178,"menu_order":0,"comment_status":"closed","ping_status":"closed","template":"","meta":{"ngg_post_thumbnail":0,"footnotes":""},"acf":[],"_links":{"self":[{"href":"https:\/\/www.zszubri.cz\/index.php?rest_route=\/wp\/v2\/pages\/198"}],"collection":[{"href":"https:\/\/www.zszubri.cz\/index.php?rest_route=\/wp\/v2\/pages"}],"about":[{"href":"https:\/\/www.zszubri.cz\/index.php?rest_route=\/wp\/v2\/types\/page"}],"author":[{"embeddable":true,"href":"https:\/\/www.zszubri.cz\/index.php?rest_route=\/wp\/v2\/users\/1"}],"replies":[{"embeddable":true,"href":"https:\/\/www.zszubri.cz\/index.php?rest_route=%2Fwp%2Fv2%2Fcomments&post=198"}],"version-history":[{"count":9,"href":"https:\/\/www.zszubri.cz\/index.php?rest_route=\/wp\/v2\/pages\/198\/revisions"}],"predecessor-version":[{"id":7621,"href":"https:\/\/www.zszubri.cz\/index.php?rest_route=\/wp\/v2\/pages\/198\/revisions\/7621"}],"up":[{"embeddable":true,"href":"https:\/\/www.zszubri.cz\/index.php?rest_route=\/wp\/v2\/pages\/178"}],"wp:attachment":[{"href":"https:\/\/www.zszubri.cz\/index.php?rest_route=%2Fwp%2Fv2%2Fmedia&parent=198"}],"curies":[{"name":"wp","href":"https:\/\/api.w.org\/{rel}","templated":true}]}}