{"id":200,"date":"2013-03-21T16:43:42","date_gmt":"2013-03-21T16:43:42","guid":{"rendered":"http:\/\/www.zszubri.cz\/?page_id=200"},"modified":"2023-08-22T21:39:46","modified_gmt":"2023-08-22T19:39:46","slug":"tridy","status":"publish","type":"page","link":"https:\/\/www.zszubri.cz\/?page_id=200","title":{"rendered":"T\u0158\u00cdDY"},"content":{"rendered":"\n<p>Spr\u00e1va\u00a0 t\u0159\u00edd a komunikace se z\u00e1konn\u00fdmi z\u00e1stupci se d\u011bje skrze rozhran\u00ed elektronick\u00e9 v\u00fdm\u011bny informac\u00ed : <a href=\"https:\/\/www.skolaonline.cz\/Aktuality.aspx\">\u0161kola online<\/a>   nebo p\u0159es <a href=\"https:\/\/aplikace.skolaonline.cz\/SOL\/PublicWeb\/zszubriokrvse\/KWE009_RozvrhTridy.aspx\">online p\u0159\u00edstup<\/a>. <\/p>\n\n\n\n<p>V\u00fdm\u011bna informac\u00ed v\u00fduky pro \u017e\u00e1ky se d\u011bje rozhran\u00edm Office 365 : <a href=\"https:\/\/login.microsoftonline.com\/\">https:\/\/login.microsoftonline.com\/<\/a><\/p>\n","protected":false},"excerpt":{"rendered":"<p>Spr\u00e1va\u00a0 t\u0159\u00edd a komunikace se z\u00e1konn\u00fdmi z\u00e1stupci se d\u011bje skrze rozhran\u00ed elektronick\u00e9 v\u00fdm\u011bny informac\u00ed : \u0161kola online nebo p\u0159es online p\u0159\u00edstup. V\u00fdm\u011bna informac\u00ed v\u00fduky pro \u017e\u00e1ky se d\u011bje rozhran\u00edm Office 365 : https:\/\/login.microsoftonline.com\/<\/p>\n","protected":false},"author":1,"featured_media":0,"parent":178,"menu_order":0,"comment_status":"closed","ping_status":"closed","template":"","meta":{"ngg_post_thumbnail":0,"footnotes":""},"acf":[],"_links":{"self":[{"href":"https:\/\/www.zszubri.cz\/index.php?rest_route=\/wp\/v2\/pages\/200"}],"collection":[{"href":"https:\/\/www.zszubri.cz\/index.php?rest_route=\/wp\/v2\/pages"}],"about":[{"href":"https:\/\/www.zszubri.cz\/index.php?rest_route=\/wp\/v2\/types\/page"}],"author":[{"embeddable":true,"href":"https:\/\/www.zszubri.cz\/index.php?rest_route=\/wp\/v2\/users\/1"}],"replies":[{"embeddable":true,"href":"https:\/\/www.zszubri.cz\/index.php?rest_route=%2Fwp%2Fv2%2Fcomments&post=200"}],"version-history":[{"count":6,"href":"https:\/\/www.zszubri.cz\/index.php?rest_route=\/wp\/v2\/pages\/200\/revisions"}],"predecessor-version":[{"id":21156,"href":"https:\/\/www.zszubri.cz\/index.php?rest_route=\/wp\/v2\/pages\/200\/revisions\/21156"}],"up":[{"embeddable":true,"href":"https:\/\/www.zszubri.cz\/index.php?rest_route=\/wp\/v2\/pages\/178"}],"wp:attachment":[{"href":"https:\/\/www.zszubri.cz\/index.php?rest_route=%2Fwp%2Fv2%2Fmedia&parent=200"}],"curies":[{"name":"wp","href":"https:\/\/api.w.org\/{rel}","templated":true}]}}