{"id":202,"date":"2013-03-21T16:44:03","date_gmt":"2013-03-21T16:44:03","guid":{"rendered":"http:\/\/www.zszubri.cz\/?page_id=202"},"modified":"2025-08-22T18:49:43","modified_gmt":"2025-08-22T16:49:43","slug":"metodicka-sdruzeni","status":"publish","type":"page","link":"https:\/\/www.zszubri.cz\/?page_id=202","title":{"rendered":"METODICK\u00c1 SDRU\u017dEN\u00cd A P\u0158EDM\u011aTOV\u00c9 KOMISE"},"content":{"rendered":"<p><strong>Metodick\u00e9 sdru\u017een\u00ed I.stupn\u011b<\/strong> :<br \/>\nMgr. Ond\u0159ejov\u00e1 Petra \u2013 vedouc\u00ed metodick\u00e9ho sdru\u017een\u00ed I. st.<\/p>\n<p><strong>P\u0159edm\u011btov\u00e9 komise<\/strong> :<\/p>\n<p>Mgr. Baro\u0161ov\u00e1 Petra \u2013 matematika<br \/>\nMgr. C\u00e1bov\u00e1 Gabriela \u2013 t\u011blesn\u00e1 v\u00fdchova<br \/>\nMgr. Kocurkov\u00e1 \u0160\u00e1rka \u2013 VOZ, dom\u00e1cnost<br \/>\nMgr. Mik\u0161\u00e1nkov\u00e1 Mark\u00e9ta &#8211; p\u0159\u00edrodopis<br \/>\nMgr. Andrea Janovsk\u00e1 \u2013 v\u00fdtvarn\u00e1 v\u00fdchova<br \/>\nMgr. Janu\u0161ov\u00e1 \u0160\u00e1rka \u2013 \u010desk\u00fd jazyk<br \/>\nMgr. H\u00fdblov\u00e1 Helena \u2013 chemie<br \/>\nMgr. Janu\u0161ov\u00e1 \u0160\u00e1rka \u2013 hudebn\u00ed v\u00fdchova<br \/>\nMgr. Ku\u010derov\u00e1 Blanka \u2013 anglick\u00fd jazyk<br \/>\nMgr. Holubov\u00e1 Lenka \u2013 n\u011bmeck\u00fd jazyk<br \/>\nMgr. Cab\u00e1k Ond\u0159ej \u2013 d\u011bjepis<br \/>\nMgr.&nbsp; \u2013 zem\u011bpis<br \/>\nMgr. Zetek Ladislav \u2013 fyzika<br \/>\nMgr. Mikl Marek &#8211; informatika<\/p>\n<p><strong>koordin\u00e1tor \u0160VP<br \/>\n<\/strong>Mgr. Kocurkov\u00e1 \u0160\u00e1rka<\/p>\n","protected":false},"excerpt":{"rendered":"<p>Metodick\u00e9 sdru\u017een\u00ed I.stupn\u011b : Mgr. Ond\u0159ejov\u00e1 Petra \u2013 vedouc\u00ed metodick\u00e9ho sdru\u017een\u00ed I. st. P\u0159edm\u011btov\u00e9 komise : Mgr. Baro\u0161ov\u00e1 Petra \u2013 matematika Mgr. C\u00e1bov\u00e1 Gabriela \u2013 t\u011blesn\u00e1 v\u00fdchova Mgr. Kocurkov\u00e1 \u0160\u00e1rka \u2013 VOZ, dom\u00e1cnost Mgr. Mik\u0161\u00e1nkov\u00e1 Mark\u00e9ta &#8211; p\u0159\u00edrodopis Mgr. Andrea Janovsk\u00e1 \u2013 v\u00fdtvarn\u00e1 v\u00fdchova Mgr. Janu\u0161ov\u00e1 \u0160\u00e1rka \u2013 \u010desk\u00fd jazyk Mgr. H\u00fdblov\u00e1 Helena \u2013 chemie Mgr. Janu\u0161ov\u00e1 \u0160\u00e1rka \u2013 hudebn\u00ed v\u00fdchova Mgr. Ku\u010derov\u00e1 Blanka \u2013 anglick\u00fd jazyk Mgr. Holubov\u00e1 Lenka \u2013 n\u011bmeck\u00fd jazyk Mgr. Cab\u00e1k Ond\u0159ej \u2013 d\u011bjepis Mgr.&nbsp; \u2013 zem\u011bpis Mgr. Zetek Ladislav \u2013 fyzika Mgr. Mikl Marek &#8211; informatika koordin\u00e1tor \u0160VP Mgr. Kocurkov\u00e1 \u0160\u00e1rka<\/p>\n","protected":false},"author":1,"featured_media":0,"parent":178,"menu_order":0,"comment_status":"closed","ping_status":"closed","template":"","meta":{"ngg_post_thumbnail":0,"footnotes":""},"acf":[],"_links":{"self":[{"href":"https:\/\/www.zszubri.cz\/index.php?rest_route=\/wp\/v2\/pages\/202"}],"collection":[{"href":"https:\/\/www.zszubri.cz\/index.php?rest_route=\/wp\/v2\/pages"}],"about":[{"href":"https:\/\/www.zszubri.cz\/index.php?rest_route=\/wp\/v2\/types\/page"}],"author":[{"embeddable":true,"href":"https:\/\/www.zszubri.cz\/index.php?rest_route=\/wp\/v2\/users\/1"}],"replies":[{"embeddable":true,"href":"https:\/\/www.zszubri.cz\/index.php?rest_route=%2Fwp%2Fv2%2Fcomments&post=202"}],"version-history":[{"count":22,"href":"https:\/\/www.zszubri.cz\/index.php?rest_route=\/wp\/v2\/pages\/202\/revisions"}],"predecessor-version":[{"id":23530,"href":"https:\/\/www.zszubri.cz\/index.php?rest_route=\/wp\/v2\/pages\/202\/revisions\/23530"}],"up":[{"embeddable":true,"href":"https:\/\/www.zszubri.cz\/index.php?rest_route=\/wp\/v2\/pages\/178"}],"wp:attachment":[{"href":"https:\/\/www.zszubri.cz\/index.php?rest_route=%2Fwp%2Fv2%2Fmedia&parent=202"}],"curies":[{"name":"wp","href":"https:\/\/api.w.org\/{rel}","templated":true}]}}