{"id":20389,"date":"2023-05-21T14:40:07","date_gmt":"2023-05-21T12:40:07","guid":{"rendered":"https:\/\/www.zszubri.cz\/?page_id=20389"},"modified":"2023-09-13T21:53:14","modified_gmt":"2023-09-13T19:53:14","slug":"jak-sablony-4-zs-zubri","status":"publish","type":"page","link":"https:\/\/www.zszubri.cz\/?page_id=20389","title":{"rendered":"JAK \u0160ABLONY 4 &#8211;  Z\u0160 ZUB\u0158\u00cd"},"content":{"rendered":"\n\n\n<p>Zde naleznete informace o :<\/p>\n\n\n\n<ul>\n<li>p\u0159\u00edprav\u011b projektu\n<ul>\n<li>P\u0158\u00cdRU\u010cKA KE STA\u017dEN\u00cd : <a href=\"http:\/\/www.zszubri.cz\/wp-content\/uploads\/2023\/05\/Priloha_c_2_Prehled_sablon_MS_a_ZS_I_OPJAK_final_web.pdf\">Priloha_c_2_Prehled_sablon_MS_a_ZS_I_OPJAK_final_web<\/a><\/li>\n\n\n\n<li>ODKAZY INOVATIVN\u00cd V\u00ddUKA : <a href=\"http:\/\/www.zszubri.cz\/wp-content\/uploads\/2023\/05\/Projektova-vyuka.docx\">Projektov\u00e1 v\u00fduka<\/a><\/li>\n<\/ul>\n<\/li>\n<\/ul>\n\n\n\n<hr class=\"wp-block-separator has-alpha-channel-opacity\"\/>\n\n\n\n<ul>\n<li>realizaci projektu<\/li>\n<\/ul>\n\n\n\n<p><em>Z\u00e1kladn\u00ed \u0161kola Zub\u0159\u00ed, okres Vset\u00edn se zapojila do v\u00fdzvy M\u0160MT, \u0159\u00edd\u00edc\u00edho org\u00e1nu OP JAK (V\u00fdzva \u010d. 02_22_002 \u0160ablony pro M\u0160 a Z\u0160 I), a po procesu hodnocen\u00ed a schv\u00e1len\u00ed z\u00edskala \u010d\u00e1stku <strong>3 252 848,00 K\u010d.<\/strong><br>Projekt m\u00e1 n\u00e1zev <strong>\u0160ablony 4 pro zubersk\u00e9 \u0161kolstv\u00ed <\/strong>a registra\u010dn\u00ed \u010d\u00edslo <strong>CZ.02.02.XX\/00\/22_002\/0006554.<\/strong><\/em><\/p>\n\n\n\n<p><em>Realizace za\u010dala 1. 7. 2023 a projekt potrv\u00e1 do 30. 6. 2025.<\/em><\/p>\n\n\n\n<p><em>C\u00edlem projektu je zvy\u0161ov\u00e1n\u00ed kvality, inkluzivity a \u00fa\u010dinnosti syst\u00e9m\u016f vzd\u011bl\u00e1v\u00e1n\u00ed a zaji\u0161\u0165ov\u00e1n\u00ed rovn\u00e9ho p\u0159\u00edstupu ke kvalitn\u00edmu a inkluzivn\u00edmu vzd\u011bl\u00e1v\u00e1n\u00ed.<\/em><\/p>\n\n\n\n<p><em>Finan\u010dn\u00ed podpora, kterou \u0161kola z\u00edskala, bude sm\u011b\u0159ovat na \u0161koln\u00edho asistenta, \u0161koln\u00edho speci\u00e1ln\u00edho pedagoga, \u0161koln\u00edho psychologa, kari\u00e9rov\u00e9ho poradce, inovativn\u00ed vzd\u011bl\u00e1v\u00e1n\u00ed \u017e\u00e1k\u016f, odborn\u011b zam\u011b\u0159en\u00e1 tematick\u00e1 a komunitn\u00ed setk\u00e1v\u00e1n\u00ed, spolupr\u00e1ci pracovn\u00edk\u016f ve vzd\u011bl\u00e1v\u00e1n\u00ed a vzd\u011bl\u00e1v\u00e1n\u00ed pracovn\u00edk\u016f ve vzd\u011bl\u00e1v\u00e1n\u00ed.<\/em><\/p>\n\n\n\n<p class=\"has-text-align-center\"><img decoding=\"async\" loading=\"lazy\" width=\"1114\" height=\"132\" class=\"wp-image-21338\" style=\"width: 600px;\" src=\"http:\/\/www.zszubri.cz\/wp-content\/uploads\/2023\/09\/OPJAK.png\" alt=\"\" srcset=\"https:\/\/www.zszubri.cz\/wp-content\/uploads\/2023\/09\/OPJAK.png 1114w, https:\/\/www.zszubri.cz\/wp-content\/uploads\/2023\/09\/OPJAK-300x36.png 300w, https:\/\/www.zszubri.cz\/wp-content\/uploads\/2023\/09\/OPJAK-768x91.png 768w, https:\/\/www.zszubri.cz\/wp-content\/uploads\/2023\/09\/OPJAK-1024x121.png 1024w\" sizes=\"(max-width: 1114px) 100vw, 1114px\" \/><\/p>\n\n\n\n<hr class=\"wp-block-separator has-alpha-channel-opacity\"\/>\n\n\n\n<ul>\n<li>dopl\u0148kov\u00e9 informace\n<ul>\n<li>DOKUMENTY K V\u00ddKAZNICTV\u00cd: <a href=\"http:\/\/www.zszubri.cz\/wp-content\/uploads\/2023\/05\/scenare_ICTvyuka.zip\">scenare_ICT vyuka<\/a><\/li>\n\n\n\n<li>METODICK\u00c9 MATERI\u00c1LY &#8211; ODKAZY: <a href=\"_wp_link_placeholder\">https:\/\/www.edu.cz\/podpora-skol\/projekty-op-jak\/<\/a><\/li>\n<\/ul>\n<\/li>\n<\/ul>\n","protected":false},"excerpt":{"rendered":"<p>Zde naleznete informace o : Z\u00e1kladn\u00ed \u0161kola Zub\u0159\u00ed, okres Vset\u00edn se zapojila do v\u00fdzvy M\u0160MT, \u0159\u00edd\u00edc\u00edho org\u00e1nu OP JAK (V\u00fdzva \u010d. 02_22_002 \u0160ablony pro M\u0160 a Z\u0160 I), a po procesu hodnocen\u00ed a schv\u00e1len\u00ed z\u00edskala \u010d\u00e1stku 3 252 848,00 K\u010d.Projekt m\u00e1 n\u00e1zev \u0160ablony 4 pro zubersk\u00e9 \u0161kolstv\u00ed a registra\u010dn\u00ed \u010d\u00edslo CZ.02.02.XX\/00\/22_002\/0006554. Realizace za\u010dala 1. 7. 2023 a projekt potrv\u00e1 do 30. 6. 2025. C\u00edlem projektu je zvy\u0161ov\u00e1n\u00ed kvality, inkluzivity a \u00fa\u010dinnosti syst\u00e9m\u016f vzd\u011bl\u00e1v\u00e1n\u00ed a zaji\u0161\u0165ov\u00e1n\u00ed rovn\u00e9ho p\u0159\u00edstupu ke kvalitn\u00edmu a inkluzivn\u00edmu vzd\u011bl\u00e1v\u00e1n\u00ed. Finan\u010dn\u00ed podpora, kterou \u0161kola z\u00edskala, bude sm\u011b\u0159ovat na \u0161koln\u00edho asistenta, \u0161koln\u00edho speci\u00e1ln\u00edho pedagoga, \u0161koln\u00edho psychologa, kari\u00e9rov\u00e9ho poradce, inovativn\u00ed vzd\u011bl\u00e1v\u00e1n\u00ed \u017e\u00e1k\u016f, odborn\u011b zam\u011b\u0159en\u00e1 tematick\u00e1 a komunitn\u00ed setk\u00e1v\u00e1n\u00ed, spolupr\u00e1ci pracovn\u00edk\u016f ve vzd\u011bl\u00e1v\u00e1n\u00ed a vzd\u011bl\u00e1v\u00e1n\u00ed pracovn\u00edk\u016f ve vzd\u011bl\u00e1v\u00e1n\u00ed.<\/p>\n","protected":false},"author":1,"featured_media":0,"parent":0,"menu_order":0,"comment_status":"closed","ping_status":"closed","template":"","meta":{"ngg_post_thumbnail":0,"footnotes":""},"acf":[],"_links":{"self":[{"href":"https:\/\/www.zszubri.cz\/index.php?rest_route=\/wp\/v2\/pages\/20389"}],"collection":[{"href":"https:\/\/www.zszubri.cz\/index.php?rest_route=\/wp\/v2\/pages"}],"about":[{"href":"https:\/\/www.zszubri.cz\/index.php?rest_route=\/wp\/v2\/types\/page"}],"author":[{"embeddable":true,"href":"https:\/\/www.zszubri.cz\/index.php?rest_route=\/wp\/v2\/users\/1"}],"replies":[{"embeddable":true,"href":"https:\/\/www.zszubri.cz\/index.php?rest_route=%2Fwp%2Fv2%2Fcomments&post=20389"}],"version-history":[{"count":4,"href":"https:\/\/www.zszubri.cz\/index.php?rest_route=\/wp\/v2\/pages\/20389\/revisions"}],"predecessor-version":[{"id":21340,"href":"https:\/\/www.zszubri.cz\/index.php?rest_route=\/wp\/v2\/pages\/20389\/revisions\/21340"}],"wp:attachment":[{"href":"https:\/\/www.zszubri.cz\/index.php?rest_route=%2Fwp%2Fv2%2Fmedia&parent=20389"}],"curies":[{"name":"wp","href":"https:\/\/api.w.org\/{rel}","templated":true}]}}