{"id":22043,"date":"2024-04-21T17:21:18","date_gmt":"2024-04-21T15:21:18","guid":{"rendered":"https:\/\/www.zszubri.cz\/?page_id=22043"},"modified":"2025-09-15T13:44:22","modified_gmt":"2025-09-15T11:44:22","slug":"instrukce-a-informace-skolni-urazy","status":"publish","type":"page","link":"https:\/\/www.zszubri.cz\/?page_id=22043","title":{"rendered":"INSTRUKCE A INFORMACE \u0160KOLN\u00cd \u00daRAZY"},"content":{"rendered":"<p>INFORMACE \u2013 \u0160KOLN\u00cd \u00daRAZY<\/p>\n<hr \/>\n<p>Na z\u00e1klad\u011b platn\u00e9 pojistn\u00e9 smlouvy \u0161koly s firmou:<br \/>\nKooperativa poji\u0161\u0165ovna, a.s., Vienna Insurance Group Brn\u011bnsk\u00e1 634, 664 42 Mod\u0159ice<br \/>\nTel.: 957 105 105 E-mail: info@koop.cz Podatelna: podatelna@koop.cz<br \/>\nCentr\u00e1la:<br \/>\nKooperativa poji\u0161\u0165ovna, a.s., Vienna Insurance Group Pob\u0159e\u017en\u00ed 665\/21, 186 00 Praha 8<br \/>\nTel.: 956 421 111, 120, 121 E-mail: info@koop.cz Schr\u00e1nka: n6tetn3<br \/>\n\u0161kola nastavuje n\u00e1sleduj\u00edc\u00ed pravidla pro \u0159e\u0161en\u00ed a umo\u0159ov\u00e1n\u00ed tzv. \u0161koln\u00edch \u00faraz\u016f:<\/p>\n<p>a) \u00daraz \u017e\u00e1ka\/\u017e\u00e1kyn\u011b mus\u00ed b\u00fdt \u0159\u00e1dn\u011b nahl\u00e1\u0161en podle ustanoven\u00ed \u0161koln\u00edho \u0159\u00e1du \u2013<br \/>\nKa\u017ed\u00fd \u00faraz, poran\u011bn\u00ed \u010di nehodu, k n\u00ed\u017e dojde b\u011bhem vyu\u010dov\u00e1n\u00ed ve t\u0159\u00edd\u011b, na chodb\u011b nebo \u0161koln\u00edm h\u0159i\u0161ti nebo p\u0159i mimo\u0161koln\u00edch akc\u00edch organizovan\u00fdch \u0161kolou jsou \u017e\u00e1ci povinni ihned nahl\u00e1sit vyu\u010duj\u00edc\u00edmu nebo t\u0159\u00eddn\u00edmu u\u010diteli, kter\u00fd bez zbyte\u010dn\u00e9ho odkladu informuje z\u00e1konn\u00e9ho z\u00e1stupce \u017e\u00e1ka a odpov\u011bdn\u00e9ho pracovn\u00edka, je\u017e \u00faraz zaeviduje. Pokud nebude o \u00farazu informov\u00e1n pracovn\u00edk \u0161koly t\u00e9ho\u017e dne nebo n\u00e1sleduj\u00edc\u00ed pracovn\u00ed den po \u00farazu, nebude \u0161kola na takov\u00fdto p\u0159\u00edpad reflektovat.<\/p>\n<p>b) Z\u00e1konn\u00ed z\u00e1stupci nebo \u017e\u00e1k\/\u017e\u00e1kyn\u011b neprodlen\u011b doru\u010d\u00ed \u0161kole l\u00e9ka\u0159sk\u00e9 potvrzen\u00ed, ze kter\u00e9ho bude z\u0159ejm\u00e9, \u017ee \u00faraz nastal ve \u0161kole a byl l\u00e9ka\u0159sky o\u0161et\u0159en.<\/p>\n<p>c) \u0160kola (pov\u011b\u0159en\u00fd pracovn\u00edk) vykon\u00e1 po ozn\u00e1men\u00ed z\u00e1pis do knihy \u00faraz\u016f, ihned pot\u00e9, co bude informov\u00e1n. Ov\u011b\u0159\u00ed p\u0159\u00edslu\u0161n\u00e9 skute\u010dnosti a dopln\u00ed n\u00e1le\u017eitosti z\u00e1pisu. Tato osoba takt\u00e9\u017e sleduje podm\u00ednky \u00farazu, kter\u00e9 napl\u0148uj\u00ed charakter \u00farazu ve smyslu dokumentu Z\u00e1znam o \u00farazu do syst\u00e9mu \u010c\u0160I.<\/p>\n<p>d) Z\u00e1konn\u00fd z\u00e1stupce \u017e\u00e1ka\/-kyn\u011b se \u0161koln\u00edm \u00farazem vyk\u00e1\u017ee a provede prokazatelnou aktivitu pro uplatn\u011bn\u00ed n\u00e1roku n\u00e1hrady \u0161koly p\u0159\u00edslu\u0161nou \u017e\u00e1dost\u00ed a zd\u016fvodn\u011bn\u00edm proveden\u00e9m v dokumentu Uplatn\u011bn\u00ed n\u00e1roku po\u0161kozen\u00e9ho na n\u00e1hradu \u0161kody. D\u00e1le pak p\u0159\u00edslu\u0161n\u00fd z\u00e1konn\u00fd z\u00e1stupce provede uplatn\u011bn\u00ed bolestn\u00e9ho pomoc\u00ed posudku o bolestn\u00e9m. Tyto dokumenty poskytne \u0161kola cestou pov\u011b\u0159en\u00e9 osoby p\u0159ed\u00e1n\u00edm tiskopisu \u017e\u00e1ku\/\u017e\u00e1kyni pot\u00e9, co \u0161kola obdr\u017e\u00ed\u00a0 l\u00e9ka\u0159skou zpr\u00e1vu o \u00faraze.<\/p>\n<p>e) Prokazatelnou aktivitu uplatn\u00ed z\u00e1konn\u00fd z\u00e1stupce u pod\u00edlu spolu\u00fa\u010dasti \u0161koly p\u0159i hrazen\u00ed vznikl\u00e9 \u0161kody<br \/>\na to pomoc\u00ed \u0159\u00e1dn\u011b podan\u00e9 \u017e\u00e1dosti <a href=\"https:\/\/www.zszubri.cz\/?attachment_id=22296\" target=\"_blank\" rel=\"attachment noopener wp-att-22296\">&#8211; ke sta\u017een\u00ed zde<\/a><\/p>\n<p>f) \u0160kola provede \u0159\u00e1dnou evidenci podan\u00fdm dokument\u016f a zajist\u00ed adekv\u00e1tn\u00ed procesn\u00ed aktivity sm\u011b\u0159uj\u00edc\u00ed<br \/>\nk uspokojen\u00ed opr\u00e1vn\u011bn\u00fdch a prokazateln\u00fdch n\u00e1rok\u016f po\u0161kozen\u00e9ho ve smyslu pln\u011bn\u00ed pojistn\u00e9ho.<\/p>\n<p>V Zub\u0159\u00ed, 11.09.2025 vypracoval Mgr. Marek MIKL, Z\u0158\u0160 Z\u0160 Zub\u0159\u00ed<\/p>\n<p>Schv\u00e1lil : Mgr. Tom\u00e1\u0161 Rand\u00fdsek, \u0158\u0160 Z\u0160 Zub\u0159\u00ed<\/p>\n<hr \/>\n","protected":false},"excerpt":{"rendered":"<p>INFORMACE \u2013 \u0160KOLN\u00cd \u00daRAZY Na z\u00e1klad\u011b platn\u00e9 pojistn\u00e9 smlouvy \u0161koly s firmou: Kooperativa poji\u0161\u0165ovna, a.s., Vienna Insurance Group Brn\u011bnsk\u00e1 634, 664 42 Mod\u0159ice Tel.: 957 105 105 E-mail: info@koop.cz Podatelna: podatelna@koop.cz Centr\u00e1la: Kooperativa poji\u0161\u0165ovna, a.s., Vienna Insurance Group Pob\u0159e\u017en\u00ed 665\/21, 186 00 Praha 8 Tel.: 956 421 111, 120, 121 E-mail: info@koop.cz Schr\u00e1nka: n6tetn3 \u0161kola nastavuje n\u00e1sleduj\u00edc\u00ed pravidla pro \u0159e\u0161en\u00ed a umo\u0159ov\u00e1n\u00ed tzv. \u0161koln\u00edch \u00faraz\u016f: a) \u00daraz \u017e\u00e1ka\/\u017e\u00e1kyn\u011b mus\u00ed b\u00fdt \u0159\u00e1dn\u011b nahl\u00e1\u0161en podle ustanoven\u00ed \u0161koln\u00edho \u0159\u00e1du \u2013 Ka\u017ed\u00fd \u00faraz, poran\u011bn\u00ed \u010di nehodu, k n\u00ed\u017e dojde b\u011bhem vyu\u010dov\u00e1n\u00ed ve t\u0159\u00edd\u011b, na chodb\u011b nebo \u0161koln\u00edm h\u0159i\u0161ti nebo p\u0159i mimo\u0161koln\u00edch akc\u00edch organizovan\u00fdch \u0161kolou jsou \u017e\u00e1ci povinni ihned nahl\u00e1sit vyu\u010duj\u00edc\u00edmu nebo t\u0159\u00eddn\u00edmu u\u010diteli, kter\u00fd bez zbyte\u010dn\u00e9ho odkladu informuje z\u00e1konn\u00e9ho z\u00e1stupce \u017e\u00e1ka a odpov\u011bdn\u00e9ho pracovn\u00edka, je\u017e \u00faraz zaeviduje. Pokud nebude o \u00farazu informov\u00e1n pracovn\u00edk \u0161koly t\u00e9ho\u017e dne nebo n\u00e1sleduj\u00edc\u00ed pracovn\u00ed den po \u00farazu, nebude \u0161kola na takov\u00fdto p\u0159\u00edpad reflektovat. b) Z\u00e1konn\u00ed z\u00e1stupci nebo \u017e\u00e1k\/\u017e\u00e1kyn\u011b neprodlen\u011b doru\u010d\u00ed \u0161kole l\u00e9ka\u0159sk\u00e9 potvrzen\u00ed, ze kter\u00e9ho bude z\u0159ejm\u00e9, \u017ee \u00faraz nastal ve \u0161kole a byl l\u00e9ka\u0159sky o\u0161et\u0159en. c) \u0160kola (pov\u011b\u0159en\u00fd pracovn\u00edk) vykon\u00e1 po ozn\u00e1men\u00ed z\u00e1pis do knihy \u00faraz\u016f, ihned pot\u00e9, co bude informov\u00e1n. Ov\u011b\u0159\u00ed p\u0159\u00edslu\u0161n\u00e9 skute\u010dnosti a dopln\u00ed n\u00e1le\u017eitosti z\u00e1pisu. Tato osoba takt\u00e9\u017e sleduje podm\u00ednky \u00farazu, kter\u00e9 napl\u0148uj\u00ed charakter \u00farazu ve smyslu dokumentu Z\u00e1znam o \u00farazu do syst\u00e9mu \u010c\u0160I. d) Z\u00e1konn\u00fd z\u00e1stupce \u017e\u00e1ka\/-kyn\u011b se \u0161koln\u00edm \u00farazem vyk\u00e1\u017ee a provede prokazatelnou aktivitu pro uplatn\u011bn\u00ed n\u00e1roku n\u00e1hrady \u0161koly p\u0159\u00edslu\u0161nou \u017e\u00e1dost\u00ed a zd\u016fvodn\u011bn\u00edm proveden\u00e9m v dokumentu Uplatn\u011bn\u00ed n\u00e1roku po\u0161kozen\u00e9ho na n\u00e1hradu \u0161kody. D\u00e1le pak p\u0159\u00edslu\u0161n\u00fd z\u00e1konn\u00fd z\u00e1stupce provede uplatn\u011bn\u00ed bolestn\u00e9ho pomoc\u00ed posudku o bolestn\u00e9m. Tyto dokumenty poskytne \u0161kola cestou pov\u011b\u0159en\u00e9 osoby p\u0159ed\u00e1n\u00edm tiskopisu \u017e\u00e1ku\/\u017e\u00e1kyni pot\u00e9, co \u0161kola obdr\u017e\u00ed\u00a0 l\u00e9ka\u0159skou zpr\u00e1vu o \u00faraze. e) Prokazatelnou aktivitu uplatn\u00ed z\u00e1konn\u00fd z\u00e1stupce u pod\u00edlu spolu\u00fa\u010dasti \u0161koly p\u0159i hrazen\u00ed vznikl\u00e9 \u0161kody a to pomoc\u00ed \u0159\u00e1dn\u011b podan\u00e9 \u017e\u00e1dosti &#8211; ke sta\u017een\u00ed zde f) \u0160kola provede \u0159\u00e1dnou evidenci podan\u00fdm dokument\u016f a zajist\u00ed adekv\u00e1tn\u00ed procesn\u00ed aktivity sm\u011b\u0159uj\u00edc\u00ed k uspokojen\u00ed opr\u00e1vn\u011bn\u00fdch a prokazateln\u00fdch n\u00e1rok\u016f po\u0161kozen\u00e9ho ve smyslu pln\u011bn\u00ed pojistn\u00e9ho. V Zub\u0159\u00ed, 11.09.2025 vypracoval Mgr. Marek MIKL, Z\u0158\u0160 Z\u0160 Zub\u0159\u00ed Schv\u00e1lil : Mgr. Tom\u00e1\u0161 Rand\u00fdsek, \u0158\u0160 Z\u0160 Zub\u0159\u00ed<\/p>\n","protected":false},"author":1,"featured_media":0,"parent":0,"menu_order":0,"comment_status":"closed","ping_status":"closed","template":"","meta":{"ngg_post_thumbnail":0,"footnotes":""},"acf":[],"_links":{"self":[{"href":"https:\/\/www.zszubri.cz\/index.php?rest_route=\/wp\/v2\/pages\/22043"}],"collection":[{"href":"https:\/\/www.zszubri.cz\/index.php?rest_route=\/wp\/v2\/pages"}],"about":[{"href":"https:\/\/www.zszubri.cz\/index.php?rest_route=\/wp\/v2\/types\/page"}],"author":[{"embeddable":true,"href":"https:\/\/www.zszubri.cz\/index.php?rest_route=\/wp\/v2\/users\/1"}],"replies":[{"embeddable":true,"href":"https:\/\/www.zszubri.cz\/index.php?rest_route=%2Fwp%2Fv2%2Fcomments&post=22043"}],"version-history":[{"count":8,"href":"https:\/\/www.zszubri.cz\/index.php?rest_route=\/wp\/v2\/pages\/22043\/revisions"}],"predecessor-version":[{"id":23722,"href":"https:\/\/www.zszubri.cz\/index.php?rest_route=\/wp\/v2\/pages\/22043\/revisions\/23722"}],"wp:attachment":[{"href":"https:\/\/www.zszubri.cz\/index.php?rest_route=%2Fwp%2Fv2%2Fmedia&parent=22043"}],"curies":[{"name":"wp","href":"https:\/\/api.w.org\/{rel}","templated":true}]}}