{"id":22330,"date":"2024-08-15T22:39:52","date_gmt":"2024-08-15T20:39:52","guid":{"rendered":"https:\/\/www.zszubri.cz\/?page_id=22330"},"modified":"2024-08-15T22:39:53","modified_gmt":"2024-08-15T20:39:53","slug":"akce-sk-2","status":"publish","type":"page","link":"https:\/\/www.zszubri.cz\/?page_id=22330","title":{"rendered":"AKCE \u0160K"},"content":{"rendered":"<p>&nbsp;<\/p>\n<p>Kr\u00e1tk\u00e9 zpr\u00e1vy o d\u011bn\u00ed ve \u0161koln\u00edm klubu naleznete v <a href=\"http:\/\/www.zszubri.cz\/?cat=2\">rubrice aktuality<\/a>, p\u0159\u00edpadn\u011b vyhled\u00e1n\u00edm slova \u0161koln\u00ed klub ve vyhled\u00e1va\u010di \u0161koln\u00edho webu.<\/p>\n","protected":false},"excerpt":{"rendered":"<p>&nbsp; Kr\u00e1tk\u00e9 zpr\u00e1vy o d\u011bn\u00ed ve \u0161koln\u00edm klubu naleznete v rubrice aktuality, p\u0159\u00edpadn\u011b vyhled\u00e1n\u00edm slova \u0161koln\u00ed klub ve vyhled\u00e1va\u010di \u0161koln\u00edho webu.<\/p>\n","protected":false},"author":1,"featured_media":0,"parent":104,"menu_order":0,"comment_status":"closed","ping_status":"closed","template":"","meta":{"ngg_post_thumbnail":0,"footnotes":""},"acf":[],"_links":{"self":[{"href":"https:\/\/www.zszubri.cz\/index.php?rest_route=\/wp\/v2\/pages\/22330"}],"collection":[{"href":"https:\/\/www.zszubri.cz\/index.php?rest_route=\/wp\/v2\/pages"}],"about":[{"href":"https:\/\/www.zszubri.cz\/index.php?rest_route=\/wp\/v2\/types\/page"}],"author":[{"embeddable":true,"href":"https:\/\/www.zszubri.cz\/index.php?rest_route=\/wp\/v2\/users\/1"}],"replies":[{"embeddable":true,"href":"https:\/\/www.zszubri.cz\/index.php?rest_route=%2Fwp%2Fv2%2Fcomments&post=22330"}],"version-history":[{"count":1,"href":"https:\/\/www.zszubri.cz\/index.php?rest_route=\/wp\/v2\/pages\/22330\/revisions"}],"predecessor-version":[{"id":22331,"href":"https:\/\/www.zszubri.cz\/index.php?rest_route=\/wp\/v2\/pages\/22330\/revisions\/22331"}],"up":[{"embeddable":true,"href":"https:\/\/www.zszubri.cz\/index.php?rest_route=\/wp\/v2\/pages\/104"}],"wp:attachment":[{"href":"https:\/\/www.zszubri.cz\/index.php?rest_route=%2Fwp%2Fv2%2Fmedia&parent=22330"}],"curies":[{"name":"wp","href":"https:\/\/api.w.org\/{rel}","templated":true}]}}