{"id":22820,"date":"2024-12-29T15:46:57","date_gmt":"2024-12-29T14:46:57","guid":{"rendered":"https:\/\/www.zszubri.cz\/?page_id=22820"},"modified":"2024-12-29T15:52:02","modified_gmt":"2024-12-29T14:52:02","slug":"projekt-digitalizce-plan-narodni-obnovy","status":"publish","type":"page","link":"https:\/\/www.zszubri.cz\/?page_id=22820","title":{"rendered":"Projekt Digitalizace &#8211; pl\u00e1n N\u00e1rodn\u00ed obnovy"},"content":{"rendered":"<p>Souhrnn\u00e1 informace o projektu: <a href=\"https:\/\/www.zszubri.cz\/?attachment_id=22824\" rel=\"attachment wp-att-22824\">P\u0159ehled_pln\u011bn\u00ed_c\u00edl\u016f_podle_V\u00fdzvy_M\u0160MT_pro_v\u00fdb\u011br_vzoru_publicity(3267137622) a dal\u0161\u00ed v\u00fdznamn\u00e9 odkazy( dokumentace)<\/a><\/p>\n<p>&nbsp;<\/p>\n<p>Povinn\u00e1 publicita odpov\u00eddaj\u00edc\u00ed \u00fa\u010dasti \u0161koly v obdob\u00ed 2022 &#8211; 2024:<\/p>\n<p>2022 <a href=\"https:\/\/www.zszubri.cz\/?attachment_id=22825\" rel=\"attachment wp-att-22825\">Vzor_publicity_c\u00edl_174_digit\u00e1ln\u00ed_u\u010debn\u00ed_pom\u016fcky(3921512657)<\/a><\/p>\n<p>2023 <a href=\"https:\/\/www.zszubri.cz\/?attachment_id=22826\" rel=\"attachment wp-att-22826\">Vzor_publicity_c\u00edl_173_a_174_sou\u010dasn\u011b (3688516297)<\/a><\/p>\n<p>2024 <a href=\"https:\/\/www.zszubri.cz\/?attachment_id=22827\" rel=\"attachment wp-att-22827\">Vzor_publicity_c\u00edl_173_prevence_digit\u00e1ln\u00ed_propasti(3497699610)<\/a><\/p>\n","protected":false},"excerpt":{"rendered":"<p>Souhrnn\u00e1 informace o projektu: P\u0159ehled_pln\u011bn\u00ed_c\u00edl\u016f_podle_V\u00fdzvy_M\u0160MT_pro_v\u00fdb\u011br_vzoru_publicity(3267137622) a dal\u0161\u00ed v\u00fdznamn\u00e9 odkazy( dokumentace) &nbsp; Povinn\u00e1 publicita odpov\u00eddaj\u00edc\u00ed \u00fa\u010dasti \u0161koly v obdob\u00ed 2022 &#8211; 2024: 2022 Vzor_publicity_c\u00edl_174_digit\u00e1ln\u00ed_u\u010debn\u00ed_pom\u016fcky(3921512657) 2023 Vzor_publicity_c\u00edl_173_a_174_sou\u010dasn\u011b (3688516297) 2024 Vzor_publicity_c\u00edl_173_prevence_digit\u00e1ln\u00ed_propasti(3497699610)<\/p>\n","protected":false},"author":1,"featured_media":0,"parent":0,"menu_order":0,"comment_status":"closed","ping_status":"closed","template":"","meta":{"ngg_post_thumbnail":0,"footnotes":""},"acf":[],"_links":{"self":[{"href":"https:\/\/www.zszubri.cz\/index.php?rest_route=\/wp\/v2\/pages\/22820"}],"collection":[{"href":"https:\/\/www.zszubri.cz\/index.php?rest_route=\/wp\/v2\/pages"}],"about":[{"href":"https:\/\/www.zszubri.cz\/index.php?rest_route=\/wp\/v2\/types\/page"}],"author":[{"embeddable":true,"href":"https:\/\/www.zszubri.cz\/index.php?rest_route=\/wp\/v2\/users\/1"}],"replies":[{"embeddable":true,"href":"https:\/\/www.zszubri.cz\/index.php?rest_route=%2Fwp%2Fv2%2Fcomments&post=22820"}],"version-history":[{"count":3,"href":"https:\/\/www.zszubri.cz\/index.php?rest_route=\/wp\/v2\/pages\/22820\/revisions"}],"predecessor-version":[{"id":22829,"href":"https:\/\/www.zszubri.cz\/index.php?rest_route=\/wp\/v2\/pages\/22820\/revisions\/22829"}],"wp:attachment":[{"href":"https:\/\/www.zszubri.cz\/index.php?rest_route=%2Fwp%2Fv2%2Fmedia&parent=22820"}],"curies":[{"name":"wp","href":"https:\/\/api.w.org\/{rel}","templated":true}]}}