{"id":23541,"date":"2025-08-22T19:07:13","date_gmt":"2025-08-22T17:07:13","guid":{"rendered":"https:\/\/www.zszubri.cz\/?page_id=23541"},"modified":"2025-09-14T19:25:07","modified_gmt":"2025-09-14T17:25:07","slug":"sablony-2-zs-zubri","status":"publish","type":"page","link":"https:\/\/www.zszubri.cz\/?page_id=23541","title":{"rendered":"\u0160ABLONY 2 &#8211; Z\u0160 ZUB\u0158\u00cd"},"content":{"rendered":"<p>Stru\u010dn\u00fd popis projektu, v\u010detn\u011b jeho c\u00edl\u016f a v\u00fdsledk\u016f a v\u010detn\u011b obr\u00e1zku s logolinkem EU + M\u0160MT: Celkov\u00e1 dotace 1 531 511 K\u010d, c\u00edlem projektu je modernizace n\u011bkter\u00fdch aspekt\u016f vzd\u011bl\u00e1v\u00e1n\u00ed Z\u0160 Zub\u0159\u00ed a to pomoc\u00ed aktivit:<\/p>\n<ul>\n<li>dou\u010dov\u00e1n\u00ed<\/li>\n<li>DVPP<\/li>\n<li>kari\u00e9rn\u00ed poradce<\/li>\n<li>\u0161koln\u00ed asistent<\/li>\n<\/ul>\n<p>&nbsp;<\/p>\n<table width=\"973\">\n<tbody>\n<tr>\n<td width=\"12\">&nbsp;<\/td>\n<td width=\"55\">&nbsp;<\/td>\n<td width=\"31\">&nbsp;<\/td>\n<td width=\"113\">&nbsp;<\/td>\n<td width=\"113\">&nbsp;<\/td>\n<td width=\"120\">&nbsp;<\/td>\n<td width=\"12\">&nbsp;<\/td>\n<td rowspan=\"5\" width=\"98\">Cena jedn\u00e9 \u0161ablony<br \/>\n(v K\u010d)<\/td>\n<td rowspan=\"5\" width=\"113\">Po\u017eadov\u00e1no \u0161ablon (v tomto sloupci vypl\u0148te<br \/>\npo\u010det \u0161ablon)<\/td>\n<td rowspan=\"5\" width=\"113\">Po\u017eadov\u00e1no celkem<br \/>\n(v K\u010d)<\/td>\n<td width=\"12\">&nbsp;<\/td>\n<td rowspan=\"5\" width=\"83\">Pl\u00e1novan\u00fd \u00favazek<\/td>\n<td rowspan=\"5\" width=\"86\">Po\u010det m\u011bs\u00edc\u016f vyu\u017eit\u00ed person\u00e1ln\u00ed pozice<\/td>\n<td width=\"12\">&nbsp;<\/td>\n<\/tr>\n<tr>\n<td>&nbsp;<\/td>\n<td colspan=\"6\" width=\"432\">Z\u00e1kladn\u00ed \u0161kola<\/td>\n<td>&nbsp;<\/td>\n<td>&nbsp;<\/td>\n<\/tr>\n<tr>\n<td>&nbsp;<\/td>\n<td>&nbsp;<\/td>\n<td>&nbsp;<\/td>\n<td width=\"113\">Po\u010det \u017e\u00e1k\u016f<\/td>\n<td width=\"113\">Speci\u00e1ln\u00ed \u0161kola<\/td>\n<td width=\"120\">Maxim\u00e1ln\u00ed dotace<\/td>\n<td>&nbsp;<\/td>\n<td>&nbsp;<\/td>\n<td width=\"12\">&nbsp;<\/td>\n<\/tr>\n<tr>\n<td>&nbsp;<\/td>\n<td>&nbsp;<\/td>\n<td>&nbsp;<\/td>\n<td>527<\/td>\n<td>Ne<\/td>\n<td>1 304 000 K\u010d<\/td>\n<td>&nbsp;<\/td>\n<td>&nbsp;<\/td>\n<td width=\"12\">&nbsp;<\/td>\n<\/tr>\n<tr>\n<td>&nbsp;<\/td>\n<td>&nbsp;<\/td>\n<td>&nbsp;<\/td>\n<td>&nbsp;<\/td>\n<td>&nbsp;<\/td>\n<td>&nbsp;<\/td>\n<td>&nbsp;<\/td>\n<td>&nbsp;<\/td>\n<td width=\"12\">&nbsp;<\/td>\n<\/tr>\n<tr>\n<td>&nbsp;<\/td>\n<td colspan=\"4\">Za Z\u0160 finance celkem<\/td>\n<td>&nbsp;<\/td>\n<td colspan=\"2\">&nbsp;mo\u017eno je\u0161t\u011b rozd\u011blit<\/td>\n<td>201 K\u010d<\/td>\n<td>&nbsp;<\/td>\n<td>1 303 799 K\u010d<\/td>\n<td>&nbsp;<\/td>\n<td>&nbsp;<\/td>\n<td>&nbsp;<\/td>\n<td>&nbsp;<\/td>\n<\/tr>\n<tr>\n<td>&nbsp;<\/td>\n<td>2.II\/1<\/td>\n<td>2.4<\/td>\n<td colspan=\"4\" width=\"358\">\u0160koln\u00ed asistent Z\u0160<\/td>\n<td>423 K\u010d<\/td>\n<td>2 293<\/td>\n<td>969 939 K\u010d<\/td>\n<td>&nbsp;<\/td>\n<td>1,000<\/td>\n<td>16<\/td>\n<td>&nbsp;<\/td>\n<\/tr>\n<tr>\n<td>&nbsp;<\/td>\n<td>2.II\/2<\/td>\n<td>2.4<\/td>\n<td colspan=\"4\" width=\"358\">Dvojjazy\u010dn\u00fd asistent Z\u0160<\/td>\n<td>526 K\u010d<\/td>\n<td>0<\/td>\n<td>0 K\u010d<\/td>\n<td>&nbsp;<\/td>\n<td>0,000<\/td>\n<td>0<\/td>\n<td>&nbsp;<\/td>\n<\/tr>\n<tr>\n<td>&nbsp;<\/td>\n<td>2.II\/3<\/td>\n<td>2.4<\/td>\n<td colspan=\"4\" width=\"358\">Kari\u00e9rov\u00fd poradce Z\u0160<\/td>\n<td>620 K\u010d<\/td>\n<td>143<\/td>\n<td>88 660 K\u010d<\/td>\n<td>&nbsp;<\/td>\n<td>0,100<\/td>\n<td>10<\/td>\n<td>&nbsp;<\/td>\n<\/tr>\n<tr>\n<td>&nbsp;<\/td>\n<td>2.II\/4<\/td>\n<td>2.4<\/td>\n<td colspan=\"4\" width=\"358\">Vzd\u011bl\u00e1v\u00e1n\u00ed pracovn\u00edk\u016f ve vzd\u011bl\u00e1v\u00e1n\u00ed Z\u0160<\/td>\n<td>3 408 K\u010d<\/td>\n<td>25<\/td>\n<td>85 200 K\u010d<\/td>\n<td>&nbsp;<\/td>\n<td>&nbsp;<\/td>\n<td>&nbsp;<\/td>\n<td>&nbsp;<\/td>\n<\/tr>\n<tr>\n<td>&nbsp;<\/td>\n<td>2.II\/5<\/td>\n<td>2.4<\/td>\n<td colspan=\"4\" width=\"358\">Inovativn\u00ed vzd\u011bl\u00e1v\u00e1n\u00ed \u017e\u00e1k\u016f v Z\u0160<\/td>\n<td>20 000 K\u010d<\/td>\n<td>0<\/td>\n<td>0 K\u010d<\/td>\n<td>&nbsp;<\/td>\n<td>&nbsp;<\/td>\n<td>&nbsp;<\/td>\n<td>&nbsp;<\/td>\n<\/tr>\n<tr>\n<td>&nbsp;<\/td>\n<td>2.II\/6<\/td>\n<td>2.4<\/td>\n<td colspan=\"4\" width=\"358\">Dou\u010dov\u00e1n\u00ed \u017e\u00e1k\u016f ohro\u017een\u00fdch \u0161koln\u00edm ne\u00fasp\u011bchem&nbsp; v&nbsp;Z\u0160<\/td>\n<td>20 000 K\u010d<\/td>\n<td>8<\/td>\n<td>160 000 K\u010d<\/td>\n<td>&nbsp;<\/td>\n<td>&nbsp;<\/td>\n<td>&nbsp;<\/td>\n<td>&nbsp;<\/td>\n<\/tr>\n<tr>\n<td>&nbsp;<\/td>\n<td colspan=\"4\">Za Z\u0160 finance celkem<\/td>\n<td>&nbsp;<\/td>\n<td colspan=\"2\">&nbsp;mo\u017eno je\u0161t\u011b rozd\u011blit<\/td>\n<td>201 K\u010d<\/td>\n<td>&nbsp;<\/td>\n<td>1 303 799 K\u010d<\/td>\n<td>&nbsp;<\/td>\n<td>&nbsp;<\/td>\n<td>&nbsp;<\/td>\n<td>&nbsp;<\/td>\n<\/tr>\n<\/tbody>\n<\/table>\n<p>Jak \u0161ablona p\u0159isp\u00edv\u00e1 k napl\u0148ov\u00e1n\u00ed c\u00edl\u016f Koncepce rozvoje \u0161koly<\/p>\n<table width=\"940\">\n<tbody>\n<tr>\n<td rowspan=\"5\" width=\"940\">&nbsp; Realizac\u00ed t\u00e9to aktivity doch\u00e1z\u00ed k napln\u011bn\u00ed \u010dinnost\u00ed p\u0159\u00ednosn\u00fdch a podporuj\u00edc\u00edch vybranou skupinu klilent\u016f \u0161koly zvl\u00e1\u0161t\u011b p\u0159i pln\u011bn\u00ed jejich velmi specifick\u00fdch pot\u0159eb. \u010c\u00e1ste\u010dn\u011b dojde i k podpo\u0159e n\u011bkter\u00fdch organiza\u010dn\u00edch a podp\u016frn\u00fdch aktivit nutn\u00fdch k realizaci v\u00fduky.Realizac\u00ed t\u00e9to aktivity doch\u00e1z\u00ed ke konkr\u00e9tn\u00ed, systematick\u00e9 a pl\u00e1novit\u00e9 podpo\u0159e klient\u016f \u0161koly, \u017e\u00e1k\u016f\/-ky\u0148 a rodi\u010d\u016f v t\u00e9matech budouc\u00ed profesn\u00ed orientace, p\u0159ekon\u00e1v\u00e1n\u00ed n\u00e1strah dynamicky se m\u011bn\u00edc\u00ed legislativy a podm\u00ednek p\u0159ij\u00edmac\u00edho \u0159\u00edzen\u00ed a orientace v syst\u00e9mu nab\u00eddek st\u0159edn\u00edch \u0161kol.<\/td>\n<\/tr>\n<tr>\n<td>&nbsp;<\/td>\n<\/tr>\n<tr>\n<td width=\"940\">&nbsp;<\/td>\n<\/tr>\n<tr>\n<td width=\"940\">&nbsp;<\/td>\n<\/tr>\n<tr>\n<td width=\"940\">&nbsp;<\/td>\n<\/tr>\n<tr>\n<td width=\"940\">Realizac\u00ed t\u00e9to aktivity doch\u00e1z\u00ed ke kvalifikovan\u00e9 p\u0159\u00edprav\u011b p\u0159\u00edslu\u0161n\u00e9ho pracovn\u00edka \u0161koly k aktivit\u00e1m projektu a k zaru\u010den\u00ed odbornosti a souladu aktivit realizovan\u00fdch projektem.<\/td>\n<\/tr>\n<tr>\n<td width=\"940\">&nbsp;<\/td>\n<\/tr>\n<tr>\n<td width=\"940\">Realizac\u00ed t\u00e9to aktivity doch\u00e1z\u00ed k napln\u011bn\u00ed slu\u017eby, kter\u00e1 je klienty popt\u00e1v\u00e1na a je aktivitou s identifikovatelnou p\u0159idanou hodnotu ve smyslu prokazatelnosti a p\u0159\u00ednosnosti takto realizovan\u00e9 v\u00fduky pro klienty ohro\u017een\u00e9 koln\u00edm ne\u00fasp\u011bchem p\u0159i \u0161koln\u00ed doch\u00e1zce.<\/td>\n<\/tr>\n<\/tbody>\n<\/table>\n<p>&nbsp;<\/p>\n<p>Projekt bude zah\u00e1jen 01\/07\/2025 a p\u0159edpokl\u00e1dan\u00e9 ukon\u010den\u00ed je do 30\/06\/2027. Projekt se uskute\u010d\u0148uje v organiza\u010dn\u00edch jednotk\u00e1ch Z\u0160, \u0160D a \u0160K.<\/p>\n<p>&nbsp;<\/p>\n<p>&nbsp;<\/p>\n<p>&nbsp;<\/p>\n<p><a href=\"https:\/\/www.zszubri.cz\/?attachment_id=23542\" rel=\"attachment wp-att-23542\"><img decoding=\"async\" loading=\"lazy\" class=\"alignnone size-large wp-image-23542\" src=\"http:\/\/www.zszubri.cz\/wp-content\/uploads\/2025\/08\/logo-sablony-2-1024x148.png\" alt=\"\" width=\"960\" height=\"139\" srcset=\"https:\/\/www.zszubri.cz\/wp-content\/uploads\/2025\/08\/logo-sablony-2-1024x148.png 1024w, https:\/\/www.zszubri.cz\/wp-content\/uploads\/2025\/08\/logo-sablony-2-300x43.png 300w, https:\/\/www.zszubri.cz\/wp-content\/uploads\/2025\/08\/logo-sablony-2-768x111.png 768w, https:\/\/www.zszubri.cz\/wp-content\/uploads\/2025\/08\/logo-sablony-2-1536x222.png 1536w, https:\/\/www.zszubri.cz\/wp-content\/uploads\/2025\/08\/logo-sablony-2-2048x296.png 2048w, https:\/\/www.zszubri.cz\/wp-content\/uploads\/2025\/08\/logo-sablony-2-1140x165.png 1140w\" sizes=\"(max-width: 960px) 100vw, 960px\" \/><\/a><\/p>\n","protected":false},"excerpt":{"rendered":"<p>Stru\u010dn\u00fd popis projektu, v\u010detn\u011b jeho c\u00edl\u016f a v\u00fdsledk\u016f a v\u010detn\u011b obr\u00e1zku s logolinkem EU + M\u0160MT: Celkov\u00e1 dotace 1 531 511 K\u010d, c\u00edlem projektu je modernizace n\u011bkter\u00fdch aspekt\u016f vzd\u011bl\u00e1v\u00e1n\u00ed Z\u0160 Zub\u0159\u00ed a to pomoc\u00ed aktivit: dou\u010dov\u00e1n\u00ed DVPP kari\u00e9rn\u00ed poradce \u0161koln\u00ed asistent &nbsp; &nbsp; &nbsp; &nbsp; &nbsp; &nbsp; &nbsp; &nbsp; Cena jedn\u00e9 \u0161ablony (v K\u010d) Po\u017eadov\u00e1no \u0161ablon (v tomto sloupci vypl\u0148te po\u010det \u0161ablon) Po\u017eadov\u00e1no celkem (v K\u010d) &nbsp; Pl\u00e1novan\u00fd \u00favazek Po\u010det m\u011bs\u00edc\u016f vyu\u017eit\u00ed person\u00e1ln\u00ed pozice &nbsp; &nbsp; Z\u00e1kladn\u00ed \u0161kola &nbsp; &nbsp; &nbsp; &nbsp; &nbsp; Po\u010det \u017e\u00e1k\u016f Speci\u00e1ln\u00ed \u0161kola Maxim\u00e1ln\u00ed dotace &nbsp; &nbsp; &nbsp; &nbsp; &nbsp; &nbsp; 527 Ne 1 304 000 K\u010d &nbsp; &nbsp; &nbsp; &nbsp; &nbsp; &nbsp; &nbsp; &nbsp; &nbsp; &nbsp; &nbsp; &nbsp; &nbsp; Za Z\u0160 finance celkem &nbsp; &nbsp;mo\u017eno je\u0161t\u011b rozd\u011blit 201 K\u010d &nbsp; 1 303 799 K\u010d &nbsp; &nbsp; &nbsp; &nbsp; &nbsp; 2.II\/1 2.4 \u0160koln\u00ed asistent Z\u0160 423 K\u010d 2 293 969 939 K\u010d &nbsp; 1,000 16 &nbsp; &nbsp; 2.II\/2 2.4 Dvojjazy\u010dn\u00fd asistent Z\u0160 526 K\u010d 0 0 K\u010d &nbsp; 0,000 0 &nbsp; &nbsp; 2.II\/3 2.4 Kari\u00e9rov\u00fd poradce Z\u0160 620 K\u010d 143 88 660 K\u010d &nbsp; 0,100 10 &nbsp; &nbsp; 2.II\/4 2.4 Vzd\u011bl\u00e1v\u00e1n\u00ed pracovn\u00edk\u016f ve vzd\u011bl\u00e1v\u00e1n\u00ed Z\u0160 3 408 K\u010d 25 85 200 K\u010d &nbsp; &nbsp; &nbsp; &nbsp; &nbsp; 2.II\/5 2.4 Inovativn\u00ed vzd\u011bl\u00e1v\u00e1n\u00ed \u017e\u00e1k\u016f v Z\u0160 20 000 K\u010d 0 0 K\u010d &nbsp; &nbsp; &nbsp; &nbsp; &nbsp; 2.II\/6 2.4 Dou\u010dov\u00e1n\u00ed \u017e\u00e1k\u016f ohro\u017een\u00fdch \u0161koln\u00edm ne\u00fasp\u011bchem&nbsp; v&nbsp;Z\u0160 20 000 K\u010d 8 160 000 K\u010d &nbsp; &nbsp; &nbsp; &nbsp; &nbsp; Za Z\u0160 finance celkem &nbsp; &nbsp;mo\u017eno je\u0161t\u011b rozd\u011blit 201 K\u010d &nbsp; 1 303 799 K\u010d &nbsp; &nbsp; &nbsp; &nbsp; Jak \u0161ablona p\u0159isp\u00edv\u00e1 k napl\u0148ov\u00e1n\u00ed c\u00edl\u016f Koncepce rozvoje \u0161koly &nbsp; Realizac\u00ed t\u00e9to aktivity doch\u00e1z\u00ed k napln\u011bn\u00ed \u010dinnost\u00ed p\u0159\u00ednosn\u00fdch a podporuj\u00edc\u00edch vybranou skupinu klilent\u016f \u0161koly zvl\u00e1\u0161t\u011b p\u0159i pln\u011bn\u00ed jejich velmi specifick\u00fdch pot\u0159eb. \u010c\u00e1ste\u010dn\u011b dojde i k podpo\u0159e n\u011bkter\u00fdch organiza\u010dn\u00edch a podp\u016frn\u00fdch aktivit nutn\u00fdch k realizaci v\u00fduky.Realizac\u00ed t\u00e9to aktivity doch\u00e1z\u00ed ke konkr\u00e9tn\u00ed, systematick\u00e9 a pl\u00e1novit\u00e9 podpo\u0159e klient\u016f \u0161koly, \u017e\u00e1k\u016f\/-ky\u0148 a rodi\u010d\u016f v t\u00e9matech budouc\u00ed profesn\u00ed orientace, p\u0159ekon\u00e1v\u00e1n\u00ed n\u00e1strah dynamicky se m\u011bn\u00edc\u00ed legislativy a podm\u00ednek p\u0159ij\u00edmac\u00edho \u0159\u00edzen\u00ed a orientace v syst\u00e9mu nab\u00eddek st\u0159edn\u00edch \u0161kol. &nbsp; &nbsp; &nbsp; &nbsp; Realizac\u00ed t\u00e9to aktivity doch\u00e1z\u00ed ke kvalifikovan\u00e9 p\u0159\u00edprav\u011b p\u0159\u00edslu\u0161n\u00e9ho pracovn\u00edka \u0161koly k aktivit\u00e1m projektu a k zaru\u010den\u00ed odbornosti a souladu aktivit realizovan\u00fdch projektem. &nbsp; Realizac\u00ed t\u00e9to aktivity doch\u00e1z\u00ed k napln\u011bn\u00ed slu\u017eby, kter\u00e1 je klienty popt\u00e1v\u00e1na a je aktivitou s identifikovatelnou p\u0159idanou hodnotu ve smyslu prokazatelnosti a p\u0159\u00ednosnosti takto realizovan\u00e9 v\u00fduky pro klienty ohro\u017een\u00e9 koln\u00edm ne\u00fasp\u011bchem p\u0159i \u0161koln\u00ed doch\u00e1zce. &nbsp; Projekt bude zah\u00e1jen 01\/07\/2025 a p\u0159edpokl\u00e1dan\u00e9 ukon\u010den\u00ed je do 30\/06\/2027. Projekt se uskute\u010d\u0148uje v organiza\u010dn\u00edch jednotk\u00e1ch Z\u0160, \u0160D a \u0160K. &nbsp; &nbsp; &nbsp;<\/p>\n","protected":false},"author":1,"featured_media":0,"parent":0,"menu_order":0,"comment_status":"closed","ping_status":"closed","template":"","meta":{"ngg_post_thumbnail":0,"footnotes":""},"acf":[],"_links":{"self":[{"href":"https:\/\/www.zszubri.cz\/index.php?rest_route=\/wp\/v2\/pages\/23541"}],"collection":[{"href":"https:\/\/www.zszubri.cz\/index.php?rest_route=\/wp\/v2\/pages"}],"about":[{"href":"https:\/\/www.zszubri.cz\/index.php?rest_route=\/wp\/v2\/types\/page"}],"author":[{"embeddable":true,"href":"https:\/\/www.zszubri.cz\/index.php?rest_route=\/wp\/v2\/users\/1"}],"replies":[{"embeddable":true,"href":"https:\/\/www.zszubri.cz\/index.php?rest_route=%2Fwp%2Fv2%2Fcomments&post=23541"}],"version-history":[{"count":5,"href":"https:\/\/www.zszubri.cz\/index.php?rest_route=\/wp\/v2\/pages\/23541\/revisions"}],"predecessor-version":[{"id":23709,"href":"https:\/\/www.zszubri.cz\/index.php?rest_route=\/wp\/v2\/pages\/23541\/revisions\/23709"}],"wp:attachment":[{"href":"https:\/\/www.zszubri.cz\/index.php?rest_route=%2Fwp%2Fv2%2Fmedia&parent=23541"}],"curies":[{"name":"wp","href":"https:\/\/api.w.org\/{rel}","templated":true}]}}