{"id":3335,"date":"2014-08-15T17:57:43","date_gmt":"2014-08-15T15:57:43","guid":{"rendered":"http:\/\/www.zszubri.cz\/?page_id=3335"},"modified":"2025-01-19T20:50:16","modified_gmt":"2025-01-19T19:50:16","slug":"uredni-deska","status":"publish","type":"page","link":"https:\/\/www.zszubri.cz\/?page_id=3335","title":{"rendered":"\u00da\u0158EDN\u00cd DESKA"},"content":{"rendered":"\n<p><\/p>\n\n\n\n<figure class=\"wp-block-embed is-type-wp-embed is-provider-zakladni-skola-zubri-okres-vsetin wp-block-embed-zakladni-skola-zubri-okres-vsetin\"><div class=\"wp-block-embed__wrapper\">\n<blockquote class=\"wp-embedded-content\" data-secret=\"QmnbpCaYzA\"><a href=\"https:\/\/www.zszubri.cz\/?p=19408\">Sazebn\u00edk \u00fahrad za poskytov\u00e1n\u00ed informac\u00ed podle z\u00e1kona \u010d. 106\/1999 Sb.<\/a><\/blockquote><iframe class=\"wp-embedded-content\" sandbox=\"allow-scripts\" security=\"restricted\" style=\"position: absolute; clip: rect(1px, 1px, 1px, 1px);\" title=\"&#8222;Sazebn\u00edk \u00fahrad za poskytov\u00e1n\u00ed informac\u00ed podle z\u00e1kona \u010d. 106\/1999 Sb.&#8220; &#8212; Z\u00e1kladn\u00ed \u0161kola Zub\u0159\u00ed, okres Vset\u00edn\" src=\"https:\/\/www.zszubri.cz\/?p=19408&#038;embed=true#?secret=bvBxH4apkw#?secret=QmnbpCaYzA\" data-secret=\"QmnbpCaYzA\" width=\"600\" height=\"338\" frameborder=\"0\" marginwidth=\"0\" marginheight=\"0\" scrolling=\"no\"><\/iframe>\n<\/div><\/figure>\n\n\n\n<figure class=\"wp-block-embed is-type-wp-embed is-provider-zakladni-skola-zubri-okres-vsetin wp-block-embed-zakladni-skola-zubri-okres-vsetin\"><div class=\"wp-block-embed__wrapper\">\n<blockquote class=\"wp-embedded-content\" data-secret=\"AtHzzL10fn\"><a href=\"https:\/\/www.zszubri.cz\/?p=8016\">INFORMACE O ROZPO\u010cTU \u0160KOLY A N\u00c1VRH ST\u0158EDN\u011aDOB\u00c9HO V\u00ddHLEDU<\/a><\/blockquote><iframe class=\"wp-embedded-content\" sandbox=\"allow-scripts\" security=\"restricted\" style=\"position: absolute; clip: rect(1px, 1px, 1px, 1px);\" title=\"&#8222;INFORMACE O ROZPO\u010cTU \u0160KOLY A N\u00c1VRH ST\u0158EDN\u011aDOB\u00c9HO V\u00ddHLEDU&#8220; &#8212; Z\u00e1kladn\u00ed \u0161kola Zub\u0159\u00ed, okres Vset\u00edn\" src=\"https:\/\/www.zszubri.cz\/?p=8016&#038;embed=true#?secret=oW8rFQfOoO#?secret=AtHzzL10fn\" data-secret=\"AtHzzL10fn\" width=\"600\" height=\"338\" frameborder=\"0\" marginwidth=\"0\" marginheight=\"0\" scrolling=\"no\"><\/iframe>\n<\/div><\/figure>\n\n\n\n<figure class=\"wp-block-embed is-type-wp-embed is-provider-zakladni-skola-zubri-okres-vsetin wp-block-embed-zakladni-skola-zubri-okres-vsetin\"><div class=\"wp-block-embed__wrapper\">\n<blockquote class=\"wp-embedded-content\" data-secret=\"A0vAJ78HzI\"><a href=\"https:\/\/www.zszubri.cz\/?page_id=22877\">Informace o rozpo\u010dtu \u0161koly na rok 2025<\/a><\/blockquote><iframe class=\"wp-embedded-content\" sandbox=\"allow-scripts\" security=\"restricted\" style=\"position: absolute; clip: rect(1px, 1px, 1px, 1px);\" title=\"&#8222;Informace o rozpo\u010dtu \u0161koly na rok 2025&#8220; &#8212; Z\u00e1kladn\u00ed \u0161kola Zub\u0159\u00ed, okres Vset\u00edn\" src=\"https:\/\/www.zszubri.cz\/?page_id=22877&#038;embed=true#?secret=pAfE5wvXIo#?secret=A0vAJ78HzI\" data-secret=\"A0vAJ78HzI\" width=\"600\" height=\"338\" frameborder=\"0\" marginwidth=\"0\" marginheight=\"0\" scrolling=\"no\"><\/iframe>\n<\/div><\/figure>\n\n\n\n<figure class=\"wp-block-embed is-type-wp-embed is-provider-zakladni-skola-zubri-okres-vsetin wp-block-embed-zakladni-skola-zubri-okres-vsetin\"><div class=\"wp-block-embed__wrapper\">\n<blockquote class=\"wp-embedded-content\" data-secret=\"qCTBSNGF4L\"><a href=\"https:\/\/www.zszubri.cz\/?page_id=22904\">Informace o rozpo\u010dtu \u0161koly na rok 2024<\/a><\/blockquote><iframe class=\"wp-embedded-content\" sandbox=\"allow-scripts\" security=\"restricted\" style=\"position: absolute; clip: rect(1px, 1px, 1px, 1px);\" title=\"&#8222;Informace o rozpo\u010dtu \u0161koly na rok 2024&#8220; &#8212; Z\u00e1kladn\u00ed \u0161kola Zub\u0159\u00ed, okres Vset\u00edn\" src=\"https:\/\/www.zszubri.cz\/?page_id=22904&#038;embed=true#?secret=hDaaNnM5NB#?secret=qCTBSNGF4L\" data-secret=\"qCTBSNGF4L\" width=\"600\" height=\"338\" frameborder=\"0\" marginwidth=\"0\" marginheight=\"0\" scrolling=\"no\"><\/iframe>\n<\/div><\/figure>\n\n\n\n<figure class=\"wp-block-embed is-type-wp-embed is-provider-zakladni-skola-zubri-okres-vsetin wp-block-embed-zakladni-skola-zubri-okres-vsetin\"><div class=\"wp-block-embed__wrapper\">\n<blockquote class=\"wp-embedded-content\" data-secret=\"BgPvNeV8Fq\"><a href=\"https:\/\/www.zszubri.cz\/?p=19858\">Informace o rozpo\u010dtu \u0161koly na rok 2023<\/a><\/blockquote><iframe class=\"wp-embedded-content\" sandbox=\"allow-scripts\" security=\"restricted\" style=\"position: absolute; clip: rect(1px, 1px, 1px, 1px);\" title=\"&#8222;Informace o rozpo\u010dtu \u0161koly na rok 2023&#8220; &#8212; Z\u00e1kladn\u00ed \u0161kola Zub\u0159\u00ed, okres Vset\u00edn\" src=\"https:\/\/www.zszubri.cz\/?p=19858&#038;embed=true#?secret=IWMEh27Eiv#?secret=BgPvNeV8Fq\" data-secret=\"BgPvNeV8Fq\" width=\"600\" height=\"338\" frameborder=\"0\" marginwidth=\"0\" marginheight=\"0\" scrolling=\"no\"><\/iframe>\n<\/div><\/figure>\n\n\n\n<figure class=\"wp-block-embed is-type-wp-embed is-provider-zakladni-skola-zubri-okres-vsetin wp-block-embed-zakladni-skola-zubri-okres-vsetin\"><div class=\"wp-block-embed__wrapper\">\n<blockquote class=\"wp-embedded-content\" data-secret=\"N4A1ubm4n0\"><a href=\"https:\/\/www.zszubri.cz\/?p=19134\">ROZPO\u010cET \u0160KOLY PRO ROK 2022<\/a><\/blockquote><iframe class=\"wp-embedded-content\" sandbox=\"allow-scripts\" security=\"restricted\" style=\"position: absolute; clip: rect(1px, 1px, 1px, 1px);\" title=\"&#8222;ROZPO\u010cET \u0160KOLY PRO ROK 2022&#8220; &#8212; Z\u00e1kladn\u00ed \u0161kola Zub\u0159\u00ed, okres Vset\u00edn\" src=\"https:\/\/www.zszubri.cz\/?p=19134&#038;embed=true#?secret=A05UwYBd2I#?secret=N4A1ubm4n0\" data-secret=\"N4A1ubm4n0\" width=\"600\" height=\"338\" frameborder=\"0\" marginwidth=\"0\" marginheight=\"0\" scrolling=\"no\"><\/iframe>\n<\/div><\/figure>\n\n\n\n<figure class=\"wp-block-embed is-type-wp-embed is-provider-zakladni-skola-zubri-okres-vsetin wp-block-embed-zakladni-skola-zubri-okres-vsetin\"><div class=\"wp-block-embed__wrapper\">\n<blockquote class=\"wp-embedded-content\" data-secret=\"YTGvqApFDA\"><a href=\"https:\/\/www.zszubri.cz\/?p=7064\">INFORMACE O ROZPO\u010cTU \u0160KOLY 2018 &#8211; 2021<\/a><\/blockquote><iframe class=\"wp-embedded-content\" sandbox=\"allow-scripts\" security=\"restricted\" style=\"position: absolute; clip: rect(1px, 1px, 1px, 1px);\" title=\"&#8222;INFORMACE O ROZPO\u010cTU \u0160KOLY 2018 &#8211; 2021&#8220; &#8212; Z\u00e1kladn\u00ed \u0161kola Zub\u0159\u00ed, okres Vset\u00edn\" src=\"https:\/\/www.zszubri.cz\/?p=7064&#038;embed=true#?secret=NWY1VvLg5h#?secret=YTGvqApFDA\" data-secret=\"YTGvqApFDA\" width=\"600\" height=\"338\" frameborder=\"0\" marginwidth=\"0\" marginheight=\"0\" scrolling=\"no\"><\/iframe>\n<\/div><\/figure>\n\n\n\n<figure class=\"wp-block-embed is-type-wp-embed is-provider-zakladni-skola-zubri-okres-vsetin wp-block-embed-zakladni-skola-zubri-okres-vsetin\"><div class=\"wp-block-embed__wrapper\">\n<blockquote class=\"wp-embedded-content\" data-secret=\"oZFkkEgcuy\"><a href=\"https:\/\/www.zszubri.cz\/?p=7389\">GDPR &#8211; OBECN\u00c1 Z\u00c1KLADN\u00cd INFORMACE<\/a><\/blockquote><iframe class=\"wp-embedded-content\" sandbox=\"allow-scripts\" security=\"restricted\" style=\"position: absolute; clip: rect(1px, 1px, 1px, 1px);\" title=\"&#8222;GDPR &#8211; OBECN\u00c1 Z\u00c1KLADN\u00cd INFORMACE&#8220; &#8212; Z\u00e1kladn\u00ed \u0161kola Zub\u0159\u00ed, okres Vset\u00edn\" src=\"https:\/\/www.zszubri.cz\/?p=7389&#038;embed=true#?secret=bX2N8YWC6t#?secret=oZFkkEgcuy\" data-secret=\"oZFkkEgcuy\" width=\"600\" height=\"338\" frameborder=\"0\" marginwidth=\"0\" marginheight=\"0\" scrolling=\"no\"><\/iframe>\n<\/div><\/figure>\n\n\n\n<figure class=\"wp-block-embed is-type-wp-embed is-provider-zakladni-skola-zubri-okres-vsetin wp-block-embed-zakladni-skola-zubri-okres-vsetin\"><div class=\"wp-block-embed__wrapper\">\n<blockquote class=\"wp-embedded-content\" data-secret=\"UFWAJlpvrQ\"><a href=\"https:\/\/www.zszubri.cz\/?page_id=22043\">INSTRUKCE A INFORMACE \u0160KOLN\u00cd \u00daRAZY<\/a><\/blockquote><iframe class=\"wp-embedded-content\" sandbox=\"allow-scripts\" security=\"restricted\" style=\"position: absolute; clip: rect(1px, 1px, 1px, 1px);\" title=\"&#8222;INSTRUKCE A INFORMACE \u0160KOLN\u00cd \u00daRAZY&#8220; &#8212; Z\u00e1kladn\u00ed \u0161kola Zub\u0159\u00ed, okres Vset\u00edn\" src=\"https:\/\/www.zszubri.cz\/?page_id=22043&#038;embed=true#?secret=lgfhG5QXsi#?secret=UFWAJlpvrQ\" data-secret=\"UFWAJlpvrQ\" width=\"600\" height=\"338\" frameborder=\"0\" marginwidth=\"0\" marginheight=\"0\" scrolling=\"no\"><\/iframe>\n<\/div><\/figure>\n\n\n\n<figure class=\"wp-block-embed is-type-wp-embed is-provider-zakladni-skola-zubri-okres-vsetin wp-block-embed-zakladni-skola-zubri-okres-vsetin\"><div class=\"wp-block-embed__wrapper\">\n<blockquote class=\"wp-embedded-content\" data-secret=\"jdncxThW6p\"><a href=\"https:\/\/www.zszubri.cz\/?page_id=22887\">INFORMACE O MONITOROVAC\u00cdM KAMEROV\u00c9M SYST\u00c9MU<\/a><\/blockquote><iframe class=\"wp-embedded-content\" sandbox=\"allow-scripts\" security=\"restricted\" style=\"position: absolute; clip: rect(1px, 1px, 1px, 1px);\" title=\"&#8222;INFORMACE O MONITOROVAC\u00cdM KAMEROV\u00c9M SYST\u00c9MU&#8220; &#8212; Z\u00e1kladn\u00ed \u0161kola Zub\u0159\u00ed, okres Vset\u00edn\" src=\"https:\/\/www.zszubri.cz\/?page_id=22887&#038;embed=true#?secret=O5BbP8tIc5#?secret=jdncxThW6p\" data-secret=\"jdncxThW6p\" width=\"600\" height=\"338\" frameborder=\"0\" marginwidth=\"0\" marginheight=\"0\" scrolling=\"no\"><\/iframe>\n<\/div><\/figure>\n\n\n\n<pre class=\"wp-block-code\"><code><\/code><\/pre>\n","protected":false},"excerpt":{"rendered":"","protected":false},"author":1,"featured_media":0,"parent":0,"menu_order":0,"comment_status":"closed","ping_status":"closed","template":"","meta":{"ngg_post_thumbnail":0,"footnotes":""},"acf":[],"_links":{"self":[{"href":"https:\/\/www.zszubri.cz\/index.php?rest_route=\/wp\/v2\/pages\/3335"}],"collection":[{"href":"https:\/\/www.zszubri.cz\/index.php?rest_route=\/wp\/v2\/pages"}],"about":[{"href":"https:\/\/www.zszubri.cz\/index.php?rest_route=\/wp\/v2\/types\/page"}],"author":[{"embeddable":true,"href":"https:\/\/www.zszubri.cz\/index.php?rest_route=\/wp\/v2\/users\/1"}],"replies":[{"embeddable":true,"href":"https:\/\/www.zszubri.cz\/index.php?rest_route=%2Fwp%2Fv2%2Fcomments&post=3335"}],"version-history":[{"count":8,"href":"https:\/\/www.zszubri.cz\/index.php?rest_route=\/wp\/v2\/pages\/3335\/revisions"}],"predecessor-version":[{"id":22910,"href":"https:\/\/www.zszubri.cz\/index.php?rest_route=\/wp\/v2\/pages\/3335\/revisions\/22910"}],"wp:attachment":[{"href":"https:\/\/www.zszubri.cz\/index.php?rest_route=%2Fwp%2Fv2%2Fmedia&parent=3335"}],"curies":[{"name":"wp","href":"https:\/\/api.w.org\/{rel}","templated":true}]}}