{"id":3426,"date":"2014-09-14T13:13:22","date_gmt":"2014-09-14T11:13:22","guid":{"rendered":"http:\/\/www.zszubri.cz\/?page_id=3426"},"modified":"2026-03-30T13:06:07","modified_gmt":"2026-03-30T11:06:07","slug":"mesicni-plan","status":"publish","type":"page","link":"https:\/\/www.zszubri.cz\/?page_id=3426","title":{"rendered":"M\u011aS\u00cd\u010cN\u00cd PL\u00c1N"},"content":{"rendered":"<ul>\n<li>srpen :&nbsp; <a href=\"https:\/\/www.zszubri.cz\/?attachment_id=23515\" rel=\"attachment wp-att-23515\">Pl\u00e1n pr\u00e1ce-srpen 25<\/a><\/li>\n<li>z\u00e1\u0159\u00ed :&nbsp; &nbsp; <a href=\"https:\/\/www.zszubri.cz\/?attachment_id=23705\" rel=\"attachment wp-att-23705\">Pl\u00e1n pr\u00e1ce-z\u00e1\u0159\u00ed 25<\/a><\/li>\n<li>\u0159\u00edjen:&nbsp; <a href=\"https:\/\/www.zszubri.cz\/?attachment_id=23817\" rel=\"attachment wp-att-23817\">Pl\u00e1n pr\u00e1ce -\u0159\u00edjen 25<\/a><\/li>\n<li>listopad:&nbsp; <a href=\"https:\/\/www.zszubri.cz\/?attachment_id=23818\" rel=\"attachment wp-att-23818\">Pl\u00e1n pr\u00e1ce-listopad 25<\/a><\/li>\n<li>prosinec: <a href=\"https:\/\/www.zszubri.cz\/?attachment_id=23920\" rel=\"attachment wp-att-23920\">Pl\u00e1n pr\u00e1ce-prosinec 25<\/a><\/li>\n<li>leden: <a href=\"https:\/\/www.zszubri.cz\/?attachment_id=23950\" rel=\"attachment wp-att-23950\">Pl\u00e1n pr\u00e1ce-leden 26<\/a><\/li>\n<li>\u00fanor: <a href=\"https:\/\/www.zszubri.cz\/?attachment_id=24070\" rel=\"attachment wp-att-24070\">Pl\u00e1n pr\u00e1ce-\u00fanor 26<\/a><\/li>\n<li>b\u0159ezen: <a href=\"https:\/\/www.zszubri.cz\/?attachment_id=24128\" rel=\"attachment wp-att-24128\">Pl\u00e1n pr\u00e1ce-b\u0159ezen 26<\/a><\/li>\n<li>duben: <a href=\"https:\/\/www.zszubri.cz\/?attachment_id=24130\" rel=\"attachment wp-att-24130\">Pl\u00e1n pr\u00e1ce-duben 26<\/a><\/li>\n<li>kv\u011bten:<\/li>\n<li>\u010derven:<\/li>\n<\/ul>\n<p><!--more--><\/p>\n<hr>\n<p>Pl\u00e1ny se aktu\u00e1ln\u011b dopl\u0148uj\u00ed, zn\u011bn\u00ed pl\u00e1n\u016f nemus\u00ed b\u00fdt pro dynamick\u00e9 a n\u00e1hl\u00e9 organiza\u010dn\u00ed zm\u011bny v souladu se skute\u010dn\u011b proveden\u00fdmi akcemi, jejich posl\u00e1n\u00edm je pravd\u011bpodobn\u00fd pl\u00e1novan\u00fd z\u00e1m\u011br kon\u00e1n\u00ed akce.<\/p>\n","protected":false},"excerpt":{"rendered":"<p>srpen :&nbsp; Pl\u00e1n pr\u00e1ce-srpen 25 z\u00e1\u0159\u00ed :&nbsp; &nbsp; Pl\u00e1n pr\u00e1ce-z\u00e1\u0159\u00ed 25 \u0159\u00edjen:&nbsp; Pl\u00e1n pr\u00e1ce -\u0159\u00edjen 25 listopad:&nbsp; Pl\u00e1n pr\u00e1ce-listopad 25 prosinec: Pl\u00e1n pr\u00e1ce-prosinec 25 leden: Pl\u00e1n pr\u00e1ce-leden 26 \u00fanor: Pl\u00e1n pr\u00e1ce-\u00fanor 26 b\u0159ezen: Pl\u00e1n pr\u00e1ce-b\u0159ezen 26 duben: Pl\u00e1n pr\u00e1ce-duben 26 kv\u011bten: \u010derven:<\/p>\n","protected":false},"author":1,"featured_media":0,"parent":132,"menu_order":0,"comment_status":"closed","ping_status":"closed","template":"","meta":{"ngg_post_thumbnail":0,"footnotes":""},"acf":[],"_links":{"self":[{"href":"https:\/\/www.zszubri.cz\/index.php?rest_route=\/wp\/v2\/pages\/3426"}],"collection":[{"href":"https:\/\/www.zszubri.cz\/index.php?rest_route=\/wp\/v2\/pages"}],"about":[{"href":"https:\/\/www.zszubri.cz\/index.php?rest_route=\/wp\/v2\/types\/page"}],"author":[{"embeddable":true,"href":"https:\/\/www.zszubri.cz\/index.php?rest_route=\/wp\/v2\/users\/1"}],"replies":[{"embeddable":true,"href":"https:\/\/www.zszubri.cz\/index.php?rest_route=%2Fwp%2Fv2%2Fcomments&post=3426"}],"version-history":[{"count":61,"href":"https:\/\/www.zszubri.cz\/index.php?rest_route=\/wp\/v2\/pages\/3426\/revisions"}],"predecessor-version":[{"id":24131,"href":"https:\/\/www.zszubri.cz\/index.php?rest_route=\/wp\/v2\/pages\/3426\/revisions\/24131"}],"up":[{"embeddable":true,"href":"https:\/\/www.zszubri.cz\/index.php?rest_route=\/wp\/v2\/pages\/132"}],"wp:attachment":[{"href":"https:\/\/www.zszubri.cz\/index.php?rest_route=%2Fwp%2Fv2%2Fmedia&parent=3426"}],"curies":[{"name":"wp","href":"https:\/\/api.w.org\/{rel}","templated":true}]}}