{"id":4744,"date":"2015-10-22T12:05:14","date_gmt":"2015-10-22T10:05:14","guid":{"rendered":"http:\/\/www.zszubri.cz\/?page_id=4744"},"modified":"2015-11-22T15:54:21","modified_gmt":"2015-11-22T14:54:21","slug":"oslavy-zs-zubri-2015","status":"publish","type":"page","link":"https:\/\/www.zszubri.cz\/?page_id=4744","title":{"rendered":"OSLAVY Z\u0160 ZUB\u0158\u00cd 2015"},"content":{"rendered":"<p>Zde naleznete doprovodn\u00e9 materi\u00e1ly k oslav\u00e1m \u0161koly (dostupn\u00e9 od 22.10.2015)<\/p>\n<p>V\u00fdro\u010dn\u00ed almanach &#8211; <a title=\"pdf almanach 2015\" href=\"http:\/\/79.127.207.211\/zszubri\/almanach2015\/almanach_2015_oslavy_X.pdf\" target=\"_blank\">pdf<\/a> &#8211; on line prezentace.<\/p>\n<p>Dokument k oslav\u00e1m &#8211; <a title=\"film dokumet mp4\" href=\"http:\/\/79.127.207.211\/zszubri\/almanach2015\/CELE2A.MP4\" target=\"_blank\">mp4<\/a><\/p>\n<p>Zde naleznete odkazy na informace a obr\u00e1zky z <a title=\"OSLAVY \u0160KOLY \u2013 SETK\u00c1N\u00cd PRACOVN\u00cdK\u016e \u0160KOLY\" href=\"http:\/\/www.zszubri.cz\/?p=4904\">oslav<\/a> a <a title=\"V\u00ddRO\u010cN\u00cd AKADEMIE \u0160KOLY \u2013 OSLAVY \u0160KOLY\" href=\"http:\/\/www.zszubri.cz\/?p=4910\">akademie.<\/a><\/p>\n","protected":false},"excerpt":{"rendered":"<p>Zde naleznete doprovodn\u00e9 materi\u00e1ly k oslav\u00e1m \u0161koly (dostupn\u00e9 od 22.10.2015) V\u00fdro\u010dn\u00ed almanach &#8211; pdf &#8211; on line prezentace. Dokument k oslav\u00e1m &#8211; mp4 Zde naleznete odkazy na informace a obr\u00e1zky z oslav a akademie.<\/p>\n","protected":false},"author":1,"featured_media":0,"parent":0,"menu_order":0,"comment_status":"closed","ping_status":"closed","template":"","meta":{"ngg_post_thumbnail":0,"footnotes":""},"acf":[],"_links":{"self":[{"href":"https:\/\/www.zszubri.cz\/index.php?rest_route=\/wp\/v2\/pages\/4744"}],"collection":[{"href":"https:\/\/www.zszubri.cz\/index.php?rest_route=\/wp\/v2\/pages"}],"about":[{"href":"https:\/\/www.zszubri.cz\/index.php?rest_route=\/wp\/v2\/types\/page"}],"author":[{"embeddable":true,"href":"https:\/\/www.zszubri.cz\/index.php?rest_route=\/wp\/v2\/users\/1"}],"replies":[{"embeddable":true,"href":"https:\/\/www.zszubri.cz\/index.php?rest_route=%2Fwp%2Fv2%2Fcomments&post=4744"}],"version-history":[{"count":4,"href":"https:\/\/www.zszubri.cz\/index.php?rest_route=\/wp\/v2\/pages\/4744\/revisions"}],"predecessor-version":[{"id":4917,"href":"https:\/\/www.zszubri.cz\/index.php?rest_route=\/wp\/v2\/pages\/4744\/revisions\/4917"}],"wp:attachment":[{"href":"https:\/\/www.zszubri.cz\/index.php?rest_route=%2Fwp%2Fv2%2Fmedia&parent=4744"}],"curies":[{"name":"wp","href":"https:\/\/api.w.org\/{rel}","templated":true}]}}