{"id":4758,"date":"2015-10-04T16:24:40","date_gmt":"2015-10-04T14:24:40","guid":{"rendered":"http:\/\/www.zszubri.cz\/?page_id=4758"},"modified":"2015-10-04T16:29:50","modified_gmt":"2015-10-04T14:29:50","slug":"stonozka-2014-2015","status":"publish","type":"page","link":"https:\/\/www.zszubri.cz\/?page_id=4758","title":{"rendered":"STONO\u017dKA &#8211; 2014 &#8211; 2015"},"content":{"rendered":"<p><a href=\"http:\/\/www.zszubri.cz\/wp-content\/uploads\/2015\/10\/063-3-Pavelkov\u00e1-Anna-Kubelov\u00e1-Zuzana-Dobe\u0161ov\u00e1-Kate\u0159ina-Troj\u00e1kov\u00e1-Kamila-Vr\u00e1tn\u00e1-Nat\u00e1lie-\u010cerven\u00e1-Nikola-Z\u0160-Zub\u0159\u00ed.jpg\"><img decoding=\"async\" loading=\"lazy\" class=\"alignnone size-medium wp-image-4762\" src=\"http:\/\/www.zszubri.cz\/wp-content\/uploads\/2015\/10\/063-3-Pavelkov\u00e1-Anna-Kubelov\u00e1-Zuzana-Dobe\u0161ov\u00e1-Kate\u0159ina-Troj\u00e1kov\u00e1-Kamila-Vr\u00e1tn\u00e1-Nat\u00e1lie-\u010cerven\u00e1-Nikola-Z\u0160-Zub\u0159\u00ed-300x223.jpg\" alt=\"063-3-Pavelkov\u00e1 Anna-Kubelov\u00e1 Zuzana-Dobe\u0161ov\u00e1 Kate\u0159ina-Troj\u00e1kov\u00e1 Kamila-Vr\u00e1tn\u00e1 Nat\u00e1lie-\u010cerven\u00e1 Nikola-Z\u0160 Zub\u0159\u00ed\" width=\"300\" height=\"223\" srcset=\"https:\/\/www.zszubri.cz\/wp-content\/uploads\/2015\/10\/063-3-Pavelkov\u00e1-Anna-Kubelov\u00e1-Zuzana-Dobe\u0161ov\u00e1-Kate\u0159ina-Troj\u00e1kov\u00e1-Kamila-Vr\u00e1tn\u00e1-Nat\u00e1lie-\u010cerven\u00e1-Nikola-Z\u0160-Zub\u0159\u00ed-300x223.jpg 300w, https:\/\/www.zszubri.cz\/wp-content\/uploads\/2015\/10\/063-3-Pavelkov\u00e1-Anna-Kubelov\u00e1-Zuzana-Dobe\u0161ov\u00e1-Kate\u0159ina-Troj\u00e1kov\u00e1-Kamila-Vr\u00e1tn\u00e1-Nat\u00e1lie-\u010cerven\u00e1-Nikola-Z\u0160-Zub\u0159\u00ed-1024x761.jpg 1024w, https:\/\/www.zszubri.cz\/wp-content\/uploads\/2015\/10\/063-3-Pavelkov\u00e1-Anna-Kubelov\u00e1-Zuzana-Dobe\u0161ov\u00e1-Kate\u0159ina-Troj\u00e1kov\u00e1-Kamila-Vr\u00e1tn\u00e1-Nat\u00e1lie-\u010cerven\u00e1-Nikola-Z\u0160-Zub\u0159\u00ed.jpg 1217w\" sizes=\"(max-width: 300px) 100vw, 300px\" \/><\/a><\/p>\n<hr \/>\n<p>V druh\u00e9m pololet\u00ed se \u017e\u00e1ci II. stupn\u011b zam\u011b\u0159ili ve v\u00fdtvarn\u00e9 v\u00fdchov\u011b na sout\u011b\u017e &#8222;Karel IV. \u2013 Otec vlasti&#8220;, kterou po\u0159\u00e1d\u00e1 hnut\u00ed Na vlastn\u00edch nohou ve spolupr\u00e1ci s Arcibiskupstv\u00edm pra\u017esk\u00fdm. Vyhodnocen\u00ed prob\u011bhne v prosinci po tradi\u010dn\u00ed stono\u017ekov\u00e9 m\u0161i svat\u00e9 v Praze.<\/p>\n<p>Do Prahy jsme zaslali kolekci maleb i prostorov\u00fdch prac\u00ed nejen z II. stupn\u011b, ale p\u0159idali se k n\u00e1m i \u017e\u00e1ci z I. stupn\u011b a \u0160koln\u00edho klubu.<\/p>\n<p><a href=\"http:\/\/79.127.207.211\/photo\/#Albums\/album_c5a04b4f4c4ec38d5f524f4b5f323031355f32303136\/album_c5a04b4f4c4ec38d5f524f4b5f323031355f323031362f53746f6e6fc5be6b61202d20323031342d3135\" target=\"_blank\">Obr\u00e1zky najdete zde.<\/a><\/p>\n","protected":false},"excerpt":{"rendered":"<p>V druh\u00e9m pololet\u00ed se \u017e\u00e1ci II. stupn\u011b zam\u011b\u0159ili ve v\u00fdtvarn\u00e9 v\u00fdchov\u011b na sout\u011b\u017e &#8222;Karel IV. \u2013 Otec vlasti&#8220;, kterou po\u0159\u00e1d\u00e1 hnut\u00ed Na vlastn\u00edch nohou ve spolupr\u00e1ci s Arcibiskupstv\u00edm pra\u017esk\u00fdm. Vyhodnocen\u00ed prob\u011bhne v prosinci po tradi\u010dn\u00ed stono\u017ekov\u00e9 m\u0161i svat\u00e9 v Praze. Do Prahy jsme zaslali kolekci maleb i prostorov\u00fdch prac\u00ed nejen z II. stupn\u011b, ale p\u0159idali se k n\u00e1m i \u017e\u00e1ci z I. stupn\u011b a \u0160koln\u00edho klubu. Obr\u00e1zky najdete zde.<\/p>\n","protected":false},"author":1,"featured_media":0,"parent":0,"menu_order":0,"comment_status":"closed","ping_status":"closed","template":"","meta":{"ngg_post_thumbnail":0,"footnotes":""},"acf":[],"_links":{"self":[{"href":"https:\/\/www.zszubri.cz\/index.php?rest_route=\/wp\/v2\/pages\/4758"}],"collection":[{"href":"https:\/\/www.zszubri.cz\/index.php?rest_route=\/wp\/v2\/pages"}],"about":[{"href":"https:\/\/www.zszubri.cz\/index.php?rest_route=\/wp\/v2\/types\/page"}],"author":[{"embeddable":true,"href":"https:\/\/www.zszubri.cz\/index.php?rest_route=\/wp\/v2\/users\/1"}],"replies":[{"embeddable":true,"href":"https:\/\/www.zszubri.cz\/index.php?rest_route=%2Fwp%2Fv2%2Fcomments&post=4758"}],"version-history":[{"count":3,"href":"https:\/\/www.zszubri.cz\/index.php?rest_route=\/wp\/v2\/pages\/4758\/revisions"}],"predecessor-version":[{"id":4763,"href":"https:\/\/www.zszubri.cz\/index.php?rest_route=\/wp\/v2\/pages\/4758\/revisions\/4763"}],"wp:attachment":[{"href":"https:\/\/www.zszubri.cz\/index.php?rest_route=%2Fwp%2Fv2%2Fmedia&parent=4758"}],"curies":[{"name":"wp","href":"https:\/\/api.w.org\/{rel}","templated":true}]}}