{"id":4883,"date":"2015-11-06T09:20:05","date_gmt":"2015-11-06T08:20:05","guid":{"rendered":"http:\/\/www.zszubri.cz\/?page_id=4883"},"modified":"2016-08-26T20:59:43","modified_gmt":"2016-08-26T18:59:43","slug":"projekty","status":"publish","type":"page","link":"https:\/\/www.zszubri.cz\/?page_id=4883","title":{"rendered":"PROJEKT v\u00fdzva 56 &#8211; povinn\u00e1 publicita"},"content":{"rendered":"<p>Informace o prob\u00edhaj\u00edc\u00edch projektech, ve kter\u00fdch je \u0161kola \u00fa\u010dastna :<\/p>\n<hr \/>\n<p>&nbsp;<\/p>\n<p><strong>1. \u010c\u00edslo v\u00fdzvy \u010c\u00edslo v\u00fdzvy v informa\u010dn\u00edm syst\u00e9mu: 56<\/strong><br \/>\n&#8211; Program, prioritn\u00ed osa, oblast podpory &#8211; Program: Opera\u010dn\u00ed program Vzd\u011bl\u00e1v\u00e1n\u00ed pro konkurenceschopnost<br \/>\n(d\u00e1le jen \u201eOP VK\u201c), Prioritn\u00ed osa programu: 1 \u2013 Po\u010d\u00e1te\u010dn\u00ed vzd\u011bl\u00e1v\u00e1n\u00ed,\u00a0 Oblast podpory: 1.1 \u2013 Zvy\u0161ov\u00e1n\u00ed kvality ve vzd\u011bl\u00e1v\u00e1n\u00ed<\/p>\n<p>&#8211; soubory povinn\u00e9 publicity <a href=\"http:\/\/www.zszubri.cz\/wp-content\/uploads\/2015\/11\/op_vk_plakat_01_barva.pdf\">op_vk_plakat_01_barva<\/a><\/p>\n<p>&#8211; logo projektu : <a href=\"http:\/\/www.zszubri.cz\/wp-content\/uploads\/2015\/11\/logo-v-56-web.jpg\"><img decoding=\"async\" loading=\"lazy\" class=\"alignnone wp-image-4885\" src=\"http:\/\/www.zszubri.cz\/wp-content\/uploads\/2015\/11\/logo-v-56-web-1024x250.jpg\" alt=\"logo v 56 web\" width=\"709\" height=\"173\" srcset=\"https:\/\/www.zszubri.cz\/wp-content\/uploads\/2015\/11\/logo-v-56-web-1024x250.jpg 1024w, https:\/\/www.zszubri.cz\/wp-content\/uploads\/2015\/11\/logo-v-56-web-300x73.jpg 300w, https:\/\/www.zszubri.cz\/wp-content\/uploads\/2015\/11\/logo-v-56-web.jpg 1382w\" sizes=\"(max-width: 709px) 100vw, 709px\" \/><\/a><\/p>\n","protected":false},"excerpt":{"rendered":"<p>Informace o prob\u00edhaj\u00edc\u00edch projektech, ve kter\u00fdch je \u0161kola \u00fa\u010dastna : &nbsp; 1. \u010c\u00edslo v\u00fdzvy \u010c\u00edslo v\u00fdzvy v informa\u010dn\u00edm syst\u00e9mu: 56 &#8211; Program, prioritn\u00ed osa, oblast podpory &#8211; Program: Opera\u010dn\u00ed program Vzd\u011bl\u00e1v\u00e1n\u00ed pro konkurenceschopnost (d\u00e1le jen \u201eOP VK\u201c), Prioritn\u00ed osa programu: 1 \u2013 Po\u010d\u00e1te\u010dn\u00ed vzd\u011bl\u00e1v\u00e1n\u00ed,\u00a0 Oblast podpory: 1.1 \u2013 Zvy\u0161ov\u00e1n\u00ed kvality ve vzd\u011bl\u00e1v\u00e1n\u00ed &#8211; soubory povinn\u00e9 publicity op_vk_plakat_01_barva &#8211; logo projektu :<\/p>\n","protected":false},"author":2,"featured_media":0,"parent":142,"menu_order":0,"comment_status":"closed","ping_status":"closed","template":"","meta":{"ngg_post_thumbnail":0,"footnotes":""},"acf":[],"_links":{"self":[{"href":"https:\/\/www.zszubri.cz\/index.php?rest_route=\/wp\/v2\/pages\/4883"}],"collection":[{"href":"https:\/\/www.zszubri.cz\/index.php?rest_route=\/wp\/v2\/pages"}],"about":[{"href":"https:\/\/www.zszubri.cz\/index.php?rest_route=\/wp\/v2\/types\/page"}],"author":[{"embeddable":true,"href":"https:\/\/www.zszubri.cz\/index.php?rest_route=\/wp\/v2\/users\/2"}],"replies":[{"embeddable":true,"href":"https:\/\/www.zszubri.cz\/index.php?rest_route=%2Fwp%2Fv2%2Fcomments&post=4883"}],"version-history":[{"count":3,"href":"https:\/\/www.zszubri.cz\/index.php?rest_route=\/wp\/v2\/pages\/4883\/revisions"}],"predecessor-version":[{"id":5458,"href":"https:\/\/www.zszubri.cz\/index.php?rest_route=\/wp\/v2\/pages\/4883\/revisions\/5458"}],"up":[{"embeddable":true,"href":"https:\/\/www.zszubri.cz\/index.php?rest_route=\/wp\/v2\/pages\/142"}],"wp:attachment":[{"href":"https:\/\/www.zszubri.cz\/index.php?rest_route=%2Fwp%2Fv2%2Fmedia&parent=4883"}],"curies":[{"name":"wp","href":"https:\/\/api.w.org\/{rel}","templated":true}]}}