{"id":5645,"date":"2016-09-26T14:58:16","date_gmt":"2016-09-26T12:58:16","guid":{"rendered":"http:\/\/www.zszubri.cz\/?page_id=5645"},"modified":"2016-12-11T19:52:15","modified_gmt":"2016-12-11T18:52:15","slug":"stonozka-2016-2017","status":"publish","type":"page","link":"https:\/\/www.zszubri.cz\/?page_id=5645","title":{"rendered":"STONO\u017dKA 2016 &#8211; 2017"},"content":{"rendered":"<p>AKCE \u017d\u00c1K\u016e Z\u015a ZUB\u0158\u00cd A STONO\u017dKY VE \u0160KOLN\u00cdM ROCE 2016\/2017 :<\/p>\n<p>&nbsp;<\/p>\n<ul>\n<li><a href=\"http:\/\/www.zszubri.cz\/?p=5641\" target=\"_blank\">V\u011aDA, KTER\u00c1 L\u00c9\u010c\u00cd<\/a><\/li>\n<li><a href=\"http:\/\/www.zszubri.cz\/?p=5856\" target=\"_blank\">STONO\u017dKOV\u00c1 PRAHA<\/a><\/li>\n<\/ul>\n","protected":false},"excerpt":{"rendered":"<p>AKCE \u017d\u00c1K\u016e Z\u015a ZUB\u0158\u00cd A STONO\u017dKY VE \u0160KOLN\u00cdM ROCE 2016\/2017 : &nbsp; V\u011aDA, KTER\u00c1 L\u00c9\u010c\u00cd STONO\u017dKOV\u00c1 PRAHA<\/p>\n","protected":false},"author":1,"featured_media":0,"parent":0,"menu_order":0,"comment_status":"closed","ping_status":"closed","template":"","meta":{"ngg_post_thumbnail":0,"footnotes":""},"acf":[],"_links":{"self":[{"href":"https:\/\/www.zszubri.cz\/index.php?rest_route=\/wp\/v2\/pages\/5645"}],"collection":[{"href":"https:\/\/www.zszubri.cz\/index.php?rest_route=\/wp\/v2\/pages"}],"about":[{"href":"https:\/\/www.zszubri.cz\/index.php?rest_route=\/wp\/v2\/types\/page"}],"author":[{"embeddable":true,"href":"https:\/\/www.zszubri.cz\/index.php?rest_route=\/wp\/v2\/users\/1"}],"replies":[{"embeddable":true,"href":"https:\/\/www.zszubri.cz\/index.php?rest_route=%2Fwp%2Fv2%2Fcomments&post=5645"}],"version-history":[{"count":2,"href":"https:\/\/www.zszubri.cz\/index.php?rest_route=\/wp\/v2\/pages\/5645\/revisions"}],"predecessor-version":[{"id":5858,"href":"https:\/\/www.zszubri.cz\/index.php?rest_route=\/wp\/v2\/pages\/5645\/revisions\/5858"}],"wp:attachment":[{"href":"https:\/\/www.zszubri.cz\/index.php?rest_route=%2Fwp%2Fv2%2Fmedia&parent=5645"}],"curies":[{"name":"wp","href":"https:\/\/api.w.org\/{rel}","templated":true}]}}