{"id":59,"date":"2013-03-21T15:55:14","date_gmt":"2013-03-21T15:55:14","guid":{"rendered":"http:\/\/www.zszubri.cz\/?page_id=59"},"modified":"2023-08-22T19:54:36","modified_gmt":"2023-08-22T17:54:36","slug":"intranet-skoly-login","status":"publish","type":"page","link":"https:\/\/www.zszubri.cz\/?page_id=59","title":{"rendered":"INTRANET \u0160KOLY &#8211; LOGIN"},"content":{"rendered":"<ul>\n<li><a href=\"http:\/\/www.csicr.cz\/cz\/Informacni-systemy-QL\/Informacni-systemy\" target=\"_blank\" rel=\"noopener noreferrer\">Informa\u010dn\u00ed syst\u00e9m, testov\u00e1n\u00ed a e-learning \u010c\u0160I <\/a><\/li>\n<li><a href=\"https:\/\/aplikace.dmsoftware.cz\/SOL\/Prihlaseni.aspx?ReturnUrl=%2fSOL%2fApp%2fDefault.aspx\" target=\"_blank\" rel=\"noopener noreferrer\">Informa\u010dn\u00ed syst\u00e9m &#8211; DMSOFTWARE<\/a><\/li>\n<li><a href=\"https:\/\/www.zszubri.cz\/?page_id=18557\">Vzd\u00e1len\u00e1 v\u00fduka<\/a><\/li>\n<li><a href=\"https:\/\/login.microsoftonline.com\/\" target=\"_blank\" rel=\"noopener noreferrer\">Office 365 &#8211; login<\/a><\/li>\n<\/ul>\n<hr>\n<p>Redak\u010dn\u00ed syst\u00e9my :<\/p>\n<ul>\n<li><strong>WORDPRESS<\/strong> &#8211; p\u0159\u00edsp\u011bvky <a href=\"https:\/\/www.zszubri.cz\/wp-admin\/\" target=\"_blank\" rel=\"noopener noreferrer\">login<\/a><\/li>\n<li><strong>PHOTOSTATION<\/strong> &#8211; <a title=\"Photo station Z\u0160 Zub\u0159\u00ed\" href=\"https:\/\/zszubri.diskstation.me\/photo\/\" target=\"_blank\" rel=\"noopener noreferrer\">vkl\u00e1d\u00e1n\u00ed obr\u00e1zk\u016f z akc\u00ed<\/a><\/li>\n<\/ul>\n<hr>\n<p><a href=\"https:\/\/www.zszubri.cz\/moodle\/\" target=\"_blank\" rel=\"noopener noreferrer\">Testov\u00e9 ot\u00e1zky &#8211; MOODLE Z\u0160 ZUB\u0158\u00cd<\/a><\/p>\n<p>NAS Z\u0160 Zub\u0159\u00ed&nbsp; <a href=\"http:\/\/www.zkola.cz\/zkola\" target=\"_blank\" rel=\"noopener noreferrer\">&#8211;<\/a><a title=\"NAS ZSZUBRI\" href=\"https:\/\/zszubri.diskstation.me\/\" target=\"_blank\" rel=\"noopener noreferrer\"> v\u00fdukov\u00e9 materi\u00e1ly \u0161koly<\/a><\/p>\n<p>&nbsp;<\/p>\n\n","protected":false},"excerpt":{"rendered":"<p>Informa\u010dn\u00ed syst\u00e9m, testov\u00e1n\u00ed a e-learning \u010c\u0160I Informa\u010dn\u00ed syst\u00e9m &#8211; DMSOFTWARE Vzd\u00e1len\u00e1 v\u00fduka Office 365 &#8211; login Redak\u010dn\u00ed syst\u00e9my : WORDPRESS &#8211; p\u0159\u00edsp\u011bvky login PHOTOSTATION &#8211; vkl\u00e1d\u00e1n\u00ed obr\u00e1zk\u016f z akc\u00ed Testov\u00e9 ot\u00e1zky &#8211; MOODLE Z\u0160 ZUB\u0158\u00cd NAS Z\u0160 Zub\u0159\u00ed&nbsp; &#8211; v\u00fdukov\u00e9 materi\u00e1ly \u0161koly &nbsp;<\/p>\n","protected":false},"author":1,"featured_media":0,"parent":48,"menu_order":0,"comment_status":"closed","ping_status":"closed","template":"","meta":{"ngg_post_thumbnail":0,"footnotes":""},"acf":[],"_links":{"self":[{"href":"https:\/\/www.zszubri.cz\/index.php?rest_route=\/wp\/v2\/pages\/59"}],"collection":[{"href":"https:\/\/www.zszubri.cz\/index.php?rest_route=\/wp\/v2\/pages"}],"about":[{"href":"https:\/\/www.zszubri.cz\/index.php?rest_route=\/wp\/v2\/types\/page"}],"author":[{"embeddable":true,"href":"https:\/\/www.zszubri.cz\/index.php?rest_route=\/wp\/v2\/users\/1"}],"replies":[{"embeddable":true,"href":"https:\/\/www.zszubri.cz\/index.php?rest_route=%2Fwp%2Fv2%2Fcomments&post=59"}],"version-history":[{"count":19,"href":"https:\/\/www.zszubri.cz\/index.php?rest_route=\/wp\/v2\/pages\/59\/revisions"}],"predecessor-version":[{"id":20491,"href":"https:\/\/www.zszubri.cz\/index.php?rest_route=\/wp\/v2\/pages\/59\/revisions\/20491"}],"up":[{"embeddable":true,"href":"https:\/\/www.zszubri.cz\/index.php?rest_route=\/wp\/v2\/pages\/48"}],"wp:attachment":[{"href":"https:\/\/www.zszubri.cz\/index.php?rest_route=%2Fwp%2Fv2%2Fmedia&parent=59"}],"curies":[{"name":"wp","href":"https:\/\/api.w.org\/{rel}","templated":true}]}}