{"id":613,"date":"2013-03-24T14:15:58","date_gmt":"2013-03-24T14:15:58","guid":{"rendered":"http:\/\/www.zszubri.cz\/?page_id=613"},"modified":"2013-07-16T21:02:18","modified_gmt":"2013-07-16T19:02:18","slug":"opvkeu-podpora","status":"publish","type":"page","link":"https:\/\/www.zszubri.cz\/?page_id=613","title":{"rendered":"OPVKEU &#8211; PODPORA"},"content":{"rendered":"<p>Vzhledem ke spln\u011bn\u00ed v\u0161ech vykonan\u00fdch aktivitit\u00a0 je podpora ji\u017e ukon\u010dena k 02\/2013. V od\u016fvodn\u011bn\u00fdch p\u0159\u00edpadech se obracejte na projektov\u00e9ho mana\u017eera Z\u0160 Zub\u0159\u00ed.<\/p>\n<p>&nbsp;<\/p>\n<p>&nbsp;<\/p>\n<p>&nbsp;<\/p>\n<p>&nbsp;<\/p>\n<p>&nbsp;<\/p>\n<p>&nbsp;<\/p>\n<p>_<\/p>\n","protected":false},"excerpt":{"rendered":"<p>Vzhledem ke spln\u011bn\u00ed v\u0161ech vykonan\u00fdch aktivitit\u00a0 je podpora ji\u017e ukon\u010dena k 02\/2013. V od\u016fvodn\u011bn\u00fdch p\u0159\u00edpadech se obracejte na projektov\u00e9ho mana\u017eera Z\u0160 Zub\u0159\u00ed. &nbsp; &nbsp; &nbsp; &nbsp; &nbsp; &nbsp; _<\/p>\n","protected":false},"author":1,"featured_media":0,"parent":148,"menu_order":0,"comment_status":"closed","ping_status":"closed","template":"page-template-full.php","meta":{"ngg_post_thumbnail":0,"footnotes":""},"acf":[],"_links":{"self":[{"href":"https:\/\/www.zszubri.cz\/index.php?rest_route=\/wp\/v2\/pages\/613"}],"collection":[{"href":"https:\/\/www.zszubri.cz\/index.php?rest_route=\/wp\/v2\/pages"}],"about":[{"href":"https:\/\/www.zszubri.cz\/index.php?rest_route=\/wp\/v2\/types\/page"}],"author":[{"embeddable":true,"href":"https:\/\/www.zszubri.cz\/index.php?rest_route=\/wp\/v2\/users\/1"}],"replies":[{"embeddable":true,"href":"https:\/\/www.zszubri.cz\/index.php?rest_route=%2Fwp%2Fv2%2Fcomments&post=613"}],"version-history":[{"count":2,"href":"https:\/\/www.zszubri.cz\/index.php?rest_route=\/wp\/v2\/pages\/613\/revisions"}],"predecessor-version":[{"id":1856,"href":"https:\/\/www.zszubri.cz\/index.php?rest_route=\/wp\/v2\/pages\/613\/revisions\/1856"}],"up":[{"embeddable":true,"href":"https:\/\/www.zszubri.cz\/index.php?rest_route=\/wp\/v2\/pages\/148"}],"wp:attachment":[{"href":"https:\/\/www.zszubri.cz\/index.php?rest_route=%2Fwp%2Fv2%2Fmedia&parent=613"}],"curies":[{"name":"wp","href":"https:\/\/api.w.org\/{rel}","templated":true}]}}