{"id":615,"date":"2013-03-24T14:16:20","date_gmt":"2013-03-24T14:16:20","guid":{"rendered":"http:\/\/www.zszubri.cz\/?page_id=615"},"modified":"2013-07-16T21:02:18","modified_gmt":"2013-07-16T19:02:18","slug":"opvkeu-vyukove-materialy","status":"publish","type":"page","link":"https:\/\/www.zszubri.cz\/?page_id=615","title":{"rendered":"OPVKEU &#8211; V\u00ddUKOV\u00c9 MATERI\u00c1LY"},"content":{"rendered":"<p>INFORMA\u010cN\u00cd ZDROJE PROJEKTU OPVKEU :<\/p>\n<p>Vytvo\u0159en\u00e9 digit\u00e1ln\u00ed sady budou v pr\u016fb\u011bhu projektu postupn\u011b vystavov\u00e1ny takto :<br \/>\nserver zkola.cz &#8211; <a href=\"http:\/\/www.zkola.cz\/zkola\" target=\"_blank\">login<\/a> (od 01\/2013)<br \/>\nintranet \u0161koly &#8211; <a href=\"https:\/\/www.zszubri.cz:5001\/\" target=\"_blank\">login<\/a> ( ji\u017e v provozu)<br \/>\nm\u00edsto v s\u00edti \u0161koly (nep\u0159\u00edstupn\u00e9 z internetu &#8211; ji\u017e v provozu)<br \/>\narchivn\u00ed \u00falo\u017ei\u0161t\u011b boxed &#8211; <a href=\"http:\/\/data.itveskole.cz\/\" target=\"_blank\">login<\/a> (jen pro privilegovan\u00e9 u\u017eivatele)<\/p>\n<p>Dopl\u0148kov\u00e9 slu\u017eby projektu jsou :<br \/>\nobr\u00e1zky z akc\u00ed &#8211; <a href=\"http:\/\/www.zszubri.cz\/photo\" target=\"_blank\">login<\/a><br \/>\nblog k projektov\u00fdm aktivit\u00e1m &#8211; <a href=\"http:\/\/www.zszubri.cz\/photo\" target=\"_blank\">login<\/a><\/p>\n<p>&#8212;&#8212;&#8212;&#8212;&#8212;&#8212;&#8212;&#8212;&#8212;&#8212;&#8212;&#8212;&#8212;&#8212;&#8212;&#8212;&#8212;&#8212;&#8212;&#8212;&#8212;&#8212;&#8212;&#8212;&#8212;&#8212;&#8212;-<br \/>\nV\u00ddUKOV\u00c9 MATERI\u00c1LY PRO \u017d\u00c1KY &#8211; <a href=\"https:\/\/www.zszubri.cz:5001\/\" target=\"_blank\">login<\/a><\/p>\n","protected":false},"excerpt":{"rendered":"<p>INFORMA\u010cN\u00cd ZDROJE PROJEKTU OPVKEU : Vytvo\u0159en\u00e9 digit\u00e1ln\u00ed sady budou v pr\u016fb\u011bhu projektu postupn\u011b vystavov\u00e1ny takto : server zkola.cz &#8211; login (od 01\/2013) intranet \u0161koly &#8211; login ( ji\u017e v provozu) m\u00edsto v s\u00edti \u0161koly (nep\u0159\u00edstupn\u00e9 z internetu &#8211; ji\u017e v provozu) archivn\u00ed \u00falo\u017ei\u0161t\u011b boxed &#8211; login (jen pro privilegovan\u00e9 u\u017eivatele) Dopl\u0148kov\u00e9 slu\u017eby projektu jsou : obr\u00e1zky z akc\u00ed &#8211; login blog k projektov\u00fdm aktivit\u00e1m &#8211; login &#8212;&#8212;&#8212;&#8212;&#8212;&#8212;&#8212;&#8212;&#8212;&#8212;&#8212;&#8212;&#8212;&#8212;&#8212;&#8212;&#8212;&#8212;&#8212;&#8212;&#8212;&#8212;&#8212;&#8212;&#8212;&#8212;&#8212;- V\u00ddUKOV\u00c9 MATERI\u00c1LY PRO \u017d\u00c1KY &#8211; login<\/p>\n","protected":false},"author":1,"featured_media":0,"parent":148,"menu_order":0,"comment_status":"closed","ping_status":"closed","template":"page-template-full.php","meta":{"ngg_post_thumbnail":0,"footnotes":""},"acf":[],"_links":{"self":[{"href":"https:\/\/www.zszubri.cz\/index.php?rest_route=\/wp\/v2\/pages\/615"}],"collection":[{"href":"https:\/\/www.zszubri.cz\/index.php?rest_route=\/wp\/v2\/pages"}],"about":[{"href":"https:\/\/www.zszubri.cz\/index.php?rest_route=\/wp\/v2\/types\/page"}],"author":[{"embeddable":true,"href":"https:\/\/www.zszubri.cz\/index.php?rest_route=\/wp\/v2\/users\/1"}],"replies":[{"embeddable":true,"href":"https:\/\/www.zszubri.cz\/index.php?rest_route=%2Fwp%2Fv2%2Fcomments&post=615"}],"version-history":[{"count":2,"href":"https:\/\/www.zszubri.cz\/index.php?rest_route=\/wp\/v2\/pages\/615\/revisions"}],"predecessor-version":[{"id":1858,"href":"https:\/\/www.zszubri.cz\/index.php?rest_route=\/wp\/v2\/pages\/615\/revisions\/1858"}],"up":[{"embeddable":true,"href":"https:\/\/www.zszubri.cz\/index.php?rest_route=\/wp\/v2\/pages\/148"}],"wp:attachment":[{"href":"https:\/\/www.zszubri.cz\/index.php?rest_route=%2Fwp%2Fv2%2Fmedia&parent=615"}],"curies":[{"name":"wp","href":"https:\/\/api.w.org\/{rel}","templated":true}]}}