{"id":617,"date":"2013-03-24T14:16:49","date_gmt":"2013-03-24T14:16:49","guid":{"rendered":"http:\/\/www.zszubri.cz\/?page_id=617"},"modified":"2013-07-16T21:02:18","modified_gmt":"2013-07-16T19:02:18","slug":"opvkeu-zdroje-legislativa","status":"publish","type":"page","link":"https:\/\/www.zszubri.cz\/?page_id=617","title":{"rendered":"OPVKEU &#8211; ZDROJE &#8211; LEGISLATIVA"},"content":{"rendered":"<p><strong>PROJEKT &#8211; legislativa obecn\u00e1 <\/strong><\/p>\n<p><a href=\"http:\/\/www.zszubri.cz\/wp-content\/uploads\/2013\/documents\/opvkeu\/legislativa\/Prirucka_pro_zakladni_skoly_zadatele_a_prijemce_1.4.pdf\" target=\"_blank\">Prirucka_pro_zakladni_skoly_zadatele_a_prijemce_1.4.pdf<\/a><\/p>\n<p><a href=\"http:\/\/www.zszubri.cz\/wp-content\/uploads\/2013\/documents\/opvkeu\/legislativa\/harmonogram%20EU%20pen\u00edze%20dod%20\u0161kol_10-2010.xls\" target=\"_blank\">harmonogram EU pen\u00edze dod \u0161kol.xls<\/a> (VERZE 10\/2010)<\/p>\n<p><a href=\"http:\/\/www.zszubri.cz\/wp-content\/uploads\/2013\/documents\/opvkeu\/legislativa\/Text_vyzvy_1.4.pdf\" target=\"_blank\">Text_vyzvy_1.4.pdf<\/a><\/p>\n<p><a href=\"http:\/\/www.zszubri.cz\/wp-content\/uploads\/2013\/documents\/opvkeu\/legislativa\/projektov\u00fd%20z\u00e1m\u011br%20inovace%20v\u00fduky%20Z\u0160%20Zub\u0159\u00ed.doc\" target=\"_blank\">projektov\u00fd z\u00e1m\u011br inovace v\u00fduky Z\u0160 Zub\u0159\u00ed.doc<\/a> (VERZE 08\/2010)<\/p>\n<p><a href=\"http:\/\/www.zszubri.cz\/wp-content\/uploads\/2013\/documents\/opvkeu\/legislativa\/Vynatek_z_Metodiky_monitorovacich_indikatoru_pro_1.4.pdf\" target=\"_blank\">Vynatek_z_Metodiky_monitorovacich_indikatoru_pro_1.4.pdf<\/a><\/p>\n<hr \/>\n<p>&nbsp;<\/p>\n<p><strong>ROZPO\u010cET<\/strong><\/p>\n<p><a href=\"http:\/\/www.zszubri.cz\/wp-content\/uploads\/2013\/documents\/opvkeu\/rozpocet\/propocet_rozpocetEU%20na%20roky3.xls\" target=\"_blank\">propocet_rozpocetEU na roky3.xls<\/a><\/p>\n<p><a href=\"http:\/\/www.zszubri.cz\/wp-content\/uploads\/2013\/documents\/opvkeu\/rozpocet\/rozpocet_EUdoskol_ZSZubri.xls\" target=\"_blank\">rozpocet_EUdoskol_ZSZubri.xls<\/a><\/p>\n<p>&nbsp;<\/p>\n<hr \/>\n<p class=\"forText\"><strong>KRIT\u00c9RIA, PROJEKTY<\/strong><\/p>\n<p class=\"forText\" align=\"left\"><a href=\"http:\/\/www.zszubri.cz\/wp-content\/uploads\/2013\/documents\/opvkeu\/kriteria\/KRITERIA_%20ROZDELENI_ZAKU_PROJEKT_LABPRACE_PRIR.doc\" target=\"_blank\">KRITERIA_ ROZDELENI_ZAKU_PROJEKT_LABPRACE_PRIR.doc<\/a><\/p>\n<p><a href=\"http:\/\/www.zszubri.cz\/wp-content\/uploads\/2013\/documents\/opvkeu\/kriteria\/KRITERIA_%20ROZDELENI_ZAKU_PROJEKT_ROBOLAB.doc\" target=\"_blank\">KRITERIA_ ROZDELENI_ZAKU_PROJEKT_ROBOLAB.doc<\/a><\/p>\n<p><a href=\"http:\/\/www.zszubri.cz\/wp-content\/uploads\/2013\/documents\/opvkeu\/kriteria\/KRITERIA_%20ROZDELENI_ZAKU_PROJEKT_TV.doc\" target=\"_blank\">KRITERIA_ ROZDELENI_ZAKU_PROJEKT_TV.doc<\/a><\/p>\n<p><a href=\"http:\/\/www.zszubri.cz\/wp-content\/uploads\/2013\/documents\/opvkeu\/kriteria\/PROJEKT_ICT%20V%20TV.doc\" target=\"_blank\">PROJEKT_ICT V TV.doc<\/a><\/p>\n<p><a href=\"http:\/\/www.zszubri.cz\/wp-content\/uploads\/2013\/documents\/opvkeu\/kriteria\/PROJEKT_ICT%20V%20TV_MG.doc\" target=\"_blank\">PROJEKT_ICT V TV_MG.doc<\/a><\/p>\n<p><a href=\"http:\/\/www.zszubri.cz\/wp-content\/uploads\/2013\/documents\/opvkeu\/kriteria\/PROJEKT_ROBOLAB%20V%20ICT.doc\" target=\"_blank\">PROJEKT_ROBOLAB V ICT.doc<\/a><\/p>\n<p><a href=\"http:\/\/www.zszubri.cz\/wp-content\/uploads\/2013\/documents\/opvkeu\/kriteria\/projektov\u00fd%20z\u00e1m\u011br%20inovace%20v\u00fduky%20Z\u0160%20Zub\u0159\u00ed.doc\" target=\"_blank\">PROJEKTOV\u00dd Z\u00c1M\u011aR INOVACE V\u00ddUKY Z\u0160 Zub\u0159\u00ed.doc<\/a><\/p>\n<p>&nbsp;<\/p>\n<hr \/>\n<p class=\"forText\" align=\"left\"><strong>INTERN\u00cd SD\u011aLEN\u00cd<\/strong><\/p>\n<p class=\"forText\" align=\"left\"><a href=\"http:\/\/www.zszubri.cz\/wp-content\/uploads\/2013\/documents\/opvkeu\/internisdeleni\/INFORMACE%20K%20pr\u016fb\u011bhu%20EUOPVK%20leden2011.doc\" target=\"_blank\">INFORMACE K pr\u016fb\u011bhu EUOPVK leden2011_A.doc<\/a> &#8211; LEDEN 2011<\/p>\n<p><a href=\"http:\/\/www.zszubri.cz\/wp-content\/uploads\/2013\/documents\/opvkeu\/internisdeleni\/INTERN\u00cd%20SD\u011aLEN\u00cd%20leden2010.doc\" target=\"_blank\">INTERN\u00cd SD\u011aLEN\u00cd leden2011_B.doc<\/a> &#8211; LEDEN 2011<\/p>\n<p><a href=\"http:\/\/www.zszubri.cz\/wp-content\/uploads\/2013\/documents\/opvkeu\/internisdeleni\/N\u00c1VOD%20TVORBA%20DUS%20Z\u0160%20ZUB\u0158\u00cd.doc\" target=\"_blank\">N\u00c1VOD &#8211; TVORBA DUS Z\u0160 ZUB\u0158\u00cd<\/a> &#8211; PROSINEC 2010<\/p>\n<p><a href=\"http:\/\/www.zszubri.cz\/wp-content\/uploads\/2013\/documents\/opvkeu\/internisdeleni\/INFORMACE%20OPVKEU%20SLU\u017dBA%20\u0160KOLA%20ZA%20\u0160KOLOU.doc\" target=\"_blank\">INFORMACE OPVKEU SLU\u017dBA \u0160KOLA ZA \u0160KOLOU.doc<\/a> &#8211; B\u0158EZEN 2011<\/p>\n<p><a href=\"http:\/\/www.zszubri.cz\/wp-content\/uploads\/2013\/documents\/opvkeu\/internisdeleni\/INFORMACE_opvkeu_03_2011.doc\" target=\"_blank\">INFORMACE_opvkeu_03_2011.doc<\/a> &#8211; B\u0158EZEN 2011<\/p>\n<p><a href=\"http:\/\/www.zszubri.cz\/wp-content\/uploads\/2013\/documents\/opvkeu\/\/internisdeleni\/PRAVIDLA%20ZM\u011aN%20V\u00ddKAZ\u016e.doc\" target=\"_blank\">PRAVIDLA ZM\u011aN V\u00ddKAZ\u016e.doc<\/a> &#8211; DUBEN 2011<\/p>\n<p><a href=\"http:\/\/www.zszubri.cz\/wp-content\/uploads\/2013\/documents\/opvkeu\/internisdeleni\/P\u0158IPOMENUT\u00cd%20PROJEKT%20OPVKEU.doc\" target=\"_blank\">P\u0158IPOMENUT\u00cd PROJEKT OPVKEU.doc<\/a> &#8211; DUBEN 2011<\/p>\n<p><a href=\"http:\/\/www.zszubri.cz\/wp-content\/uploads\/2013\/documents\/opvkeu\/internisdeleni\/INTERN\u00cd%20SD\u011aLEN\u00cd%20b\u0159ezen2012.doc\" target=\"_blank\">INFORMACE K pr\u016fb\u011bhu EUOPVK b\u0159ezen 2012<\/a> &#8211; B\u0158EZEN 2012<\/p>\n<p><a href=\"http:\/\/www.zszubri.cz\/wp-content\/uploads\/2013\/documents\/opvkeu\/odmeny\/Pravidla%20odm\u011b\u0148ov\u00e1n\u00ed%20Z\u0160%20Zub\u0159\u00ed.doc\" target=\"_blank\">PRAVIDLA PRO ODM\u011a\u0147OV\u00c1N\u00cd<\/a><\/p>\n<hr \/>\n<p><strong>KONTROLA PLN\u011aN\u00cd <\/strong><\/p>\n<p class=\"forText\" align=\"left\"><a href=\"http:\/\/www.zszubri.cz\/wp-content\/uploads\/2013\/documents\/opvkeu\/kontrola\/LEDEN_BREZEN_2011_XLS_ARCHY_KONTROLA_CELE_.xls\" target=\"_blank\">LEDEN_BREZEN_2011_XLS_ARCHY_KONTROLA_CELE_.xls<\/a><\/p>\n<p><a href=\"http:\/\/www.zszubri.cz\/wp-content\/uploads\/2013\/documents\/opvkeu\/kontrola\/ZAZNAMOVE_ARCHY_KONTROLA_04_06_2011_X1.xls\" target=\"_blank\">ZAZNAMOVE_ARCHY_KONTROLA_04_06_2011_XKONTROLA_CELE<\/a>.XLS<\/p>\n<p><a href=\"http:\/\/www.zszubri.cz\/wp-content\/uploads\/2013\/documents\/opvkeu\/kontrola\/ZAZNAMOVE_ARCHY_KONTROLA_06_10_2011_X1_definitivni.xls\" target=\"_blank\">ZAZNAMOVE_ARCHY_KONTROLA_06_10_2011_X1_definitivni<\/a><\/p>\n<p><a href=\"http:\/\/www.zszubri.cz\/wp-content\/uploads\/2013\/documents\/opvkeu\/kontrola\/ZAZNAMOVE_ARCHY_KONTROLA_06_11_2011.xls\" target=\"_blank\">ZAZNAMOVE_ARCHY_KONTROLA_06_11_2011<\/a><\/p>\n<p><a href=\"http:\/\/www.zszubri.cz\/wp-content\/uploads\/2013\/documents\/opvkeu\/kontrola\/ZAZNAMOVE_ARCHY_KONTROLA_11_02_2012-X_1.xls\" target=\"_blank\">ZAZNAMOVE_ARCHY_KONTROLA_11_2011 &#8211; 02 2012 <\/a><\/p>\n<p><a href=\"http:\/\/www.zszubri.cz\/wp-content\/uploads\/2013\/documents\/opvkeu\/kontrola\/ZAZNAMOVE_ARCHY_KONTROLA_03_05_2012.xls\" target=\"_blank\">ZAZNAMOVE_ARCHY_KONTROLA_03_2012 &#8211; 05 2012 <\/a><\/p>\n<hr \/>\n<p>&nbsp;<\/p>\n<p><strong>TEMPO PLN\u011aN\u00cd AKTIVIT<\/strong><\/p>\n<p><a href=\"http:\/\/www.zszubri.cz\/wp-content\/uploads\/2013\/documents\/opvkeu\/plneniaktivit\/seznam_aktivity_rijen_2011.xls\" target=\"_blank\">stav pln\u011bn\u00ed aktivit &#8211; b\u0159ezen 2012<\/a><\/p>\n<p><span class=\"forText\"><a href=\"http:\/\/www.zszubri.cz\/wp-content\/uploads\/2013\/documents\/opvkeu\/plneniaktivit\/seznam_aktivity_kveten-2012.xls\" target=\"_blank\">stav pln\u011bn\u00ed aktivit &#8211; srpen 2012<\/a> <\/span><\/p>\n","protected":false},"excerpt":{"rendered":"<p>PROJEKT &#8211; legislativa obecn\u00e1 Prirucka_pro_zakladni_skoly_zadatele_a_prijemce_1.4.pdf harmonogram EU pen\u00edze dod \u0161kol.xls (VERZE 10\/2010) Text_vyzvy_1.4.pdf projektov\u00fd z\u00e1m\u011br inovace v\u00fduky Z\u0160 Zub\u0159\u00ed.doc (VERZE 08\/2010) Vynatek_z_Metodiky_monitorovacich_indikatoru_pro_1.4.pdf &nbsp; ROZPO\u010cET propocet_rozpocetEU na roky3.xls rozpocet_EUdoskol_ZSZubri.xls &nbsp; KRIT\u00c9RIA, PROJEKTY KRITERIA_ ROZDELENI_ZAKU_PROJEKT_LABPRACE_PRIR.doc KRITERIA_ ROZDELENI_ZAKU_PROJEKT_ROBOLAB.doc KRITERIA_ ROZDELENI_ZAKU_PROJEKT_TV.doc PROJEKT_ICT V TV.doc PROJEKT_ICT V TV_MG.doc PROJEKT_ROBOLAB V ICT.doc PROJEKTOV\u00dd Z\u00c1M\u011aR INOVACE V\u00ddUKY Z\u0160 Zub\u0159\u00ed.doc &nbsp; INTERN\u00cd SD\u011aLEN\u00cd INFORMACE K pr\u016fb\u011bhu EUOPVK leden2011_A.doc &#8211; LEDEN 2011 INTERN\u00cd SD\u011aLEN\u00cd leden2011_B.doc &#8211; LEDEN 2011 N\u00c1VOD &#8211; TVORBA DUS Z\u0160 ZUB\u0158\u00cd &#8211; PROSINEC 2010 INFORMACE OPVKEU SLU\u017dBA \u0160KOLA ZA \u0160KOLOU.doc &#8211; B\u0158EZEN 2011 INFORMACE_opvkeu_03_2011.doc &#8211; B\u0158EZEN 2011 PRAVIDLA ZM\u011aN V\u00ddKAZ\u016e.doc &#8211; DUBEN 2011 P\u0158IPOMENUT\u00cd PROJEKT OPVKEU.doc &#8211; DUBEN 2011 INFORMACE K pr\u016fb\u011bhu EUOPVK b\u0159ezen 2012 &#8211; B\u0158EZEN 2012 PRAVIDLA PRO ODM\u011a\u0147OV\u00c1N\u00cd KONTROLA PLN\u011aN\u00cd LEDEN_BREZEN_2011_XLS_ARCHY_KONTROLA_CELE_.xls ZAZNAMOVE_ARCHY_KONTROLA_04_06_2011_XKONTROLA_CELE.XLS ZAZNAMOVE_ARCHY_KONTROLA_06_10_2011_X1_definitivni ZAZNAMOVE_ARCHY_KONTROLA_06_11_2011 ZAZNAMOVE_ARCHY_KONTROLA_11_2011 &#8211; 02 2012 ZAZNAMOVE_ARCHY_KONTROLA_03_2012 &#8211; 05 2012 &nbsp; TEMPO PLN\u011aN\u00cd AKTIVIT stav pln\u011bn\u00ed aktivit &#8211; b\u0159ezen 2012 stav pln\u011bn\u00ed aktivit &#8211; srpen 2012<\/p>\n","protected":false},"author":1,"featured_media":0,"parent":148,"menu_order":0,"comment_status":"closed","ping_status":"closed","template":"page-template-full.php","meta":{"ngg_post_thumbnail":0,"footnotes":""},"acf":[],"_links":{"self":[{"href":"https:\/\/www.zszubri.cz\/index.php?rest_route=\/wp\/v2\/pages\/617"}],"collection":[{"href":"https:\/\/www.zszubri.cz\/index.php?rest_route=\/wp\/v2\/pages"}],"about":[{"href":"https:\/\/www.zszubri.cz\/index.php?rest_route=\/wp\/v2\/types\/page"}],"author":[{"embeddable":true,"href":"https:\/\/www.zszubri.cz\/index.php?rest_route=\/wp\/v2\/users\/1"}],"replies":[{"embeddable":true,"href":"https:\/\/www.zszubri.cz\/index.php?rest_route=%2Fwp%2Fv2%2Fcomments&post=617"}],"version-history":[{"count":2,"href":"https:\/\/www.zszubri.cz\/index.php?rest_route=\/wp\/v2\/pages\/617\/revisions"}],"predecessor-version":[{"id":1859,"href":"https:\/\/www.zszubri.cz\/index.php?rest_route=\/wp\/v2\/pages\/617\/revisions\/1859"}],"up":[{"embeddable":true,"href":"https:\/\/www.zszubri.cz\/index.php?rest_route=\/wp\/v2\/pages\/148"}],"wp:attachment":[{"href":"https:\/\/www.zszubri.cz\/index.php?rest_route=%2Fwp%2Fv2%2Fmedia&parent=617"}],"curies":[{"name":"wp","href":"https:\/\/api.w.org\/{rel}","templated":true}]}}