{"id":619,"date":"2013-03-24T14:17:11","date_gmt":"2013-03-24T14:17:11","guid":{"rendered":"http:\/\/www.zszubri.cz\/?page_id=619"},"modified":"2013-07-16T21:02:18","modified_gmt":"2013-07-16T19:02:18","slug":"opvkeu-vyberova-rizeni","status":"publish","type":"page","link":"https:\/\/www.zszubri.cz\/?page_id=619","title":{"rendered":"OPVKEU &#8211; V\u00ddB\u011aROV\u00c1 \u0158\u00cdZEN\u00cd"},"content":{"rendered":"<p><a href=\"http:\/\/www.zszubri.cz\/wp-content\/uploads\/2013\/documents\/opvkeu\/vyberovka\/VNIT\u0158N\u00cd%20P\u0158EDPISvzberovkaskolaeu.doc\" target=\"_blank\">Vnit\u0159n\u00ed p\u0159edpis pro v\u00fdb\u011brov\u00e9 \u0159\u00edzen\u00ed. doc<\/a><\/p>\n<p><a href=\"http:\/\/www.zszubri.cz\/wp-content\/uploads\/2013\/documents\/opvkeu\/vyberovka\/N\u00e1le\u017eitosti%20v\u00fdb\u011brov\u00e9ho%20\u0159\u00edzen\u00ed%20OPVKEU.doc\" target=\"_blank\">N\u00e1le\u017eitosti v\u00fdb\u011brov\u00e9ho \u0159\u00edzen\u00ed OPVKEU.doc<\/a><\/p>\n<hr \/>\n<p><strong>V\u00ddB\u011aROV\u00c9 \u0158\u00cdZEN\u00cd ROK 2011<\/strong><\/p>\n<p><a href=\"http:\/\/www.zszubri.cz\/wp-content\/uploads\/2013\/documents\/opvkeu\/vyberovka\/v\u00fdb\u011brov\u00e9%20\u0159\u00edzen\u00ed%20ICTK%20technika.doc\" target=\"_blank\">V\u00fdb\u011brov\u00e9 \u0159\u00edzen\u00ed ICTK technika &#8211; 14.2.2011<\/a><\/p>\n<p><a href=\"http:\/\/www.zszubri.cz\/wp-content\/uploads\/2013\/documents\/opvkeu\/vyberovka\/V\u00fdsledek%20v\u00fdzvy%20k%20pod\u00e1v\u00e1n\u00ed%20nab\u00eddek.doc\" target=\"_blank\">V\u00fdsledek v\u00fdzvy k pod\u00e1v\u00e1n\u00ed nab\u00eddek<\/a><\/p>\n<p><a href=\"http:\/\/www.zszubri.cz\/wp-content\/uploads\/2013\/documents\/opvkeu\/vyberovka\/ozn\u00e1men\u00ed%20o%20v\u00fdsledku%20v\u00fdb\u011brov\u00e9ho%20\u0159\u00edzen\u00ed.doc\" target=\"_blank\">Ozn\u00e1men\u00ed o v\u00fdsledku v\u00fdb\u011brov\u00e9ho \u0159\u00edzen\u00ed<\/a><\/p>\n<hr \/>\n<p class=\"forText\" align=\"left\"><strong>V\u00ddB\u011aROV\u00c9 \u0158\u00cdZEN\u00cd ROK 2012<\/strong><\/p>\n<p class=\"forText\" align=\"left\"><a href=\"http:\/\/www.zszubri.cz\/wp-content\/uploads\/2013\/documents\/opvkeu\/vyberovka\/c2\/v\u00fdb\u011brov\u00e9%20\u0159\u00edzen\u00ed%20ICTK%20technika_2.doc\" target=\"_blank\">V\u00fdb\u011brov\u00e9 \u0159\u00edzen\u00ed ICTK technika &#8211; 3.4.2012<\/a><\/p>\n<p><a href=\"http:\/\/www.zszubri.cz\/wp-content\/uploads\/2013\/documents\/opvkeu\/vyberovka\/c2\/Protokol%20o%20posouzen\u00ed%20a%20hodnocen\u00ed%20nab\u00eddek.doc\" target=\"_blank\">Protokol o posouzen\u00ed a hodnocen\u00ed nab\u00eddek<\/a><\/p>\n<p><a href=\"http:\/\/www.zszubri.cz\/wp-content\/uploads\/2013\/documents\/opvkeu\/vyberovka\/c2\/V\u00fdsledek%20v\u00fdzvy%20k%20pod\u00e1v\u00e1n\u00ed%20nab\u00eddek.doc\" target=\"_blank\">V\u00fdsledek v\u00fdzvy k pod\u00e1v\u00e1n\u00ed nab\u00eddek<\/a><\/p>\n<p><a href=\"http:\/\/www.zszubri.cz\/wp-content\/uploads\/2013\/documents\/opvkeu\/vyberovka\/c2\/ozn\u00e1men\u00ed%20o%20v\u00fdsledku%20v\u00fdb\u011brov\u00e9ho%20\u0159\u00edzen\u00ed.doc\" target=\"_blank\">Ozn\u00e1men\u00ed o v\u00fdsledku v\u00fdb\u011brov\u00e9ho \u0159\u00edzen\u00ed<\/a><\/p>\n<p><a href=\"http:\/\/www.zszubri.cz\/?attachment_id=584\" rel=\"attachment wp-att-584\"><img decoding=\"async\" loading=\"lazy\" class=\"aligncenter size-full wp-image-584\" alt=\"index_clip_image002\" src=\"http:\/\/www.zszubri.cz\/wp-content\/uploads\/2013\/03\/index_clip_image002.gif\" width=\"276\" height=\"60\" \/><\/a><br \/>\n<strong><\/strong><\/p>\n","protected":false},"excerpt":{"rendered":"<p>Vnit\u0159n\u00ed p\u0159edpis pro v\u00fdb\u011brov\u00e9 \u0159\u00edzen\u00ed. doc N\u00e1le\u017eitosti v\u00fdb\u011brov\u00e9ho \u0159\u00edzen\u00ed OPVKEU.doc V\u00ddB\u011aROV\u00c9 \u0158\u00cdZEN\u00cd ROK 2011 V\u00fdb\u011brov\u00e9 \u0159\u00edzen\u00ed ICTK technika &#8211; 14.2.2011 V\u00fdsledek v\u00fdzvy k pod\u00e1v\u00e1n\u00ed nab\u00eddek Ozn\u00e1men\u00ed o v\u00fdsledku v\u00fdb\u011brov\u00e9ho \u0159\u00edzen\u00ed V\u00ddB\u011aROV\u00c9 \u0158\u00cdZEN\u00cd ROK 2012 V\u00fdb\u011brov\u00e9 \u0159\u00edzen\u00ed ICTK technika &#8211; 3.4.2012 Protokol o posouzen\u00ed a hodnocen\u00ed nab\u00eddek V\u00fdsledek v\u00fdzvy k pod\u00e1v\u00e1n\u00ed nab\u00eddek Ozn\u00e1men\u00ed o v\u00fdsledku v\u00fdb\u011brov\u00e9ho \u0159\u00edzen\u00ed<\/p>\n","protected":false},"author":1,"featured_media":0,"parent":148,"menu_order":0,"comment_status":"closed","ping_status":"closed","template":"page-template-full.php","meta":{"ngg_post_thumbnail":0,"footnotes":""},"acf":[],"_links":{"self":[{"href":"https:\/\/www.zszubri.cz\/index.php?rest_route=\/wp\/v2\/pages\/619"}],"collection":[{"href":"https:\/\/www.zszubri.cz\/index.php?rest_route=\/wp\/v2\/pages"}],"about":[{"href":"https:\/\/www.zszubri.cz\/index.php?rest_route=\/wp\/v2\/types\/page"}],"author":[{"embeddable":true,"href":"https:\/\/www.zszubri.cz\/index.php?rest_route=\/wp\/v2\/users\/1"}],"replies":[{"embeddable":true,"href":"https:\/\/www.zszubri.cz\/index.php?rest_route=%2Fwp%2Fv2%2Fcomments&post=619"}],"version-history":[{"count":2,"href":"https:\/\/www.zszubri.cz\/index.php?rest_route=\/wp\/v2\/pages\/619\/revisions"}],"predecessor-version":[{"id":1857,"href":"https:\/\/www.zszubri.cz\/index.php?rest_route=\/wp\/v2\/pages\/619\/revisions\/1857"}],"up":[{"embeddable":true,"href":"https:\/\/www.zszubri.cz\/index.php?rest_route=\/wp\/v2\/pages\/148"}],"wp:attachment":[{"href":"https:\/\/www.zszubri.cz\/index.php?rest_route=%2Fwp%2Fv2%2Fmedia&parent=619"}],"curies":[{"name":"wp","href":"https:\/\/api.w.org\/{rel}","templated":true}]}}