{"id":69,"date":"2013-03-21T15:58:23","date_gmt":"2013-03-21T15:58:23","guid":{"rendered":"http:\/\/www.zszubri.cz\/?page_id=69"},"modified":"2020-11-24T20:05:49","modified_gmt":"2020-11-24T19:05:49","slug":"sbor-sd","status":"publish","type":"page","link":"https:\/\/www.zszubri.cz\/?page_id=69","title":{"rendered":"SBOR \u0160D"},"content":{"rendered":"<p>Vychovatelky \u0161koln\u00ed dru\u017einy:<\/p>\n<p>Lenka Davidov\u00e1 (vedouc\u00ed)<br \/>\nLucie Ga\u0161parov\u00e1<br \/>\nMgr. Dagmar Vr\u00e1tn\u00e1<br \/>\nRadka Kr\u016fpov\u00e1<\/p>\n<p>&nbsp;<\/p>\n<p>&nbsp;<\/p>\n<p>&nbsp;<\/p>\n<p>&nbsp;<\/p>\n<p>&nbsp;<\/p>\n<p>&nbsp;<\/p>\n<p>&nbsp;<\/p>\n<p>&nbsp;<\/p>\n<p>&nbsp;<\/p>\n","protected":false},"excerpt":{"rendered":"<p>Vychovatelky \u0161koln\u00ed dru\u017einy: Lenka Davidov\u00e1 (vedouc\u00ed) Lucie Ga\u0161parov\u00e1 Mgr. Dagmar Vr\u00e1tn\u00e1 Radka Kr\u016fpov\u00e1 &nbsp; &nbsp; &nbsp; &nbsp; &nbsp; &nbsp; &nbsp; &nbsp; &nbsp;<\/p>\n","protected":false},"author":1,"featured_media":0,"parent":40,"menu_order":0,"comment_status":"closed","ping_status":"closed","template":"","meta":{"ngg_post_thumbnail":0,"footnotes":""},"acf":[],"_links":{"self":[{"href":"https:\/\/www.zszubri.cz\/index.php?rest_route=\/wp\/v2\/pages\/69"}],"collection":[{"href":"https:\/\/www.zszubri.cz\/index.php?rest_route=\/wp\/v2\/pages"}],"about":[{"href":"https:\/\/www.zszubri.cz\/index.php?rest_route=\/wp\/v2\/types\/page"}],"author":[{"embeddable":true,"href":"https:\/\/www.zszubri.cz\/index.php?rest_route=\/wp\/v2\/users\/1"}],"replies":[{"embeddable":true,"href":"https:\/\/www.zszubri.cz\/index.php?rest_route=%2Fwp%2Fv2%2Fcomments&post=69"}],"version-history":[{"count":12,"href":"https:\/\/www.zszubri.cz\/index.php?rest_route=\/wp\/v2\/pages\/69\/revisions"}],"predecessor-version":[{"id":17801,"href":"https:\/\/www.zszubri.cz\/index.php?rest_route=\/wp\/v2\/pages\/69\/revisions\/17801"}],"up":[{"embeddable":true,"href":"https:\/\/www.zszubri.cz\/index.php?rest_route=\/wp\/v2\/pages\/40"}],"wp:attachment":[{"href":"https:\/\/www.zszubri.cz\/index.php?rest_route=%2Fwp%2Fv2%2Fmedia&parent=69"}],"curies":[{"name":"wp","href":"https:\/\/api.w.org\/{rel}","templated":true}]}}