{"id":71,"date":"2013-03-21T15:58:52","date_gmt":"2013-03-21T14:58:52","guid":{"rendered":"http:\/\/www.zszubri.cz\/?page_id=71"},"modified":"2025-08-20T22:04:01","modified_gmt":"2025-08-20T20:04:01","slug":"informace-sd","status":"publish","type":"page","link":"https:\/\/www.zszubri.cz\/?page_id=71","title":{"rendered":"INFORMACE \u0160D"},"content":{"rendered":"<p>&nbsp;<\/p>\n<div>\n<p><strong>INFORMACE \u0160D<\/strong><\/p>\n<p><strong>Z\u00e1pis do \u0161koln\u00ed dru\u017einy pro \u0161k.rok 2025\/2026 prob\u011bhne ve dvou term\u00ednech<\/strong>:&nbsp;<\/p>\n<ul>\n<li>28.08.2025 &nbsp;&nbsp; 8:00 \u2013 11:00 hod&nbsp;<\/li>\n<li>01.09.2025&nbsp;&nbsp; &nbsp;&nbsp;&nbsp;7:20 \u2013 11:00 hod<\/li>\n<\/ul>\n<p>Do \u0161koln\u00ed dru\u017einy budou p\u0159ij\u00edm\u00e1ni \u017e\u00e1ci 1., 2., v p\u0159\u00edpad\u011b voln\u00e9 kapacity i \u017e\u00e1ci 3. a 4. ro\u010d. Z\u0160.<br \/>\n<strong>P\u0159ihl\u00e1sit se mus\u00ed i d\u011bti, kter\u00e9 ji\u017e v minul\u00e9m \u0161k.roce dru\u017einu nav\u0161t\u011bvovaly.<\/strong><\/p>\n<p>Provoz \u0161koln\u00ed dru\u017einy bude zah\u00e1jen v \u00fater\u00fd 2. z\u00e1\u0159\u00ed 2025.<\/p>\n<p><strong>\u0160koln\u00ed dru\u017eina \u2013 mobil : 775 021&nbsp;073<\/strong><\/p>\n<p>&nbsp;<\/p>\n<p>&nbsp;<\/p>\n<\/div>\n<hr>\n<p>&nbsp;<\/p>\n<p>&nbsp;<\/p>\n","protected":false},"excerpt":{"rendered":"<p>&nbsp; INFORMACE \u0160D Z\u00e1pis do \u0161koln\u00ed dru\u017einy pro \u0161k.rok 2025\/2026 prob\u011bhne ve dvou term\u00ednech:&nbsp; 28.08.2025 &nbsp;&nbsp; 8:00 \u2013 11:00 hod&nbsp; 01.09.2025&nbsp;&nbsp; &nbsp;&nbsp;&nbsp;7:20 \u2013 11:00 hod Do \u0161koln\u00ed dru\u017einy budou p\u0159ij\u00edm\u00e1ni \u017e\u00e1ci 1., 2., v p\u0159\u00edpad\u011b voln\u00e9 kapacity i \u017e\u00e1ci 3. a 4. ro\u010d. Z\u0160. P\u0159ihl\u00e1sit se mus\u00ed i d\u011bti, kter\u00e9 ji\u017e v minul\u00e9m \u0161k.roce dru\u017einu nav\u0161t\u011bvovaly. Provoz \u0161koln\u00ed dru\u017einy bude zah\u00e1jen v \u00fater\u00fd 2. z\u00e1\u0159\u00ed 2025. \u0160koln\u00ed dru\u017eina \u2013 mobil : 775 021&nbsp;073 &nbsp; &nbsp; &nbsp; &nbsp;<\/p>\n","protected":false},"author":1,"featured_media":0,"parent":40,"menu_order":0,"comment_status":"closed","ping_status":"closed","template":"","meta":{"ngg_post_thumbnail":0,"footnotes":""},"acf":[],"_links":{"self":[{"href":"https:\/\/www.zszubri.cz\/index.php?rest_route=\/wp\/v2\/pages\/71"}],"collection":[{"href":"https:\/\/www.zszubri.cz\/index.php?rest_route=\/wp\/v2\/pages"}],"about":[{"href":"https:\/\/www.zszubri.cz\/index.php?rest_route=\/wp\/v2\/types\/page"}],"author":[{"embeddable":true,"href":"https:\/\/www.zszubri.cz\/index.php?rest_route=\/wp\/v2\/users\/1"}],"replies":[{"embeddable":true,"href":"https:\/\/www.zszubri.cz\/index.php?rest_route=%2Fwp%2Fv2%2Fcomments&post=71"}],"version-history":[{"count":25,"href":"https:\/\/www.zszubri.cz\/index.php?rest_route=\/wp\/v2\/pages\/71\/revisions"}],"predecessor-version":[{"id":23490,"href":"https:\/\/www.zszubri.cz\/index.php?rest_route=\/wp\/v2\/pages\/71\/revisions\/23490"}],"up":[{"embeddable":true,"href":"https:\/\/www.zszubri.cz\/index.php?rest_route=\/wp\/v2\/pages\/40"}],"wp:attachment":[{"href":"https:\/\/www.zszubri.cz\/index.php?rest_route=%2Fwp%2Fv2%2Fmedia&parent=71"}],"curies":[{"name":"wp","href":"https:\/\/api.w.org\/{rel}","templated":true}]}}