{"id":78,"date":"2013-03-21T16:00:56","date_gmt":"2013-03-21T16:00:56","guid":{"rendered":"http:\/\/www.zszubri.cz\/?page_id=78"},"modified":"2023-08-13T17:12:10","modified_gmt":"2023-08-13T15:12:10","slug":"historie","status":"publish","type":"page","link":"https:\/\/www.zszubri.cz\/?page_id=78","title":{"rendered":"HISTORIE"},"content":{"rendered":"<p>Historie \u0161koly<\/p>\n<p>OBR\u00c1ZKOV\u00c1 GALERIE : ngg_shortcode_0_placeholder<\/p>\n<p>18. stolet\u00ed<br \/>\n1784 &#8211; postavena prvn\u00ed jednot\u0159\u00eddn\u00ed \u0161kola z n\u00e1bo\u017eensk\u00e9ho fondu pro obec Zub\u0159\u00ed a Vid\u010de v m\u00edst\u011b dne\u0161n\u00ed cukr\u00e1rny Ivana. Prvn\u00edm spr\u00e1vcem \u0161koly byl Tom\u00e1\u0161 Dobe\u0161.<\/p>\n<p>19.stolet\u00ed<br \/>\n1852 &#8211; postavena nov\u00e1 jednot\u0159\u00eddn\u00ed \u0161kola &#8222;kamenn\u00e1&#8220; za 500 zlat\u00fdch v prostoru u kostela na prostranstv\u00ed vedle cukr\u00e1rna Ivana, pozd\u011bji naz\u00fdv\u00e1na &#8222;doln\u00ed &#8222;.1854 &#8211; jednot\u0159\u00eddn\u00ed \u0161kola roz\u0161\u00ed\u0159ena na trojt\u0159\u00eddku. 1887 &#8211; postavena \u0161kola na Star\u00e9m Zub\u0159\u00ed za 5 200 zlat\u00fdch stavitelem Barab\u00e1\u0161em. Prvn\u00edm spr\u00e1vcem byl pan Michal Majer z Ro\u017enova.1892 &#8211; trojt\u0159\u00eddn\u00ed \u0161kola u kostela roz\u0161\u00ed\u0159ena na \u010dty\u0159t\u0159\u00eddku.1895 &#8211; dostav\u011bna &#8222;horn\u00ed&#8220; \u0161kola &#8211; jednot\u0159\u00eddn\u00ed.1896 &#8211; otev\u0159ena &#8222;horn\u00ed&#8220; \u0161kola.<\/p>\n<p>1900 &#8211; 1945<br \/>\n1905 &#8211; roz\u0161\u00ed\u0159ena &#8222;horn\u00ed&#8220; \u0161kola na dvojt\u0159\u00eddn\u00ed.1908 &#8211; p\u0159istav\u011bna \u0161kola na Star\u00e9m Zub\u0159\u00ed na dvojt\u0159\u00eddn\u00ed.1909 &#8211; roz\u0161\u00ed\u0159ena &#8222;doln\u00ed&#8220; \u0161kola na p\u011btit\u0159\u00eddn\u00ed.1910 &#8211; zapo\u010data p\u0159\u00edstavba 4 u\u010deben p\u0159i &#8222;doln\u00ed&#8220; \u0161kole.1911 &#8211; zapo\u010data v\u00fduka v p\u0159\u00edstavb\u011b &#8222;doln\u00ed&#8220; \u0161koly.1923 &#8211; 24 &#8211; z\u0159\u00edzena Lidov\u00e1 \u0161kola hospod\u00e1\u0159sk\u00e1 pro 15 a 16 letou ml\u00e1de\u017e. Vyu\u010dovalo se 2x t\u00fddn\u011b po 4 hodin\u00e1ch. Vyu\u010dovali v n\u00ed u\u010ditel\u00e9 obecn\u00e9 \u0161koly, pozd\u011bji nov\u011b zalo\u017een\u00e9 \u0161koly m\u011b\u0161\u0165ansk\u00e9, vyu\u010dov\u00e1n\u00ed trvalo 6 m\u011bs\u00edc\u016f &#8211; od listopadu do dubna. \u0160kola trvala a\u017e do \u010dty\u0159ic\u00e1t\u00fdch let.13.10.1923 &#8211; Zemsk\u00fd v\u00fdbor v Brn\u011b dal svolen\u00ed ke z\u0159\u00edzen\u00ed m\u011b\u0161\u0165ansk\u00e9 \u0161koly.8.11.1923 &#8211; zapo\u010dalo vyu\u010dov\u00e1n\u00ed v m\u011b\u0161\u0165ansk\u00e9 \u0161kole, kter\u00e1 byla um\u00edst\u011bna zat\u00edmn\u011b v &#8222;doln\u00ed&#8220; \u0161kole. Zat\u00edmn\u00edm \u0159editelem byl jmenov\u00e1n odborn\u00fd u\u010ditel Augustin \u0160ruba\u0159 z Ro\u017enova. Pozd\u011bji byly pro \u0161kolu pronaj\u00edm\u00e1ny m\u00edstnosti v soukrom\u00fdch budov\u00e1ch &#8211; ve vile u Gregor\u016f.16.10.1932 &#8211; polo\u017een\u00ed z\u00e1kladn\u00edho kamene ke stavb\u011b m\u011b\u0161\u0165ansk\u00e9 \u0161koly. Rozpo\u010det na budovu m\u011b\u0161\u0165ansk\u00e9 \u0161koly s vnit\u0159n\u00edm vybaven\u00edm \u010dinil 1 911 000 K\u010d. Stavbu t\u00e9to \u0161koly prov\u00e1d\u011bli dle pl\u00e1nu architekta Boh. Kupky stavitel\u00e9: Alois Sedl\u00e1\u0159 z Vala\u0161sk\u00e9ho Mezi\u0159\u00ed\u010d\u00ed a Franti\u0161ek Bayer z Ro\u017enova, zedni\u010dt\u00ed a tesa\u0159\u0161t\u00ed mist\u0159i: Sigmund Gregor ze Zub\u0159\u00ed, Inocenc Drda z Vid\u010de, Franti\u0161ek Vl\u010dek ze Za\u0161ov\u00e9.<br \/>\n21.1.1935 &#8211; kolaudace ji\u017en\u00ed \u010d\u00e1sti m\u011b\u0161\u0165ansk\u00e9 \u0161koly.5.2.1935 &#8211; za\u010d\u00edn\u00e1 v ji\u017en\u00edm traktu pravideln\u00e9 vyu\u010dov\u00e1n\u00ed. \u0158editelem \u0161koly je Jan Myn\u00e1\u0159.1935\/36 &#8211; dokon\u010dena stavba v\u00fdchodn\u00edho traktu budovy. \u0160kola m\u00e1 v t\u00e9 dob\u011b 3 t\u0159\u00eddy kmenov\u00e9 a 2 definitivn\u00ed pobo\u010dky p\u0159i I.A a II. t\u0159\u00edd\u011b. \u0160kolu nav\u0161t\u011bvuje 195 \u017e\u00e1k\u016f ( 108 hoch\u016f a 87 d\u00edvek ). \u0158editelem \u0161koly je Jan Myn\u00e1\u0159. Na \u0161kole vyu\u010duje 7 u\u010ditel\u016f.1937 &#8211; dostav\u011bna m\u011b\u0161\u0165ansk\u00e1 \u0161kola. Obec po\u017e\u00e1dala ministerstvo \u0161kolstv\u00ed o prop\u016fj\u010den\u00ed n\u00e1zvu &#8220; Jubilejn\u00ed m\u011b\u0161\u0165ansk\u00e1 \u0161kola T.G. Masaryka &#8222;. \u0160kola byla \u00fajezdn\u00ed pro Zub\u0159\u00ed, St\u0159\u00edte\u017e, Za\u0161ovou.20.5.1938 &#8211; pl\u00e1novan\u00e9 slavnostn\u00ed otev\u0159en\u00ed m\u011b\u0161\u0165ansk\u00e9 \u0161koly, kter\u00e9 bylo pro neklid kolem mobilizace odlo\u017eeno na druhou polovinu z\u00e1\u0159\u00ed.28.9.1938 &#8211; m\u011bla b\u00fdt slavnostn\u011b otev\u0159ena \u0161kola. Ani druh\u00fd term\u00edn otev\u0159en\u00ed \u0161koly nemohl b\u00fdt dodr\u017een. Ministerstvo \u0161kolstv\u00ed jen vydalo souhlas s ud\u011blen\u00edm n\u00e1zvu &#8220; Jubilejn\u00ed \u0161kola T. G. Masaryka &#8222;.<\/p>\n<p>1948 &#8211; 1977<br \/>\nduben 1948 &#8211; vyd\u00e1n a schv\u00e1len nov\u00fd \u0161kolsk\u00fd z\u00e1kon &#8211; o z\u00e1kladn\u00ed \u00faprav\u011b jednotn\u00e9ho \u0161kolstv\u00ed. Jeho proveden\u00edm se dost\u00e1v\u00e1 ml\u00e1de\u017ei bez jak\u00e9hokoliv rozd\u00edlu soci\u00e1ln\u00edho, n\u00e1bo\u017eensk\u00e9ho a pod jednotn\u00e9 v\u00fdchovy a v\u0161eobecn\u00e9ho i odborn\u00e9ho vzd\u011bl\u00e1n\u00ed. M\u011b\u0161\u0165ansk\u00e1 \u0161kola p\u0159ejmenov\u00e1na na \u0161kolu &#8220; st\u0159edn\u00ed &#8220; II. stupn\u011b.duben 1953 &#8211; vyd\u00e1n nov\u00fd \u0161kolsk\u00fd z\u00e1kon &#8220; Z\u00e1kon o \u0161kolsk\u00e9 soustav\u011b a vzd\u011bl\u00e1v\u00e1n\u00ed u\u010ditel\u016f &#8222;. Novou \u0161kolskou soustavou se zav\u00e1d\u00ed jako z\u00e1kladn\u00ed typ \u0161koly &#8211; osmilet\u00e1 st\u0159edn\u00ed \u0161kola &#8211; OS\u0160 pro ml\u00e1de\u017e od 6 do 14 let.1953-54 &#8211; 1. rok nov\u011b organizovan\u00e9 \u0161koly OS\u0160 Organiza\u010dn\u011b vznikl nov\u00fd typ \u0161koly u n\u00e1s splynut\u00edm dosavadn\u00ed st\u0159edn\u00ed \u0161koly a n\u00e1rodn\u00ed \u0161koly &#8220; doln\u00ed &#8222;. Tak vznikla 1.9. 1953 OS\u0160 v osmi postupn\u00fdch ro\u010dn\u00edc\u00edch a \u010dty\u0159ech pobo\u010dk\u00e1ch. Po\u010det \u017e\u00e1k\u016f na \u0161kole: 410 ( 189 chlapc\u016f, 221 d\u00edvek).1960-61 &#8211; 1. rok z\u00e1kladn\u00ed dev\u00edtilet\u00e9 \u0161koly &#8211; ZD\u0160.<br \/>\n31.10.1963 &#8211; slavnostn\u00ed otev\u0159en\u00ed \u0161koln\u00edch d\u00edlen. Mimo dvou u\u010deben pro v\u00fduku d\u00edlen je v budov\u011b sklad materi\u00e1lu, sklad n\u00e1\u0159ad\u00ed a strojovna. Hodnota d\u00edla \u010din\u00ed 130 000 K\u010d.31.12.1974 &#8211; ukon\u010den provoz v budov\u011b &#8220; doln\u00ed &#8220; \u0161koly a ve\u0161ker\u00e1 v\u00fduka soust\u0159ed\u011bna do budovy b\u00fdval\u00e9 m\u011b\u0161\u0165ansk\u00e9 \u0161koly, kter\u00e1 kapacitn\u011b nesta\u010d\u00ed.26.8.1975 &#8211; na KNV se uskute\u010dnilo jedn\u00e1n\u00ed z\u00e1stupc\u016f \u0161kolsk\u00e9ho odboru ONV s pracovn\u00edky KNV o \u0159e\u0161en\u00ed \u0161kolsk\u00e9 situace v Zub\u0159\u00ed. KNV doporu\u010dil, aby stavba 13 t\u0159\u00eddn\u00ed \u0161koly za 15 000 000 K\u010d byla pojata do akce &#8220; Z &#8220; se zapo\u010det\u00edm na ja\u0159e 1977 a dokon\u010den\u00edm v srpnu 1980.1.9.1976 &#8211; \u0161kolsk\u00fd odbor ONV zru\u0161il k 1. z\u00e1\u0159\u00ed ob\u011b obvodov\u00e9 malot\u0159\u00eddn\u00ed \u0161koly a budovy p\u0159evzala k u\u017e\u00edv\u00e1n\u00ed ZD\u0160. Sm\u011bnuj\u00ed v\u0161echny t\u0159\u00eddy 1.-5. ro\u010dn\u00edku. Do obou budov se dov\u00e1\u017eej\u00ed \u017e\u00e1ci na sm\u011bnn\u00e9 vyu\u010dov\u00e1n\u00ed. Zapo\u010dala v\u00fduka podle nov\u00e9 koncepce.12.4.1977 &#8211; zah\u00e1jeny p\u0159\u00edpravn\u00e9 pr\u00e1ce na stavb\u011b nov\u00e9 \u0161koly.7.9.1977 &#8211; Usnesen\u00edm vl\u00e1dy \u010d. 268 ze dne 7. z\u00e1\u0159\u00ed 1977 byla vl\u00e1dou \u010cSR odsouhlasena v\u00fdstavba \u0161koly v Zub\u0159\u00ed n\u00e1kladem 16 168 000 K\u010d ( v\u010detn\u011b projektu ). Hodnota budovy 14 896 000 K\u010d, finan\u010dn\u00ed n\u00e1klad 12 656 000 K\u010d. Sv\u00e9pomoci nutno vytvo\u0159it hodnotu d\u00edla 2 240 000 K\u010d.<\/p>\n<p>1977 &#8211; 1989<br \/>\n30.8.1980 &#8211; slavnostn\u00ed otev\u0159en\u00ed \u0161koly spojen\u00e9 s prohl\u00eddkou \u0161koly. Otev\u0159en\u00edm \u0161koly byly d\u00e1ny do u\u017e\u00edv\u00e1n\u00ed u\u010debn\u00ed pavilony a \u0161koln\u00ed j\u00eddelna. Nedokon\u010deny z\u016fstaly objekty spojovac\u00ed chodba a t\u011blocvi\u010dna.1980-81 &#8211; v tomto \u0161koln\u00edm roce m\u00e1 \u0161kola 26 t\u0159\u00edd, 768 \u017e\u00e1k\u016f, 38 u\u010ditel\u016f, 3 vychovatelky \u0161koln\u00ed dru\u017einy, 1 skupinovou vedouc\u00ed.srpen 1983 &#8211; dokon\u010deno vybavov\u00e1n\u00ed, mont\u00e1\u017en\u00ed a n\u00e1t\u011brov\u00e9 pr\u00e1ce v t\u011blocvi\u010dn\u011b.<\/p>\n<p>1989 &#8211; 2004<br \/>\n1.1.2001- Obec Zub\u0159\u00ed z\u0159izuje Z\u0160 jako p\u0159\u00edsp\u011bvkovou organizaci. Z\u00e1kladn\u00ed \u0161kola je pr\u00e1vn\u00edm subjektem.<\/p>\n<p>\u0158editel\u00e9 M\u011b\u0161\u0165ansk\u00e9 a Z\u00e1kladn\u00ed \u0161koly v Zub\u0159\u00ed<br \/>\nAugustin \u0160ruba\u0159 1923 \u2013 1928 prvn\u00ed \u0159editel m\u011b\u0161\u0165ansk\u00e9 \u0161koly<br \/>\nJo\u017ea Fraczek 1928 \u2013 1932 \u0159editel m\u011b\u0161\u0165ansk\u00e9 \u0161koly<br \/>\nJan Myn\u00e1\u0159 1.8.1932 &#8211; 31.5.1939 \u0159editel m\u011b\u0161\u0165ansk\u00e9 \u0161koly<br \/>\nGustav Pile\u010dka 1.6.1939 &#8211; 4.10.1939 \u0159editel m\u011b\u0161\u0165ansk\u00e9 \u0161koly<br \/>\nJosef Hube\u0148\u00e1k 5.10.1939 &#8211; 15.8.1941 \u0159editel m\u011b\u0161\u0165ansk\u00e9 \u0161koly<br \/>\nJaroslav Je\u017e\u00ed\u0161ek 16.8.1941 &#8211; 31.10.1941 odb. u\u010ditel pov\u011b\u0159en\u00fd spr\u00e1vou \u0161koly<br \/>\nGustav Pile\u010dka 1.11.1941 &#8211; 31.8.1952 \u0159editel m\u011b\u0161\u0165ansk\u00e9 a st\u0159edn\u00ed \u0161koly<br \/>\nBohumil \u0158ezn\u00ed\u010dek 1.9.1952 &#8211; 31.8.1964 \u0159editel OS\u0160 a ZD\u0160<br \/>\nJosef Kubi\u0161 1.9.1964 &#8211; 7.1.1985 \u0159editel ZD\u0160<br \/>\nMilan Chumchal 8.1.1985 &#8211; 1.5.1991 \u0159editel Z\u0160<br \/>\nZde\u0148ka Jano\u0161kov\u00e1 2.5.1991 &#8211; 10.2.1992 pov\u011b\u0159ena \u0159\u00edzen\u00edm \u0161koly<br \/>\nZde\u0148ka Jano\u0161kov\u00e1 11.2.1992 &#8211; 31.7.2002 \u0159editelka Z\u0160<br \/>\nStanislav Petru\u017eela 1.8.2002 \u2013 31.07.2023 ( v letech 2014 &#8211; 2018 byl uvoln\u011bn d\u016fvod\u016f v\u00fdkonu funkce m\u00edstostarosty a statut\u00e1rn\u00edm z\u00e1stupcem \u0161koly byl Tom\u00e1\u0161 Rand\u00fdsek)<br \/>\nTom\u00e1\u0161 Rand\u00fdsek 01.08.2023 &#8211; dosud<\/p>\n","protected":false},"excerpt":{"rendered":"<p>Historie \u0161koly OBR\u00c1ZKOV\u00c1 GALERIE : 18. stolet\u00ed 1784 &#8211; postavena prvn\u00ed jednot\u0159\u00eddn\u00ed \u0161kola z n\u00e1bo\u017eensk\u00e9ho fondu pro obec Zub\u0159\u00ed a Vid\u010de v m\u00edst\u011b dne\u0161n\u00ed cukr\u00e1rny Ivana. Prvn\u00edm spr\u00e1vcem \u0161koly byl Tom\u00e1\u0161 Dobe\u0161. 19.stolet\u00ed 1852 &#8211; postavena nov\u00e1 jednot\u0159\u00eddn\u00ed \u0161kola &#8222;kamenn\u00e1&#8220; za 500 zlat\u00fdch v prostoru u kostela na prostranstv\u00ed vedle cukr\u00e1rna Ivana, pozd\u011bji naz\u00fdv\u00e1na &#8222;doln\u00ed &#8222;.1854 &#8211; jednot\u0159\u00eddn\u00ed \u0161kola roz\u0161\u00ed\u0159ena na trojt\u0159\u00eddku. 1887 &#8211; postavena \u0161kola na Star\u00e9m Zub\u0159\u00ed za 5 200 zlat\u00fdch stavitelem Barab\u00e1\u0161em. Prvn\u00edm spr\u00e1vcem byl pan Michal Majer z Ro\u017enova.1892 &#8211; trojt\u0159\u00eddn\u00ed \u0161kola u kostela roz\u0161\u00ed\u0159ena na \u010dty\u0159t\u0159\u00eddku.1895 &#8211; dostav\u011bna &#8222;horn\u00ed&#8220; \u0161kola &#8211; jednot\u0159\u00eddn\u00ed.1896 &#8211; otev\u0159ena &#8222;horn\u00ed&#8220; \u0161kola. 1900 &#8211; 1945 1905 &#8211; roz\u0161\u00ed\u0159ena &#8222;horn\u00ed&#8220; \u0161kola na dvojt\u0159\u00eddn\u00ed.1908 &#8211; p\u0159istav\u011bna \u0161kola na Star\u00e9m Zub\u0159\u00ed na dvojt\u0159\u00eddn\u00ed.1909 &#8211; roz\u0161\u00ed\u0159ena &#8222;doln\u00ed&#8220; \u0161kola na p\u011btit\u0159\u00eddn\u00ed.1910 &#8211; zapo\u010data p\u0159\u00edstavba 4 u\u010deben p\u0159i &#8222;doln\u00ed&#8220; \u0161kole.1911 &#8211; zapo\u010data v\u00fduka v p\u0159\u00edstavb\u011b &#8222;doln\u00ed&#8220; \u0161koly.1923 &#8211; 24 &#8211; z\u0159\u00edzena Lidov\u00e1 \u0161kola hospod\u00e1\u0159sk\u00e1 pro 15 a 16 letou ml\u00e1de\u017e. Vyu\u010dovalo se 2x t\u00fddn\u011b po 4 hodin\u00e1ch. Vyu\u010dovali v n\u00ed u\u010ditel\u00e9 obecn\u00e9 \u0161koly, pozd\u011bji nov\u011b zalo\u017een\u00e9 \u0161koly m\u011b\u0161\u0165ansk\u00e9, vyu\u010dov\u00e1n\u00ed trvalo 6 m\u011bs\u00edc\u016f &#8211; od listopadu do dubna. \u0160kola trvala a\u017e do \u010dty\u0159ic\u00e1t\u00fdch let.13.10.1923 &#8211; Zemsk\u00fd v\u00fdbor v Brn\u011b dal svolen\u00ed ke z\u0159\u00edzen\u00ed m\u011b\u0161\u0165ansk\u00e9 \u0161koly.8.11.1923 &#8211; zapo\u010dalo vyu\u010dov\u00e1n\u00ed v m\u011b\u0161\u0165ansk\u00e9 \u0161kole, kter\u00e1 byla um\u00edst\u011bna zat\u00edmn\u011b v &#8222;doln\u00ed&#8220; \u0161kole. Zat\u00edmn\u00edm \u0159editelem byl jmenov\u00e1n odborn\u00fd u\u010ditel Augustin \u0160ruba\u0159 z Ro\u017enova. Pozd\u011bji byly pro \u0161kolu pronaj\u00edm\u00e1ny m\u00edstnosti v soukrom\u00fdch budov\u00e1ch &#8211; ve vile u Gregor\u016f.16.10.1932 &#8211; polo\u017een\u00ed z\u00e1kladn\u00edho kamene ke stavb\u011b m\u011b\u0161\u0165ansk\u00e9 \u0161koly. Rozpo\u010det na budovu m\u011b\u0161\u0165ansk\u00e9 \u0161koly s vnit\u0159n\u00edm vybaven\u00edm \u010dinil 1 911 000 K\u010d. Stavbu t\u00e9to \u0161koly prov\u00e1d\u011bli dle pl\u00e1nu architekta Boh. Kupky stavitel\u00e9: Alois Sedl\u00e1\u0159 z Vala\u0161sk\u00e9ho Mezi\u0159\u00ed\u010d\u00ed a Franti\u0161ek Bayer z Ro\u017enova, zedni\u010dt\u00ed a tesa\u0159\u0161t\u00ed mist\u0159i: Sigmund Gregor ze Zub\u0159\u00ed, Inocenc Drda z Vid\u010de, Franti\u0161ek Vl\u010dek ze Za\u0161ov\u00e9. 21.1.1935 &#8211; kolaudace ji\u017en\u00ed \u010d\u00e1sti m\u011b\u0161\u0165ansk\u00e9 \u0161koly.5.2.1935 &#8211; za\u010d\u00edn\u00e1 v ji\u017en\u00edm traktu pravideln\u00e9 vyu\u010dov\u00e1n\u00ed. \u0158editelem \u0161koly je Jan Myn\u00e1\u0159.1935\/36 &#8211; dokon\u010dena stavba v\u00fdchodn\u00edho traktu budovy. \u0160kola m\u00e1 v t\u00e9 dob\u011b 3 t\u0159\u00eddy kmenov\u00e9 a 2 definitivn\u00ed pobo\u010dky p\u0159i I.A a II. t\u0159\u00edd\u011b. \u0160kolu nav\u0161t\u011bvuje 195 \u017e\u00e1k\u016f ( 108 hoch\u016f a 87 d\u00edvek ). \u0158editelem \u0161koly je Jan Myn\u00e1\u0159. Na \u0161kole vyu\u010duje 7 u\u010ditel\u016f.1937 &#8211; dostav\u011bna m\u011b\u0161\u0165ansk\u00e1 \u0161kola. Obec po\u017e\u00e1dala ministerstvo \u0161kolstv\u00ed o prop\u016fj\u010den\u00ed n\u00e1zvu &#8220; Jubilejn\u00ed m\u011b\u0161\u0165ansk\u00e1 \u0161kola T.G. Masaryka &#8222;. \u0160kola byla \u00fajezdn\u00ed pro Zub\u0159\u00ed, St\u0159\u00edte\u017e, Za\u0161ovou.20.5.1938 &#8211; pl\u00e1novan\u00e9 slavnostn\u00ed otev\u0159en\u00ed m\u011b\u0161\u0165ansk\u00e9 \u0161koly, kter\u00e9 bylo pro neklid kolem mobilizace odlo\u017eeno na druhou polovinu z\u00e1\u0159\u00ed.28.9.1938 &#8211; m\u011bla b\u00fdt slavnostn\u011b otev\u0159ena \u0161kola. Ani druh\u00fd term\u00edn otev\u0159en\u00ed \u0161koly nemohl b\u00fdt dodr\u017een. Ministerstvo \u0161kolstv\u00ed jen vydalo souhlas s ud\u011blen\u00edm n\u00e1zvu &#8220; Jubilejn\u00ed \u0161kola T. G. Masaryka &#8222;. 1948 &#8211; 1977 duben 1948 &#8211; vyd\u00e1n a schv\u00e1len nov\u00fd \u0161kolsk\u00fd z\u00e1kon &#8211; o z\u00e1kladn\u00ed \u00faprav\u011b jednotn\u00e9ho \u0161kolstv\u00ed. Jeho proveden\u00edm se dost\u00e1v\u00e1 ml\u00e1de\u017ei bez jak\u00e9hokoliv rozd\u00edlu soci\u00e1ln\u00edho, n\u00e1bo\u017eensk\u00e9ho a pod jednotn\u00e9 v\u00fdchovy a v\u0161eobecn\u00e9ho i odborn\u00e9ho vzd\u011bl\u00e1n\u00ed. M\u011b\u0161\u0165ansk\u00e1 \u0161kola p\u0159ejmenov\u00e1na na \u0161kolu &#8220; st\u0159edn\u00ed &#8220; II. stupn\u011b.duben 1953 &#8211; vyd\u00e1n nov\u00fd \u0161kolsk\u00fd z\u00e1kon &#8220; Z\u00e1kon o \u0161kolsk\u00e9 soustav\u011b a vzd\u011bl\u00e1v\u00e1n\u00ed u\u010ditel\u016f &#8222;. Novou \u0161kolskou soustavou se zav\u00e1d\u00ed jako z\u00e1kladn\u00ed typ \u0161koly &#8211; osmilet\u00e1 st\u0159edn\u00ed \u0161kola &#8211; OS\u0160 pro ml\u00e1de\u017e od 6 do 14 let.1953-54 &#8211; 1. rok nov\u011b organizovan\u00e9 \u0161koly OS\u0160 Organiza\u010dn\u011b vznikl nov\u00fd typ \u0161koly u n\u00e1s splynut\u00edm dosavadn\u00ed st\u0159edn\u00ed \u0161koly a n\u00e1rodn\u00ed \u0161koly &#8220; doln\u00ed &#8222;. Tak vznikla 1.9. 1953 OS\u0160 v osmi postupn\u00fdch ro\u010dn\u00edc\u00edch a \u010dty\u0159ech pobo\u010dk\u00e1ch. Po\u010det \u017e\u00e1k\u016f na \u0161kole: 410 ( 189 chlapc\u016f, 221 d\u00edvek).1960-61 &#8211; 1. rok z\u00e1kladn\u00ed dev\u00edtilet\u00e9 \u0161koly &#8211; ZD\u0160. 31.10.1963 &#8211; slavnostn\u00ed otev\u0159en\u00ed \u0161koln\u00edch d\u00edlen. Mimo dvou u\u010deben pro v\u00fduku d\u00edlen je v budov\u011b sklad materi\u00e1lu, sklad n\u00e1\u0159ad\u00ed a strojovna. Hodnota d\u00edla \u010din\u00ed 130 000 K\u010d.31.12.1974 &#8211; ukon\u010den provoz v budov\u011b &#8220; doln\u00ed &#8220; \u0161koly a ve\u0161ker\u00e1 v\u00fduka soust\u0159ed\u011bna do budovy b\u00fdval\u00e9 m\u011b\u0161\u0165ansk\u00e9 \u0161koly, kter\u00e1 kapacitn\u011b nesta\u010d\u00ed.26.8.1975 &#8211; na KNV se uskute\u010dnilo jedn\u00e1n\u00ed z\u00e1stupc\u016f \u0161kolsk\u00e9ho odboru ONV s pracovn\u00edky KNV o \u0159e\u0161en\u00ed \u0161kolsk\u00e9 situace v Zub\u0159\u00ed. KNV doporu\u010dil, aby stavba 13 t\u0159\u00eddn\u00ed \u0161koly za 15 000 000 K\u010d byla pojata do akce &#8220; Z &#8220; se zapo\u010det\u00edm na ja\u0159e 1977 a dokon\u010den\u00edm v srpnu 1980.1.9.1976 &#8211; \u0161kolsk\u00fd odbor ONV zru\u0161il k 1. z\u00e1\u0159\u00ed ob\u011b obvodov\u00e9 malot\u0159\u00eddn\u00ed \u0161koly a budovy p\u0159evzala k u\u017e\u00edv\u00e1n\u00ed ZD\u0160. Sm\u011bnuj\u00ed v\u0161echny t\u0159\u00eddy 1.-5. ro\u010dn\u00edku. Do obou budov se dov\u00e1\u017eej\u00ed \u017e\u00e1ci na sm\u011bnn\u00e9 vyu\u010dov\u00e1n\u00ed. Zapo\u010dala v\u00fduka podle nov\u00e9 koncepce.12.4.1977 &#8211; zah\u00e1jeny p\u0159\u00edpravn\u00e9 pr\u00e1ce na stavb\u011b nov\u00e9 \u0161koly.7.9.1977 &#8211; Usnesen\u00edm vl\u00e1dy \u010d. 268 ze dne 7. z\u00e1\u0159\u00ed 1977 byla vl\u00e1dou \u010cSR odsouhlasena v\u00fdstavba \u0161koly v Zub\u0159\u00ed n\u00e1kladem 16 168 000 K\u010d ( v\u010detn\u011b projektu ). Hodnota budovy 14 896 000 K\u010d, finan\u010dn\u00ed n\u00e1klad 12 656 000 K\u010d. Sv\u00e9pomoci nutno vytvo\u0159it hodnotu d\u00edla 2 240 000 K\u010d. 1977 &#8211; 1989 30.8.1980 &#8211; slavnostn\u00ed otev\u0159en\u00ed \u0161koly spojen\u00e9 s prohl\u00eddkou \u0161koly. Otev\u0159en\u00edm \u0161koly byly d\u00e1ny do u\u017e\u00edv\u00e1n\u00ed u\u010debn\u00ed pavilony a \u0161koln\u00ed j\u00eddelna. Nedokon\u010deny z\u016fstaly objekty spojovac\u00ed chodba a t\u011blocvi\u010dna.1980-81 &#8211; v tomto \u0161koln\u00edm roce m\u00e1 \u0161kola 26 t\u0159\u00edd, 768 \u017e\u00e1k\u016f, 38 u\u010ditel\u016f, 3 vychovatelky \u0161koln\u00ed dru\u017einy, 1 skupinovou vedouc\u00ed.srpen 1983 &#8211; dokon\u010deno vybavov\u00e1n\u00ed, mont\u00e1\u017en\u00ed a n\u00e1t\u011brov\u00e9 pr\u00e1ce v t\u011blocvi\u010dn\u011b. 1989 &#8211; 2004 1.1.2001- Obec Zub\u0159\u00ed z\u0159izuje Z\u0160 jako p\u0159\u00edsp\u011bvkovou organizaci. Z\u00e1kladn\u00ed \u0161kola je pr\u00e1vn\u00edm subjektem. \u0158editel\u00e9 M\u011b\u0161\u0165ansk\u00e9 a Z\u00e1kladn\u00ed \u0161koly v Zub\u0159\u00ed Augustin \u0160ruba\u0159 1923 \u2013 1928 prvn\u00ed \u0159editel m\u011b\u0161\u0165ansk\u00e9 \u0161koly Jo\u017ea Fraczek 1928 \u2013 1932 \u0159editel m\u011b\u0161\u0165ansk\u00e9 \u0161koly Jan Myn\u00e1\u0159 1.8.1932 &#8211; 31.5.1939 \u0159editel m\u011b\u0161\u0165ansk\u00e9 \u0161koly Gustav Pile\u010dka 1.6.1939 &#8211; 4.10.1939 \u0159editel m\u011b\u0161\u0165ansk\u00e9 \u0161koly Josef Hube\u0148\u00e1k 5.10.1939 &#8211; 15.8.1941 \u0159editel m\u011b\u0161\u0165ansk\u00e9 \u0161koly Jaroslav Je\u017e\u00ed\u0161ek 16.8.1941 &#8211; 31.10.1941 odb. u\u010ditel pov\u011b\u0159en\u00fd spr\u00e1vou \u0161koly Gustav Pile\u010dka 1.11.1941 &#8211; 31.8.1952 \u0159editel m\u011b\u0161\u0165ansk\u00e9 a st\u0159edn\u00ed \u0161koly Bohumil \u0158ezn\u00ed\u010dek 1.9.1952 &#8211; 31.8.1964 \u0159editel OS\u0160 a ZD\u0160 Josef Kubi\u0161 1.9.1964 &#8211; 7.1.1985 \u0159editel ZD\u0160 Milan Chumchal 8.1.1985 &#8211; 1.5.1991 \u0159editel Z\u0160 Zde\u0148ka Jano\u0161kov\u00e1 2.5.1991 &#8211; 10.2.1992 pov\u011b\u0159ena \u0159\u00edzen\u00edm \u0161koly Zde\u0148ka Jano\u0161kov\u00e1 11.2.1992 &#8211; 31.7.2002 \u0159editelka Z\u0160 Stanislav Petru\u017eela 1.8.2002 \u2013 31.07.2023 ( v letech 2014 &#8211; 2018 byl uvoln\u011bn d\u016fvod\u016f v\u00fdkonu funkce m\u00edstostarosty a statut\u00e1rn\u00edm z\u00e1stupcem \u0161koly byl Tom\u00e1\u0161 Rand\u00fdsek) Tom\u00e1\u0161 Rand\u00fdsek 01.08.2023 &#8211; dosud<\/p>\n","protected":false},"author":1,"featured_media":0,"parent":30,"menu_order":0,"comment_status":"closed","ping_status":"closed","template":"","meta":{"ngg_post_thumbnail":0,"footnotes":""},"acf":[],"_links":{"self":[{"href":"https:\/\/www.zszubri.cz\/index.php?rest_route=\/wp\/v2\/pages\/78"}],"collection":[{"href":"https:\/\/www.zszubri.cz\/index.php?rest_route=\/wp\/v2\/pages"}],"about":[{"href":"https:\/\/www.zszubri.cz\/index.php?rest_route=\/wp\/v2\/types\/page"}],"author":[{"embeddable":true,"href":"https:\/\/www.zszubri.cz\/index.php?rest_route=\/wp\/v2\/users\/1"}],"replies":[{"embeddable":true,"href":"https:\/\/www.zszubri.cz\/index.php?rest_route=%2Fwp%2Fv2%2Fcomments&post=78"}],"version-history":[{"count":3,"href":"https:\/\/www.zszubri.cz\/index.php?rest_route=\/wp\/v2\/pages\/78\/revisions"}],"predecessor-version":[{"id":20926,"href":"https:\/\/www.zszubri.cz\/index.php?rest_route=\/wp\/v2\/pages\/78\/revisions\/20926"}],"up":[{"embeddable":true,"href":"https:\/\/www.zszubri.cz\/index.php?rest_route=\/wp\/v2\/pages\/30"}],"wp:attachment":[{"href":"https:\/\/www.zszubri.cz\/index.php?rest_route=%2Fwp%2Fv2%2Fmedia&parent=78"}],"curies":[{"name":"wp","href":"https:\/\/api.w.org\/{rel}","templated":true}]}}