{"id":85,"date":"2013-03-21T16:03:35","date_gmt":"2013-03-21T16:03:35","guid":{"rendered":"http:\/\/www.zszubri.cz\/?page_id=85"},"modified":"2021-08-08T13:54:50","modified_gmt":"2021-08-08T11:54:50","slug":"stonozka","status":"publish","type":"page","link":"https:\/\/www.zszubri.cz\/?page_id=85","title":{"rendered":"STONO\u017dKA"},"content":{"rendered":"<p><strong>STONO\u017dKA &#8211; hnut\u00ed Na vlastn\u00edch nohou<\/strong><\/p>\n<p>Hnut\u00ed &#8222;Na vlastn\u00edch nohou&#8220; zalo\u017eila v roce 1990 pan\u00ed B\u011bla Gran Jensen, Norka \u010desk\u00e9ho p\u016fvodu. P\u016fvodn\u011b \u0161lo jen o prodej obr\u00e1zk\u016f a v\u00e1no\u010dn\u00edch p\u0159\u00e1n\u00ed, kter\u00e9 malovaly d\u011bti. Pen\u00edze byly v\u011bnov\u00e1ny d\u011btsk\u00fdm nemocnic\u00edm a jin\u00fdm zdravotnick\u00fdm za\u0159\u00edzen\u00edm na n\u00e1kup pot\u0159ebn\u00e9ho vybaven\u00ed. Postupem \u010dasu se \u010dinnost hnut\u00ed rozrostla o dal\u0161\u00ed aktivity a do hnut\u00ed se zapojilo mno\u017estv\u00ed \u0161kol v \u010cR, ale i v jin\u00fdch zem\u00edch. D\u011bti pom\u00e1haj\u00ed sv\u00fdm m\u00e9n\u011b \u0161\u0165astn\u00fdm kamar\u00e1d\u016fm ve v\u00e1lkou posti\u017een\u00e9m Kosovu, Ir\u00e1ku, ale nezapom\u00ednaj\u00ed ani na nemocn\u00e9 a posti\u017een\u00e9 d\u011bti v \u010cesku. V posledn\u00edch letech s hnut\u00edm aktivn\u011b spolupracuje \u010cA a jednotky KFOR a SFOR. Mezi patrony hnut\u00ed pat\u0159\u00ed v\u00fdznamn\u00e9 osobnosti, nap\u0159. norsk\u00e1 kr\u00e1lovna Sonja, lord G. Robertson, b\u00fdval\u00fd gen. tajemn\u00edk NATO, a b\u00fdval\u00fd prezident V\u00e1clav Havel.<\/p>\n<p>Zubersk\u00e1 \u0161kola se stala sou\u010d\u00e1st\u00ed hnut\u00ed v roce 1992, kdy d\u011bti poprv\u00e9 namalovaly a poslaly Stono\u017ece v\u00e1no\u010dn\u00ed p\u0159\u00e1n\u00ed. V posledn\u00edch letech se na\u0161e spolupr\u00e1ce s hnut\u00edm stala pravidelnou.<\/p>\n<p>Akce Z\u0160 Zub\u0159\u00ed:<\/p>\n<ul>\n<li><a href=\"http:\/\/79.127.207.211\/zszubri\/archiv\/skola\/projekty04X.html\">obdob\u00ed 1999\/2005<\/a><\/li>\n<li><a href=\"http:\/\/79.127.207.211\/zszubri\/archiv\/skola\/projekty05X.html\">rok 2006<\/a><\/li>\n<li><a href=\"http:\/\/79.127.207.211\/zszubri\/archiv\/skola\/projekty06X.html\">rok 2007\/2008<\/a><\/li>\n<li><a href=\"http:\/\/79.127.207.211\/zszubri\/archiv\/skola\/projekty07X.html\">rok 2008\/2009<\/a><\/li>\n<li><a href=\"http:\/\/79.127.207.211\/zszubri\/archiv\/skola\/projekty08X.html\">rok 2009\/2010<\/a><\/li>\n<li><a href=\"http:\/\/79.127.207.211\/zszubri\/archiv\/skola\/projekty09X.html\">rok 2010\/2011<\/a><\/li>\n<li><a href=\"http:\/\/79.127.207.211\/zszubri\/archiv\/skola\/projekty10X.html\">rok 2011\/2012<\/a><\/li>\n<li><a title=\"Stono\u017eka 2013\" href=\"http:\/\/79.127.207.211\/zszubri\/archiv\/skola\/projekty11X.htm\" target=\"_blank\" rel=\"noopener noreferrer\">rok 2012\/2013<\/a><\/li>\n<li><a title=\"Stono\u017eka 2014\" href=\"http:\/\/79.127.207.211\/zszubri\/2014\/query_7095CF55\" target=\"_blank\" rel=\"noopener noreferrer\">rok 2013\/2014<\/a><\/li>\n<li><a title=\"STONO\u017dKA \u2013 2014 \u2013 2015\" href=\"http:\/\/www.zszubri.cz\/?page_id=4758\" target=\"_blank\" rel=\"noopener noreferrer\">rok 2014\/2015<\/a><\/li>\n<li><a title=\"STONO\u017dKA 2015 \u2013 2016\" href=\"http:\/\/www.zszubri.cz\/?page_id=4940\">rok 2015\/2016<\/a><\/li>\n<li>r<a href=\"http:\/\/www.zszubri.cz\/?page_id=5645\" target=\"_blank\" rel=\"noopener noreferrer\">ok 2016\/2017<\/a><\/li>\n<\/ul>\n<p>V\u00edce p\u0159\u00edsp\u011bvk\u016f naleznete pomoc\u00ed kl\u00ed\u010dov\u00e9ho slova Stono\u017eka ve vyhled\u00e1va\u010di \u0161koln\u00edho webu.<\/p>\n<p>V\u00edce se o hnut\u00ed &#8222;Na vlastn\u00edch nohou&#8220; a jeho aktivit\u00e1ch dozv\u00edte na <a href=\"http:\/\/www.stonozka.org\">http:\/\/www.stonozka.org<\/a><\/p>\n<p style=\"text-align: left;\">Ofici\u00e1ln\u00ed znak hnut\u00ed&nbsp;<a href=\"http:\/\/www.zszubri.cz\/wp-content\/uploads\/2013\/03\/offznak.jpg\"><img decoding=\"async\" loading=\"lazy\" class=\"alignnone size-full wp-image-1481\" src=\"http:\/\/www.zszubri.cz\/wp-content\/uploads\/2013\/03\/offznak.jpg\" alt=\"offznak\" width=\"101\" height=\"39\"><\/a><\/p>\n<p>&nbsp;<\/p>\n","protected":false},"excerpt":{"rendered":"<p>STONO\u017dKA &#8211; hnut\u00ed Na vlastn\u00edch nohou Hnut\u00ed &#8222;Na vlastn\u00edch nohou&#8220; zalo\u017eila v roce 1990 pan\u00ed B\u011bla Gran Jensen, Norka \u010desk\u00e9ho p\u016fvodu. P\u016fvodn\u011b \u0161lo jen o prodej obr\u00e1zk\u016f a v\u00e1no\u010dn\u00edch p\u0159\u00e1n\u00ed, kter\u00e9 malovaly d\u011bti. Pen\u00edze byly v\u011bnov\u00e1ny d\u011btsk\u00fdm nemocnic\u00edm a jin\u00fdm zdravotnick\u00fdm za\u0159\u00edzen\u00edm na n\u00e1kup pot\u0159ebn\u00e9ho vybaven\u00ed. Postupem \u010dasu se \u010dinnost hnut\u00ed rozrostla o dal\u0161\u00ed aktivity a do hnut\u00ed se zapojilo mno\u017estv\u00ed \u0161kol v \u010cR, ale i v jin\u00fdch zem\u00edch. D\u011bti pom\u00e1haj\u00ed sv\u00fdm m\u00e9n\u011b \u0161\u0165astn\u00fdm kamar\u00e1d\u016fm ve v\u00e1lkou posti\u017een\u00e9m Kosovu, Ir\u00e1ku, ale nezapom\u00ednaj\u00ed ani na nemocn\u00e9 a posti\u017een\u00e9 d\u011bti v \u010cesku. V posledn\u00edch letech s hnut\u00edm aktivn\u011b spolupracuje \u010cA a jednotky KFOR a SFOR. Mezi patrony hnut\u00ed pat\u0159\u00ed v\u00fdznamn\u00e9 osobnosti, nap\u0159. norsk\u00e1 kr\u00e1lovna Sonja, lord G. Robertson, b\u00fdval\u00fd gen. tajemn\u00edk NATO, a b\u00fdval\u00fd prezident V\u00e1clav Havel. Zubersk\u00e1 \u0161kola se stala sou\u010d\u00e1st\u00ed hnut\u00ed v roce 1992, kdy d\u011bti poprv\u00e9 namalovaly a poslaly Stono\u017ece v\u00e1no\u010dn\u00ed p\u0159\u00e1n\u00ed. V posledn\u00edch letech se na\u0161e spolupr\u00e1ce s hnut\u00edm stala pravidelnou. Akce Z\u0160 Zub\u0159\u00ed: obdob\u00ed 1999\/2005 rok 2006 rok 2007\/2008 rok 2008\/2009 rok 2009\/2010 rok 2010\/2011 rok 2011\/2012 rok 2012\/2013 rok 2013\/2014 rok 2014\/2015 rok 2015\/2016 rok 2016\/2017 V\u00edce p\u0159\u00edsp\u011bvk\u016f naleznete pomoc\u00ed kl\u00ed\u010dov\u00e9ho slova Stono\u017eka ve vyhled\u00e1va\u010di \u0161koln\u00edho webu. V\u00edce se o hnut\u00ed &#8222;Na vlastn\u00edch nohou&#8220; a jeho aktivit\u00e1ch dozv\u00edte na http:\/\/www.stonozka.org Ofici\u00e1ln\u00ed znak hnut\u00ed&nbsp; &nbsp;<\/p>\n","protected":false},"author":1,"featured_media":0,"parent":30,"menu_order":0,"comment_status":"closed","ping_status":"closed","template":"","meta":{"ngg_post_thumbnail":0,"footnotes":""},"acf":[],"_links":{"self":[{"href":"https:\/\/www.zszubri.cz\/index.php?rest_route=\/wp\/v2\/pages\/85"}],"collection":[{"href":"https:\/\/www.zszubri.cz\/index.php?rest_route=\/wp\/v2\/pages"}],"about":[{"href":"https:\/\/www.zszubri.cz\/index.php?rest_route=\/wp\/v2\/types\/page"}],"author":[{"embeddable":true,"href":"https:\/\/www.zszubri.cz\/index.php?rest_route=\/wp\/v2\/users\/1"}],"replies":[{"embeddable":true,"href":"https:\/\/www.zszubri.cz\/index.php?rest_route=%2Fwp%2Fv2%2Fcomments&post=85"}],"version-history":[{"count":18,"href":"https:\/\/www.zszubri.cz\/index.php?rest_route=\/wp\/v2\/pages\/85\/revisions"}],"predecessor-version":[{"id":18508,"href":"https:\/\/www.zszubri.cz\/index.php?rest_route=\/wp\/v2\/pages\/85\/revisions\/18508"}],"up":[{"embeddable":true,"href":"https:\/\/www.zszubri.cz\/index.php?rest_route=\/wp\/v2\/pages\/30"}],"wp:attachment":[{"href":"https:\/\/www.zszubri.cz\/index.php?rest_route=%2Fwp%2Fv2%2Fmedia&parent=85"}],"curies":[{"name":"wp","href":"https:\/\/api.w.org\/{rel}","templated":true}]}}