{"id":8668,"date":"2019-06-21T17:31:21","date_gmt":"2019-06-21T15:31:21","guid":{"rendered":"http:\/\/www.zszubri.cz\/?page_id=8668"},"modified":"2025-08-20T22:09:45","modified_gmt":"2025-08-20T20:09:45","slug":"dokumenty-sj","status":"publish","type":"page","link":"https:\/\/www.zszubri.cz\/?page_id=8668","title":{"rendered":"DOKUMENTY \u0160J"},"content":{"rendered":"\n<p>Zde naleznet dokumenty ke sta\u017een\u00ed &#8211; \u0160J v platn\u00e9 verzi:<\/p>\n\n\n\n<div class=\"wp-block-file\"><a id=\"wp-block-file--media-31477f84-eab6-447a-ae0d-7fbe36ad664a\" href=\"https:\/\/www.zszubri.cz\/wp-content\/uploads\/2019\/06\/P\u0159ihl\u00e1\u0161ka-k-z\u00e1vodn\u00edmu-stravov\u00e1n\u00ed_GDPR.doc\">P\u0159ihl\u00e1\u0161ka k z\u00e1vodn\u00edmu stravov\u00e1n\u00ed_ZAM\u011aSTNANCI<\/a><a href=\"https:\/\/www.zszubri.cz\/wp-content\/uploads\/2019\/06\/P\u0159ihl\u00e1\u0161ka-k-z\u00e1vodn\u00edmu-stravov\u00e1n\u00ed_GDPR.doc\" class=\"wp-block-file__button wp-element-button\" download aria-describedby=\"wp-block-file--media-31477f84-eab6-447a-ae0d-7fbe36ad664a\">St\u00e1hnout<\/a><\/div>\n\n\n\n<div class=\"wp-block-file\"><a id=\"wp-block-file--media-93dbb831-3b9e-42a3-b565-eeed7ea16393\" href=\"https:\/\/www.zszubri.cz\/wp-content\/uploads\/2019\/06\/P\u0159ihl\u00e1\u0161ka-ke-stravovac\u00edm-slu\u017eb\u00e1m_GDPR.doc\">P\u0159ihl\u00e1\u0161ka ke stravovac\u00edm slu\u017eb\u00e1m OSTATN\u00cd STR\u00c1VNICI<\/a><a href=\"https:\/\/www.zszubri.cz\/wp-content\/uploads\/2019\/06\/P\u0159ihl\u00e1\u0161ka-ke-stravovac\u00edm-slu\u017eb\u00e1m_GDPR.doc\" class=\"wp-block-file__button wp-element-button\" download aria-describedby=\"wp-block-file--media-93dbb831-3b9e-42a3-b565-eeed7ea16393\">St\u00e1hnout<\/a><\/div>\n\n\n\n<div class=\"wp-block-file\"><a id=\"wp-block-file--media-1a27033f-e93d-45fd-b706-40fbfea10111\" href=\"https:\/\/www.zszubri.cz\/wp-content\/uploads\/2019\/06\/P\u0159ihl\u00e1\u0161ka-ke-\u0161koln\u00edmu-stravov\u00e1n\u00ed_\u017e\u00e1ci_GDPR.doc\">P\u0159ihl\u00e1\u0161ka ke \u0161koln\u00edmu stravov\u00e1n\u00ed_\u017d\u00c1CI<\/a><a href=\"https:\/\/www.zszubri.cz\/wp-content\/uploads\/2019\/06\/P\u0159ihl\u00e1\u0161ka-ke-\u0161koln\u00edmu-stravov\u00e1n\u00ed_\u017e\u00e1ci_GDPR.doc\" class=\"wp-block-file__button wp-element-button\" download aria-describedby=\"wp-block-file--media-1a27033f-e93d-45fd-b706-40fbfea10111\">St\u00e1hnout<\/a><\/div>\n\n\n\n\n\n<div class=\"wp-block-file\"><a id=\"wp-block-file--media-60c01348-6378-4480-b374-b19d4e2c20e3\" href=\"https:\/\/www.zszubri.cz\/wp-content\/uploads\/2025\/08\/vnitrni-rad.docx\">vnitrni-rad-SJ<\/a><a href=\"https:\/\/www.zszubri.cz\/wp-content\/uploads\/2025\/08\/vnitrni-rad.docx\" class=\"wp-block-file__button wp-element-button\" download aria-describedby=\"wp-block-file--media-60c01348-6378-4480-b374-b19d4e2c20e3\">St\u00e1hnout<\/a><\/div>\n","protected":false},"excerpt":{"rendered":"<p>Zde naleznet dokumenty ke sta\u017een\u00ed &#8211; \u0160J v platn\u00e9 verzi:<\/p>\n","protected":false},"author":1,"featured_media":0,"parent":0,"menu_order":0,"comment_status":"closed","ping_status":"closed","template":"","meta":{"ngg_post_thumbnail":0,"footnotes":""},"acf":[],"_links":{"self":[{"href":"https:\/\/www.zszubri.cz\/index.php?rest_route=\/wp\/v2\/pages\/8668"}],"collection":[{"href":"https:\/\/www.zszubri.cz\/index.php?rest_route=\/wp\/v2\/pages"}],"about":[{"href":"https:\/\/www.zszubri.cz\/index.php?rest_route=\/wp\/v2\/types\/page"}],"author":[{"embeddable":true,"href":"https:\/\/www.zszubri.cz\/index.php?rest_route=\/wp\/v2\/users\/1"}],"replies":[{"embeddable":true,"href":"https:\/\/www.zszubri.cz\/index.php?rest_route=%2Fwp%2Fv2%2Fcomments&post=8668"}],"version-history":[{"count":15,"href":"https:\/\/www.zszubri.cz\/index.php?rest_route=\/wp\/v2\/pages\/8668\/revisions"}],"predecessor-version":[{"id":23493,"href":"https:\/\/www.zszubri.cz\/index.php?rest_route=\/wp\/v2\/pages\/8668\/revisions\/23493"}],"wp:attachment":[{"href":"https:\/\/www.zszubri.cz\/index.php?rest_route=%2Fwp%2Fv2%2Fmedia&parent=8668"}],"curies":[{"name":"wp","href":"https:\/\/api.w.org\/{rel}","templated":true}]}}