{"id":8974,"date":"2019-09-01T10:44:05","date_gmt":"2019-09-01T08:44:05","guid":{"rendered":"http:\/\/www.zszubri.cz\/?page_id=8974"},"modified":"2019-09-08T12:11:44","modified_gmt":"2019-09-08T10:11:44","slug":"sablony-2","status":"publish","type":"page","link":"https:\/\/www.zszubri.cz\/?page_id=8974","title":{"rendered":"\u0160ABLONY 2"},"content":{"rendered":"\n<ul>\n<li><a href=\"http:\/\/www.zszubri.cz\/?page_id=8991\">DOKUMENTACE PROJEKTU PRO PP<\/a><\/li>\n<li>INFORMACE PRO PP<\/li>\n<li>P\u0158\u00cdRU\u010cKA PP: <a href=\"http:\/\/www.zszubri.cz\/wp-content\/uploads\/2019\/09\/Priloha_c_3_Prehled_sablon.pdf\">Priloha_c_3_Prehled_sablon<\/a><\/li>\n<li>LEGISLATIVN\u00cd AKTY<\/li>\n<li>OBECN\u00c9 INFORMACE<\/li>\n<li><a href=\"https:\/\/www.zszubri.cz\/?page_id=9004\">PR\u016eB\u011aH PROJEKTU<\/a><\/li>\n<li><a href=\"https:\/\/www.zszubri.cz\/?page_id=6383\" target=\"_blank\" rel=\"noopener noreferrer\">POVINN\u00c1 PUBLICITA<\/a><\/li>\n<\/ul>\n","protected":false},"excerpt":{"rendered":"","protected":false},"author":1,"featured_media":0,"parent":0,"menu_order":0,"comment_status":"closed","ping_status":"closed","template":"","meta":{"ngg_post_thumbnail":0,"footnotes":""},"acf":[],"_links":{"self":[{"href":"https:\/\/www.zszubri.cz\/index.php?rest_route=\/wp\/v2\/pages\/8974"}],"collection":[{"href":"https:\/\/www.zszubri.cz\/index.php?rest_route=\/wp\/v2\/pages"}],"about":[{"href":"https:\/\/www.zszubri.cz\/index.php?rest_route=\/wp\/v2\/types\/page"}],"author":[{"embeddable":true,"href":"https:\/\/www.zszubri.cz\/index.php?rest_route=\/wp\/v2\/users\/1"}],"replies":[{"embeddable":true,"href":"https:\/\/www.zszubri.cz\/index.php?rest_route=%2Fwp%2Fv2%2Fcomments&post=8974"}],"version-history":[{"count":6,"href":"https:\/\/www.zszubri.cz\/index.php?rest_route=\/wp\/v2\/pages\/8974\/revisions"}],"predecessor-version":[{"id":9006,"href":"https:\/\/www.zszubri.cz\/index.php?rest_route=\/wp\/v2\/pages\/8974\/revisions\/9006"}],"wp:attachment":[{"href":"https:\/\/www.zszubri.cz\/index.php?rest_route=%2Fwp%2Fv2%2Fmedia&parent=8974"}],"curies":[{"name":"wp","href":"https:\/\/api.w.org\/{rel}","templated":true}]}}